




{"id":3116,"date":"2024-10-06T21:28:41","date_gmt":"2024-10-06T21:28:41","guid":{"rendered":"https:\/\/dev.jazzywalls.com\/terms-conditions\/"},"modified":"2024-11-07T09:24:14","modified_gmt":"2024-11-07T09:24:14","slug":"terms-conditions","status":"publish","type":"page","link":"https:\/\/dev.jazzywalls.com\/sv\/terms-conditions\/","title":{"rendered":"K\u00f6pvillkor"},"content":{"rendered":"<div class=\"wpb-content-wrapper\">[vc_row et_column_align=&#8221;align-center&#8221; css=&#8221;.vc_custom_1579121915525{padding-top: 60px !important;padding-bottom: 40px !important;}&#8221;][vc_column animation=&#8221;animation bottom-to-top&#8221; offset=&#8221;vc_col-lg-8&#8243;][vc_row_inner et_column_align=&#8221;align-center&#8221;][vc_column_inner][vc_column_text css=&#8221;&#8221;]V\u00e4lkommen till Jazzy Walls Sthlm! Genom att g\u00e5 in p\u00e5 eller k\u00f6pa fr\u00e5n v\u00e5r webbplats godk\u00e4nner du f\u00f6ljande villkor. V\u00e4nligen l\u00e4s dem noggrant.[\/vc_column_text][\/vc_column_inner][\/vc_row_inner][\/vc_column][\/vc_row][vc_row css=&#8221;.vc_custom_1579122531020{padding-top: 40px !important;padding-bottom: 40px !important;}&#8221;][vc_column offset=&#8221;vc_col-lg-offset-1 vc_col-lg-3&#8243;][vc_column_text css=&#8221;&#8221;]\n<h3>Allm\u00e4n information<\/h3>\n[\/vc_column_text][vc_empty_space][\/vc_column][vc_column offset=&#8221;vc_col-lg-6&#8243;][vc_column_text css=&#8221;&#8221;]Jazzy Walls Sthlm (nedan kallad &#8221;vi&#8221;, &#8221;v\u00e5r&#8221; eller &#8221;butiken&#8221;) erbjuder h\u00f6gkvalitativa Art prints on demand. Varje best\u00e4llning behandlas vid k\u00f6pet och uppfylls av v\u00e5ra tryckpartners, som har tryckerier runt om i v\u00e4rlden. Detta m\u00f6jligg\u00f6r effektiva leveranstider och optimerade fraktkostnader. Genom att k\u00f6pa fr\u00e5n v\u00e5r butik samtycker du till att f\u00f6lja dessa villkor och best\u00e4mmelser.[\/vc_column_text][\/vc_column][\/vc_row][vc_row css=&#8221;.vc_custom_1579122536406{padding-bottom: 40px !important;}&#8221;][vc_column offset=&#8221;vc_col-lg-offset-1 vc_col-lg-3&#8243;][vc_column_text css=&#8221;&#8221;]\n<h3>Print on demand<\/h3>\n[\/vc_column_text][vc_empty_space][\/vc_column][vc_column offset=&#8221;vc_col-lg-6&#8243;][vc_column_text css=&#8221;&#8221;]Alla produkter som finns att k\u00f6pa p\u00e5 v\u00e5r webbplats trycks via &#8221;Print on demand&#8221;. Det inneb\u00e4r att varje Art print trycks efter att din best\u00e4llning har gjorts, vilket g\u00f6r att vi kan erbjuda ett brett utbud av Art prints utan att beh\u00f6va stora lager. Observera att eftersom varje Art print \u00e4r skr\u00e4ddarsydd kan produktionstiderna variera beroende p\u00e5 efterfr\u00e5gan och produktens karakt\u00e4r.<\/p>\n<p>Viktigt: Eftersom alla produkter tillverkas specifikt f\u00f6r varje kund kan de inte returneras f\u00f6r \u00e5terbetalning eller bytas ut om de inte \u00e4r defekta eller skadade. V\u00e4nligen granska dina val noggrant innan du slutf\u00f6r ditt k\u00f6p.[\/vc_column_text][\/vc_column][\/vc_row][vc_row css=&#8221;.vc_custom_1579122542185{padding-bottom: 40px !important;}&#8221;][vc_column offset=&#8221;vc_col-lg-offset-1 vc_col-lg-3&#8243;][vc_column_text css=&#8221;&#8221;]\n<h3>Frakt &amp; leverans<\/h3>\n[\/vc_column_text][vc_empty_space][\/vc_column][vc_column offset=&#8221;vc_col-lg-6&#8243;][vc_tta_accordion active_section=&#8221;1&#8243; style=&#8221;style2&#8243;][vc_tta_section title=&#8221;Lokal leverans&#8221; tab_id=&#8221;1554865954832-7b4f4f32-3205&#8243;][vc_column_text css=&#8221;&#8221;]Vi samarbetar med ett globalt n\u00e4tverk av tryckerier f\u00f6r att kunna leverera dina best\u00e4llningar. N\u00e4r det \u00e4r m\u00f6jligt trycks din best\u00e4llning p\u00e5 ett tryckeri som ligger n\u00e4rmast din leveransadress, vilket ger snabbare leverans och l\u00e4gre fraktkostnader. Den h\u00e4r effektiva leveransmetoden bidrar ocks\u00e5 till att minimera v\u00e5rt koldioxidavtryck genom att minska antalet l\u00e5ngv\u00e4ga transporter.[\/vc_column_text][\/vc_tta_section][vc_tta_section title=&#8221;Fraktkostnader&#8221; tab_id=&#8221;1554865954888-c3d499b3-2d6e&#8221;][vc_column_text css=&#8221;&#8221;]Fraktkostnader ber\u00e4knas baserat p\u00e5 din plats och n\u00e4rmaste leveranscenter. Alla fraktkostnader visas under kassaprocessen. V\u00e4nligen se till att r\u00e4tt leveransadress anges, eftersom vi inte ansvarar f\u00f6r varor som skickas till felaktiga eller ofullst\u00e4ndiga adresser.[\/vc_column_text][\/vc_tta_section][vc_tta_section title=&#8221;Leveranstider&#8221; tab_id=&#8221;1554865954966-a58332cc-34e7&#8243;][vc_column_text css=&#8221;&#8221;]Leveranstiderna varierar beroende p\u00e5 var du befinner dig och hur n\u00e4ra det \u00e4r till n\u00e4rmaste tryckeri. Uppskattade leveranstider anges i kassan, men dessa \u00e4r uppskattningar och inga garantier. Faktorer som tullf\u00f6rseningar eller kurirproblem kan p\u00e5verka leveranstiden.[\/vc_column_text][\/vc_tta_section][\/vc_tta_accordion][\/vc_column][\/vc_row][vc_row css=&#8221;.vc_custom_1579122536406{padding-bottom: 40px !important;}&#8221;][vc_column offset=&#8221;vc_col-lg-offset-1 vc_col-lg-3&#8243;][vc_column_text css=&#8221;&#8221;]\n<h3>Betalningar<\/h3>\n[\/vc_column_text][vc_empty_space][\/vc_column][vc_column offset=&#8221;vc_col-lg-6&#8243;][vc_column_text css=&#8221;&#8221;]Vi accepterar st\u00f6rre kredit- och betalkort samt andra elektroniska betalningsmetoder som anges i kassan. Alla betalningar behandlas p\u00e5 ett s\u00e4kert s\u00e4tt och vi lagrar inte dina betalningsuppgifter p\u00e5 v\u00e5ra servrar.[\/vc_column_text][vc_tta_accordion active_section=&#8221;1&#8243; style=&#8221;style2&#8243;][vc_tta_section title=&#8221;Valuta&#8221; tab_id=&#8221;1728633416899-59970273-6094&#8243;][vc_column_text css=&#8221;&#8221;]Alla priser som anges p\u00e5 webbplatsen \u00e4r i svenska kronor. Om ditt bankkonto eller kreditkort anv\u00e4nder en annan valuta kan du bli f\u00f6rem\u00e5l f\u00f6r valutakonverteringsavgifter.[\/vc_column_text][\/vc_tta_section][vc_tta_section title=&#8221;Skatter och avgifter&#8221; tab_id=&#8221;1728633416915-61d87d8f-2aad&#8221;][vc_column_text css=&#8221;&#8221;]Lokala skatter och importavgifter kan tillkomma f\u00f6r internationella best\u00e4llningar och \u00e4r kundens ansvar. Dessa avgifter ing\u00e5r inte i produktpriset eller fraktavgifterna.[\/vc_column_text][\/vc_tta_section][\/vc_tta_accordion][\/vc_column][\/vc_row][vc_row css=&#8221;.vc_custom_1579122536406{padding-bottom: 40px !important;}&#8221;][vc_column offset=&#8221;vc_col-lg-offset-1 vc_col-lg-3&#8243;][vc_column_text css=&#8221;&#8221;]\n<h3>Returer och \u00e5terbetalningar<\/h3>\n[\/vc_column_text][vc_empty_space][\/vc_column][vc_column offset=&#8221;vc_col-lg-6&#8243;][vc_column_text css=&#8221;&#8221;]P\u00e5 grund av att v\u00e5ra produkter \u00e4r specialtillverkade accepterar vi inte returer eller byten om inte varan \u00e4r defekt, skadad eller felaktig.[\/vc_column_text][vc_tta_accordion active_section=&#8221;1&#8243; style=&#8221;style2&#8243;][vc_tta_section title=&#8221;Skadade eller defekta produkter&#8221; tab_id=&#8221;1728633504356-c33b906a-d50e&#8221;][vc_column_text css=&#8221;&#8221;]Om du f\u00e5r en skadad eller defekt produkt, v\u00e4nligen kontakta oss inom 14 dagar efter mottagandet av varan p\u00e5 hello@jazzywalls.com med dina best\u00e4llningsuppgifter och foton av skadan. Vi kommer att arbeta med dig f\u00f6r att tillhandah\u00e5lla en ers\u00e4ttning eller \u00e5terbetalning.[\/vc_column_text][\/vc_tta_section][\/vc_tta_accordion][\/vc_column][\/vc_row][vc_row css=&#8221;.vc_custom_1579122536406{padding-bottom: 40px !important;}&#8221;][vc_column offset=&#8221;vc_col-lg-offset-1 vc_col-lg-3&#8243;][vc_column_text css=&#8221;&#8221;]\n<h3>Immateriella r\u00e4ttigheter<\/h3>\n[\/vc_column_text][vc_empty_space][\/vc_column][vc_column offset=&#8221;vc_col-lg-6&#8243;][vc_column_text css=&#8221;&#8221;]Allt inneh\u00e5ll p\u00e5 v\u00e5r webbplats, inklusive men inte begr\u00e4nsat till konstverk, logotyper, m\u00f6nster och produktbeskrivningar, tillh\u00f6r Jazzy Walls Sthlm eller v\u00e5ra licensierade partners. Du f\u00e5r inte reproducera, distribuera eller anv\u00e4nda n\u00e5got av inneh\u00e5llet utan v\u00e5rt f\u00f6reg\u00e5ende skriftliga tillst\u00e5nd.[\/vc_column_text][\/vc_column][\/vc_row][vc_row css=&#8221;.vc_custom_1579122536406{padding-bottom: 40px !important;}&#8221;][vc_column offset=&#8221;vc_col-lg-offset-1 vc_col-lg-3&#8243;][vc_column_text css=&#8221;&#8221;]\n<h3>Begr\u00e4nsning av ansvar<\/h3>\n[\/vc_column_text][vc_empty_space][\/vc_column][vc_column offset=&#8221;vc_col-lg-6&#8243;][vc_column_text css=&#8221;&#8221;]Jazzy Walls Sthlm ansvarar inte f\u00f6r n\u00e5gra indirekta, tillf\u00e4lliga eller f\u00f6ljdskador som uppst\u00e5r till f\u00f6ljd av anv\u00e4ndningen av v\u00e5r webbplats eller de k\u00f6pta produkterna. V\u00e5rt maximala ansvar gentemot dig f\u00f6r eventuella skador \u00e4r begr\u00e4nsat till den totala kostnaden f\u00f6r den k\u00f6pta produkten.[\/vc_column_text][\/vc_column][\/vc_row][vc_row css=&#8221;.vc_custom_1579122536406{padding-bottom: 40px !important;}&#8221;][vc_column offset=&#8221;vc_col-lg-offset-1 vc_col-lg-3&#8243;][vc_column_text css=&#8221;&#8221;]\n<h3>Integritetspolicy<\/h3>\n[\/vc_column_text][vc_empty_space][\/vc_column][vc_column offset=&#8221;vc_col-lg-6&#8243;][vc_column_text css=&#8221;&#8221;]Vi respekterar din integritet och \u00e4r fast beslutna att skydda din personliga information. I v\u00e5r <a href=\"\/?page_id=3124\">integritetspolicy<\/a> finns detaljerad information om hur vi samlar in, anv\u00e4nder och skyddar dina uppgifter.[\/vc_column_text][\/vc_column][\/vc_row][vc_row css=&#8221;.vc_custom_1579122536406{padding-bottom: 40px !important;}&#8221;][vc_column offset=&#8221;vc_col-lg-offset-1 vc_col-lg-3&#8243;][vc_column_text css=&#8221;&#8221;]\n<h3>\u00c4ndringar av villkor<\/h3>\n[\/vc_column_text][vc_empty_space][\/vc_column][vc_column offset=&#8221;vc_col-lg-6&#8243;][vc_column_text css=&#8221;&#8221;]Vi f\u00f6rbeh\u00e5ller oss r\u00e4tten att uppdatera eller \u00e4ndra dessa villkor n\u00e4r som helst utan f\u00f6reg\u00e5ende meddelande. Eventuella \u00e4ndringar tr\u00e4der i kraft omedelbart efter att de har publicerats p\u00e5 webbplatsen. Det \u00e4r ditt ansvar att regelbundet granska dessa villkor f\u00f6r uppdateringar.[\/vc_column_text][\/vc_column][\/vc_row][vc_row css=&#8221;.vc_custom_1579122536406{padding-bottom: 40px !important;}&#8221;][vc_column offset=&#8221;vc_col-lg-offset-1 vc_col-lg-3&#8243;][vc_column_text css=&#8221;&#8221;]\n<h3>Kontaktuppgifter<\/h3>\n[\/vc_column_text][vc_empty_space][\/vc_column][vc_column offset=&#8221;vc_col-lg-6&#8243;][vc_column_text css=&#8221;&#8221;]Om du har n\u00e5gra fr\u00e5gor eller funderingar kring dessa villkor, v\u00e4nligen kontakta oss p\u00e5 hello@jazzywalls.com.<\/p>\n<p>Jazzy Walls Sthlm<br \/>\nYZA 733-6 BILLO<br \/>\n106 43 Stockholm<br \/>\nSWEDEN<\/p>\n<p>Orgnr: 760316-0420[\/vc_column_text][\/vc_column][\/vc_row][vc_row et_full_width=&#8221;true&#8221; et_row_padding=&#8221;true&#8221; css=&#8221;.vc_custom_1728633997486{padding-top: 80px !important;padding-bottom: 80px !important;background: #484759 url(https:\/\/dev.jazzywalls.com\/wp-content\/uploads\/2024\/10\/bg-watercolor.jpg?id=2104) !important;background-position: center !important;background-repeat: no-repeat !important;background-size: cover !important;}&#8221;][vc_column et_column_color=&#8221;et-light-column&#8221;][vc_row_inner content_placement=&#8221;middle&#8221;][vc_column_inner offset=&#8221;vc_col-lg-offset-1 vc_col-lg-6&#8243;][vc_column_text css=&#8221;.vc_custom_1728634031450{margin-bottom: 0px !important;}&#8221;]\n<h5 class=\"fancy-title\">Kontakt<\/h5>\n<h2>Har du fortfarande fr\u00e5gor?<\/h2>\n[\/vc_column_text][\/vc_column_inner][vc_column_inner offset=&#8221;vc_col-lg-3&#8243;]\t\t<div id=\"et-button-69f57af911427\" class=\"et_btn_align_center animation bottom-to-top\">\n\t\t\t<a href=\"https:\/\/dev.jazzywalls.com\/contact\/\" class=\" et_btn button et_btn_md solid color-dark  arrow-enabled \"  role=\"button\" title=\"Get in touch\" ><span>Kontakta oss<\/span><svg xmlns=\"http:\/\/www.w3.org\/2000\/svg\" xmlns:xlink=\"http:\/\/www.w3.org\/1999\/xlink\" x=\"0px\" y=\"0px\"\r\n\t width=\"30px\" height=\"18px\" viewBox=\"0 0 30 18\" enable-background=\"new 0 0 30 18\" xml:space=\"preserve\">\r\n<path class=\"handle\" d=\"M20.305,16.212c-0.407,0.409-0.407,1.071,0,1.479s1.068,0.408,1.476,0l7.914-7.952c0.408-0.409,0.408-1.071,0-1.481\r\n\tl-7.914-7.952c-0.407-0.409-1.068-0.409-1.476,0s-0.407,1.071,0,1.48l7.185,7.221L20.305,16.212z\"\/>\r\n<path class=\"bar\" fill-rule=\"evenodd\" clip-rule=\"evenodd\" d=\"M1,8h28.001c0.551,0,1,0.448,1,1c0,0.553-0.449,1-1,1H1c-0.553,0-1-0.447-1-1\r\n\tC0,8.448,0.447,8,1,8z\"\/>\r\n<\/svg>\r\n<\/a>\n\t\t<\/div>\n\t\t\n\t[\/vc_column_inner][\/vc_row_inner][\/vc_column][\/vc_row]\n<\/div>","protected":false},"excerpt":{"rendered":"<p>[vc_row et_column_align=&#8221;align-center&#8221; css=&#8221;.vc_custom_1579121915525{padding-top: 60px !important;padding-bottom: 40px !important;}&#8221;][vc_column animation=&#8221;animation bottom-to-top&#8221; offset=&#8221;vc_col-lg-8&#8243;][vc_row_inner et_column_align=&#8221;align-center&#8221;][vc_column_inner][vc_column_text css=&#8221;&#8221;]V\u00e4lkommen till Jazzy Walls Sthlm! Genom att g\u00e5 in p\u00e5 eller k\u00f6pa fr\u00e5n v\u00e5r webbplats godk\u00e4nner du f\u00f6ljande villkor. V\u00e4nligen l\u00e4s dem noggrant.[\/vc_column_text][\/vc_column_inner][\/vc_row_inner][\/vc_column][\/vc_row][vc_row css=&#8221;.vc_custom_1579122531020{padding-top: 40px !important;padding-bottom: 40px !important;}&#8221;][vc_column offset=&#8221;vc_col-lg-offset-1 vc_col-lg-3&#8243;][vc_column_text css=&#8221;&#8221;] Allm\u00e4n information [\/vc_column_text][vc_empty_space][\/vc_column][vc_column offset=&#8221;vc_col-lg-6&#8243;][vc_column_text css=&#8221;&#8221;]Jazzy Walls Sthlm (nedan [&hellip;]<\/p>\n","protected":false},"author":1,"featured_media":0,"parent":0,"menu_order":0,"comment_status":"closed","ping_status":"closed","template":"","meta":{"_acf_changed":false,"footnotes":""},"class_list":["post-3116","page","type-page","status-publish","hentry"],"acf":[],"yoast_head":"<!-- This site is optimized with the Yoast SEO plugin v27.2 - https:\/\/yoast.com\/product\/yoast-seo-wordpress\/ -->\n<title>K\u00f6pvillkor - Jazzy Walls Sthlm<\/title>\n<meta name=\"robots\" content=\"index, follow, max-snippet:-1, max-image-preview:large, max-video-preview:-1\" \/>\n<link rel=\"canonical\" href=\"https:\/\/dev.jazzywalls.com\/sv\/terms-conditions\/\" \/>\n<meta property=\"og:locale\" content=\"sv_SE\" \/>\n<meta property=\"og:type\" content=\"article\" \/>\n<meta property=\"og:title\" content=\"K\u00f6pvillkor - Jazzy Walls Sthlm\" \/>\n<meta property=\"og:description\" content=\"[vc_row et_column_align=&#8221;align-center&#8221; css=&#8221;.vc_custom_1579121915525{padding-top: 60px !important;padding-bottom: 40px !important;}&#8221;][vc_column animation=&#8221;animation bottom-to-top&#8221; offset=&#8221;vc_col-lg-8&#8243;][vc_row_inner et_column_align=&#8221;align-center&#8221;][vc_column_inner][vc_column_text css=&#8221;&#8221;]V\u00e4lkommen till Jazzy Walls Sthlm! Genom att g\u00e5 in p\u00e5 eller k\u00f6pa fr\u00e5n v\u00e5r webbplats godk\u00e4nner du f\u00f6ljande villkor. V\u00e4nligen l\u00e4s dem noggrant.[\/vc_column_text][\/vc_column_inner][\/vc_row_inner][\/vc_column][\/vc_row][vc_row css=&#8221;.vc_custom_1579122531020{padding-top: 40px !important;padding-bottom: 40px !important;}&#8221;][vc_column offset=&#8221;vc_col-lg-offset-1 vc_col-lg-3&#8243;][vc_column_text css=&#8221;&#8221;] Allm\u00e4n information [\/vc_column_text][vc_empty_space][\/vc_column][vc_column offset=&#8221;vc_col-lg-6&#8243;][vc_column_text css=&#8221;&#8221;]Jazzy Walls Sthlm (nedan [&hellip;]\" \/>\n<meta property=\"og:url\" content=\"https:\/\/dev.jazzywalls.com\/sv\/terms-conditions\/\" \/>\n<meta property=\"og:site_name\" content=\"Jazzy Walls Sthlm\" \/>\n<meta property=\"article:publisher\" content=\"https:\/\/www.facebook.com\/jazzywallssthlm\" \/>\n<meta property=\"article:modified_time\" content=\"2024-11-07T09:24:14+00:00\" \/>\n<meta property=\"og:image\" content=\"https:\/\/dev.jazzywalls.com\/wp-content\/uploads\/2024\/10\/jazzy-walls-welcome-autumn-reversed-1.jpg\" \/>\n\t<meta property=\"og:image:width\" content=\"1800\" \/>\n\t<meta property=\"og:image:height\" content=\"1356\" \/>\n\t<meta property=\"og:image:type\" content=\"image\/jpeg\" \/>\n<meta name=\"twitter:card\" content=\"summary_large_image\" \/>\n<meta name=\"twitter:label1\" content=\"Ber\u00e4knad l\u00e4stid\" \/>\n\t<meta name=\"twitter:data1\" content=\"8 minuter\" \/>\n<script type=\"application\/ld+json\" class=\"yoast-schema-graph\">{\"@context\":\"https:\/\/schema.org\",\"@graph\":[{\"@type\":\"WebPage\",\"@id\":\"https:\/\/dev.jazzywalls.com\/sv\/terms-conditions\/\",\"url\":\"https:\/\/dev.jazzywalls.com\/sv\/terms-conditions\/\",\"name\":\"K\u00f6pvillkor - Jazzy Walls Sthlm\",\"isPartOf\":{\"@id\":\"https:\/\/dev.jazzywalls.com\/sv\/#website\"},\"datePublished\":\"2024-10-06T21:28:41+00:00\",\"dateModified\":\"2024-11-07T09:24:14+00:00\",\"breadcrumb\":{\"@id\":\"https:\/\/dev.jazzywalls.com\/sv\/terms-conditions\/#breadcrumb\"},\"inLanguage\":\"sv-SE\",\"potentialAction\":[{\"@type\":\"ReadAction\",\"target\":[\"https:\/\/dev.jazzywalls.com\/sv\/terms-conditions\/\"]}]},{\"@type\":\"BreadcrumbList\",\"@id\":\"https:\/\/dev.jazzywalls.com\/sv\/terms-conditions\/#breadcrumb\",\"itemListElement\":[{\"@type\":\"ListItem\",\"position\":1,\"name\":\"Home\",\"item\":\"https:\/\/dev.jazzywalls.com\/sv\/\"},{\"@type\":\"ListItem\",\"position\":2,\"name\":\"K\u00f6pvillkor\"}]},{\"@type\":\"WebSite\",\"@id\":\"https:\/\/dev.jazzywalls.com\/sv\/#website\",\"url\":\"https:\/\/dev.jazzywalls.com\/sv\/\",\"name\":\"Jazzy Walls Sthlm\",\"description\":\"Art &amp; Decor\",\"publisher\":{\"@id\":\"https:\/\/dev.jazzywalls.com\/sv\/#organization\"},\"alternateName\":\"Jazzy Walls\",\"potentialAction\":[{\"@type\":\"SearchAction\",\"target\":{\"@type\":\"EntryPoint\",\"urlTemplate\":\"https:\/\/dev.jazzywalls.com\/sv\/?s={search_term_string}\"},\"query-input\":{\"@type\":\"PropertyValueSpecification\",\"valueRequired\":true,\"valueName\":\"search_term_string\"}}],\"inLanguage\":\"sv-SE\"},{\"@type\":\"Organization\",\"@id\":\"https:\/\/dev.jazzywalls.com\/sv\/#organization\",\"name\":\"Jazzy Walls Sthlm\",\"alternateName\":\"Jazzy Walls\",\"url\":\"https:\/\/dev.jazzywalls.com\/sv\/\",\"logo\":{\"@type\":\"ImageObject\",\"inLanguage\":\"sv-SE\",\"@id\":\"https:\/\/dev.jazzywalls.com\/sv\/#\/schema\/logo\/image\/\",\"url\":\"https:\/\/dev.jazzywalls.com\/wp-content\/uploads\/2024\/10\/JazzyWalls-logo-lilac.png\",\"contentUrl\":\"https:\/\/dev.jazzywalls.com\/wp-content\/uploads\/2024\/10\/JazzyWalls-logo-lilac.png\",\"width\":656,\"height\":740,\"caption\":\"Jazzy Walls Sthlm\"},\"image\":{\"@id\":\"https:\/\/dev.jazzywalls.com\/sv\/#\/schema\/logo\/image\/\"},\"sameAs\":[\"https:\/\/www.facebook.com\/jazzywallssthlm\",\"https:\/\/www.instagram.com\/jazzywalls\"]}]}<\/script>\n<!-- \/ Yoast SEO plugin. -->","yoast_head_json":{"title":"K\u00f6pvillkor - Jazzy Walls Sthlm","robots":{"index":"index","follow":"follow","max-snippet":"max-snippet:-1","max-image-preview":"max-image-preview:large","max-video-preview":"max-video-preview:-1"},"canonical":"https:\/\/dev.jazzywalls.com\/sv\/terms-conditions\/","og_locale":"sv_SE","og_type":"article","og_title":"K\u00f6pvillkor - Jazzy Walls Sthlm","og_description":"[vc_row et_column_align=&#8221;align-center&#8221; css=&#8221;.vc_custom_1579121915525{padding-top: 60px !important;padding-bottom: 40px !important;}&#8221;][vc_column animation=&#8221;animation bottom-to-top&#8221; offset=&#8221;vc_col-lg-8&#8243;][vc_row_inner et_column_align=&#8221;align-center&#8221;][vc_column_inner][vc_column_text css=&#8221;&#8221;]V\u00e4lkommen till Jazzy Walls Sthlm! Genom att g\u00e5 in p\u00e5 eller k\u00f6pa fr\u00e5n v\u00e5r webbplats godk\u00e4nner du f\u00f6ljande villkor. V\u00e4nligen l\u00e4s dem noggrant.[\/vc_column_text][\/vc_column_inner][\/vc_row_inner][\/vc_column][\/vc_row][vc_row css=&#8221;.vc_custom_1579122531020{padding-top: 40px !important;padding-bottom: 40px !important;}&#8221;][vc_column offset=&#8221;vc_col-lg-offset-1 vc_col-lg-3&#8243;][vc_column_text css=&#8221;&#8221;] Allm\u00e4n information [\/vc_column_text][vc_empty_space][\/vc_column][vc_column offset=&#8221;vc_col-lg-6&#8243;][vc_column_text css=&#8221;&#8221;]Jazzy Walls Sthlm (nedan [&hellip;]","og_url":"https:\/\/dev.jazzywalls.com\/sv\/terms-conditions\/","og_site_name":"Jazzy Walls Sthlm","article_publisher":"https:\/\/www.facebook.com\/jazzywallssthlm","article_modified_time":"2024-11-07T09:24:14+00:00","og_image":[{"width":1800,"height":1356,"url":"https:\/\/dev.jazzywalls.com\/wp-content\/uploads\/2024\/10\/jazzy-walls-welcome-autumn-reversed-1.jpg","type":"image\/jpeg"}],"twitter_card":"summary_large_image","twitter_misc":{"Ber\u00e4knad l\u00e4stid":"8 minuter"},"schema":{"@context":"https:\/\/schema.org","@graph":[{"@type":"WebPage","@id":"https:\/\/dev.jazzywalls.com\/sv\/terms-conditions\/","url":"https:\/\/dev.jazzywalls.com\/sv\/terms-conditions\/","name":"K\u00f6pvillkor - Jazzy Walls Sthlm","isPartOf":{"@id":"https:\/\/dev.jazzywalls.com\/sv\/#website"},"datePublished":"2024-10-06T21:28:41+00:00","dateModified":"2024-11-07T09:24:14+00:00","breadcrumb":{"@id":"https:\/\/dev.jazzywalls.com\/sv\/terms-conditions\/#breadcrumb"},"inLanguage":"sv-SE","potentialAction":[{"@type":"ReadAction","target":["https:\/\/dev.jazzywalls.com\/sv\/terms-conditions\/"]}]},{"@type":"BreadcrumbList","@id":"https:\/\/dev.jazzywalls.com\/sv\/terms-conditions\/#breadcrumb","itemListElement":[{"@type":"ListItem","position":1,"name":"Home","item":"https:\/\/dev.jazzywalls.com\/sv\/"},{"@type":"ListItem","position":2,"name":"K\u00f6pvillkor"}]},{"@type":"WebSite","@id":"https:\/\/dev.jazzywalls.com\/sv\/#website","url":"https:\/\/dev.jazzywalls.com\/sv\/","name":"Jazzy Walls Sthlm","description":"Art &amp; Decor","publisher":{"@id":"https:\/\/dev.jazzywalls.com\/sv\/#organization"},"alternateName":"Jazzy Walls","potentialAction":[{"@type":"SearchAction","target":{"@type":"EntryPoint","urlTemplate":"https:\/\/dev.jazzywalls.com\/sv\/?s={search_term_string}"},"query-input":{"@type":"PropertyValueSpecification","valueRequired":true,"valueName":"search_term_string"}}],"inLanguage":"sv-SE"},{"@type":"Organization","@id":"https:\/\/dev.jazzywalls.com\/sv\/#organization","name":"Jazzy Walls Sthlm","alternateName":"Jazzy Walls","url":"https:\/\/dev.jazzywalls.com\/sv\/","logo":{"@type":"ImageObject","inLanguage":"sv-SE","@id":"https:\/\/dev.jazzywalls.com\/sv\/#\/schema\/logo\/image\/","url":"https:\/\/dev.jazzywalls.com\/wp-content\/uploads\/2024\/10\/JazzyWalls-logo-lilac.png","contentUrl":"https:\/\/dev.jazzywalls.com\/wp-content\/uploads\/2024\/10\/JazzyWalls-logo-lilac.png","width":656,"height":740,"caption":"Jazzy Walls Sthlm"},"image":{"@id":"https:\/\/dev.jazzywalls.com\/sv\/#\/schema\/logo\/image\/"},"sameAs":["https:\/\/www.facebook.com\/jazzywallssthlm","https:\/\/www.instagram.com\/jazzywalls"]}]}},"_links":{"self":[{"href":"https:\/\/dev.jazzywalls.com\/sv\/wp-json\/wp\/v2\/pages\/3116","targetHints":{"allow":["GET"]}}],"collection":[{"href":"https:\/\/dev.jazzywalls.com\/sv\/wp-json\/wp\/v2\/pages"}],"about":[{"href":"https:\/\/dev.jazzywalls.com\/sv\/wp-json\/wp\/v2\/types\/page"}],"author":[{"embeddable":true,"href":"https:\/\/dev.jazzywalls.com\/sv\/wp-json\/wp\/v2\/users\/1"}],"replies":[{"embeddable":true,"href":"https:\/\/dev.jazzywalls.com\/sv\/wp-json\/wp\/v2\/comments?post=3116"}],"version-history":[{"count":8,"href":"https:\/\/dev.jazzywalls.com\/sv\/wp-json\/wp\/v2\/pages\/3116\/revisions"}],"predecessor-version":[{"id":4212,"href":"https:\/\/dev.jazzywalls.com\/sv\/wp-json\/wp\/v2\/pages\/3116\/revisions\/4212"}],"wp:attachment":[{"href":"https:\/\/dev.jazzywalls.com\/sv\/wp-json\/wp\/v2\/media?parent=3116"}],"curies":[{"name":"wp","href":"https:\/\/api.w.org\/{rel}","templated":true}]}}