




{"id":3122,"date":"2019-07-24T01:37:27","date_gmt":"2019-07-24T01:37:27","guid":{"rendered":"https:\/\/dev.jazzywalls.com\/contact\/"},"modified":"2024-11-07T09:25:57","modified_gmt":"2024-11-07T09:25:57","slug":"kontakt","status":"publish","type":"page","link":"https:\/\/dev.jazzywalls.com\/sv\/kontakt\/","title":{"rendered":"Kontakt"},"content":{"rendered":"<div class=\"wpb-content-wrapper\">[vc_row et_full_width=&#8221;true&#8221; et_row_padding=&#8221;true&#8221; et_column_align=&#8221;align-center&#8221; parallax=&#8221;content-moving&#8221;][vc_column et_column_color=&#8221;et-light-column&#8221;]\r\n\t\t<div class=\"et-banner-69f47ce82fb87 et-banner content-full  image-type-css vh-height text-color-dark hover-effect  jazzy-page-hero\"  style=\"height: 50vh;\"><div class=\"et-banner-image\" role=\"img\" aria-label=\"Jazzy Walls\" data-image=\"https:\/\/dev.jazzywalls.com\/wp-content\/uploads\/2024\/10\/bedroom-header-2.jpg\" style=\"background-image: url(https:\/\/dev.jazzywalls.com\/wp-content\/uploads\/2024\/10\/bedroom-header-2.jpg);\"><\/div>\r\n\t\t\t<div class=\"et-banner-content\">\r\n\t\t\t\t<div class=\"et-banner-content-inner container\">\r\n\t\t\t\t\t<div class=\"et-banner-text h_center v_center align_center\">\r\n\t\t\t\t\t\t<div class=\"et-banner-text-inner animated\" data-animate=\"et-fadeInUp\"><h1 class=\"et-banner-title color-light xlarge\">Kontakta oss<\/h1><h4 class=\"et-banner-subtitle  color- text_style\">Vi finns h\u00e4r f\u00f6r dig<\/h4><div class=\"et-banner-paragraph\"><\/div><\/div>\r\n\t\t\t\t\t<\/div>\r\n\t\t\t\t<\/div>\r\n\t\t\t<\/div>\r\n\t\t<\/div>[\/vc_column][\/vc_row][vc_row et_column_align=&#8221;align-center&#8221; css=&#8221;.vc_custom_1728773393348{padding-top: 60px !important;padding-bottom: 60px !important;}&#8221;][vc_column animation=&#8221;animation left-to-right&#8221; css=&#8221;.vc_custom_1728898296237{margin-bottom: 30px !important;background-color: #f2f2f2 !important;}&#8221; offset=&#8221;vc_col-md-4&#8243;][vc_column_text css=&#8221;.vc_custom_1730971555110{padding-top: 10% !important;padding-right: 10% !important;padding-bottom: 10% !important;padding-left: 10% !important;}&#8221;]\n<h5>Kundservice<\/h5>\n<p>Har du fr\u00e5gor om webbshoppen, frakt, betalningar etc, ta en titt p\u00e5:<\/p>\n<p>&#8211; <a href=\"https:\/\/dev.jazzywalls.com\/sv\/terms-conditions\/\">K\u00f6pvillkor<\/a><br \/>\n&#8211; <a href=\"https:\/\/dev.jazzywalls.com\/sv\/privacy-policy\/\">Integritetspolicy<\/a><\/p>\n<p>V\u00e4lkommen att h\u00f6ra av dig med ytterligare fr\u00e5gor och funderingar!<\/p>\n<p><a href=\"mailto:hello@jazzywalls.com\">hello@jazzywalls.com<\/a><\/p>\n<p>Jazzy Walls Sthlm<br \/>\nYZA 733-6 BILLO<br \/>\n106 43 Stockholm<br \/>\nSVERIGE[\/vc_column_text]\t<div id=\"et-icon-holder-171\" class=\"et-icon-holder row center-true lg-block-grid-2 md-block-grid-2 block-grid-2 \">\n\t\t\r\n\t<div id=\"et-iconbox-384\" class=\"et-iconbox layout-icon_right icon-style-simple bottom-spacing-none icon-color-dark text-color- animation bottom-to-top \"> \r\n\t\t<div class=\"et-icon-inner\">\r\n\t\t\t\t\t\t\t<a href=\"https:\/\/www.facebook.com\/jazzywallssthlm\" title=\"Jazzy Walls on Facebook\" target=\"_blank\" rel=\"\">\r\n\t\t\t\t\t\t<figure class=\"et-feature-icon\">\r\n\t\t\t\t\t\t\t\t<span class=\"fab fa-facebook-square\"><\/span>\r\n\t\t\t\t\t\t\t<\/figure>\r\n\t\t\t\t\t\t\t<\/a>\r\n\t\t\t\t\t\t<div class=\"et-feature-content\"> \r\n\t\t\t\t\t\t\t\t\t<a href=\"https:\/\/www.facebook.com\/jazzywallssthlm\" title=\"Jazzy Walls on Facebook\" target=\"_blank\" rel=\"\">\r\n\t\t\t\t\t\t\t\t\t\t\t\t\t\t\t\t\t\t\t\t\t<\/a>\r\n\t\t\t\t\t\t\t\t<div class=\"wpb_text_column\"><\/div>\r\n\t\t\t<\/div>\r\n\t\t<\/div>\r\n\t<\/div>\r\n\r\n\t\r\n\t<div id=\"et-iconbox-959\" class=\"et-iconbox layout-icon_left icon-style-simple bottom-spacing-none icon-color-dark text-color- animation bottom-to-top \"> \r\n\t\t<div class=\"et-icon-inner\">\r\n\t\t\t\t\t\t\t<a href=\"https:\/\/www.instagram.com\/jazzywalls\" title=\"Jazzy Walls on Instagram\" target=\"_blank\" rel=\"\">\r\n\t\t\t\t\t\t<figure class=\"et-feature-icon\">\r\n\t\t\t\t\t\t\t\t<span class=\"fab fa-instagram\"><\/span>\r\n\t\t\t\t\t\t\t<\/figure>\r\n\t\t\t\t\t\t\t<\/a>\r\n\t\t\t\t\t\t<div class=\"et-feature-content\"> \r\n\t\t\t\t\t\t\t\t\t<a href=\"https:\/\/www.instagram.com\/jazzywalls\" title=\"Jazzy Walls on Instagram\" target=\"_blank\" rel=\"\">\r\n\t\t\t\t\t\t\t\t\t\t\t\t\t\t\t\t\t\t\t\t\t<\/a>\r\n\t\t\t\t\t\t\t\t<div class=\"wpb_text_column\"><\/div>\r\n\t\t\t<\/div>\r\n\t\t<\/div>\r\n\t<\/div>\r\n\r\n\t\t<\/div>\n\t[vc_empty_space][\/vc_column][vc_column animation=&#8221;animation bottom-to-top&#8221; offset=&#8221;vc_col-md-5&#8243; css=&#8221;.vc_custom_1578793586503{padding-left: 5% !important;}&#8221;][vc_column_text css=&#8221;&#8221;]\n<h2>Skicka ett meddelande:<\/h2>\n[\/vc_column_text]<noscript class=\"ninja-forms-noscript-message\">\n\tNotice: JavaScript is required for this content.<\/noscript>\nThis form is currently undergoing maintenance. Please try again later.[\/vc_column][\/vc_row]\n<\/div>","protected":false},"excerpt":{"rendered":"<p>[vc_row et_full_width=&#8221;true&#8221; et_row_padding=&#8221;true&#8221; et_column_align=&#8221;align-center&#8221; parallax=&#8221;content-moving&#8221;][vc_column et_column_color=&#8221;et-light-column&#8221;][\/vc_column][\/vc_row][vc_row et_column_align=&#8221;align-center&#8221; css=&#8221;.vc_custom_1728773393348{padding-top: 60px !important;padding-bottom: 60px !important;}&#8221;][vc_column animation=&#8221;animation left-to-right&#8221; css=&#8221;.vc_custom_1728898296237{margin-bottom: 30px !important;background-color: #f2f2f2 !important;}&#8221; offset=&#8221;vc_col-md-4&#8243;][vc_column_text css=&#8221;.vc_custom_1730971555110{padding-top: 10% !important;padding-right: 10% !important;padding-bottom: 10% !important;padding-left: 10% !important;}&#8221;] Kundservice Har du fr\u00e5gor om webbshoppen, frakt, betalningar etc, ta en titt p\u00e5: &#8211; K\u00f6pvillkor &#8211; Integritetspolicy V\u00e4lkommen att h\u00f6ra av [&hellip;]<\/p>\n","protected":false},"author":1,"featured_media":0,"parent":0,"menu_order":0,"comment_status":"closed","ping_status":"closed","template":"","meta":{"_acf_changed":false,"footnotes":""},"class_list":["post-3122","page","type-page","status-publish","hentry"],"acf":[],"yoast_head":"<!-- This site is optimized with the Yoast SEO plugin v27.2 - https:\/\/yoast.com\/product\/yoast-seo-wordpress\/ -->\n<title>Kontakt - Jazzy Walls Sthlm<\/title>\n<meta name=\"robots\" content=\"index, follow, max-snippet:-1, max-image-preview:large, max-video-preview:-1\" \/>\n<link rel=\"canonical\" href=\"https:\/\/dev.jazzywalls.com\/sv\/kontakt\/\" \/>\n<meta property=\"og:locale\" content=\"en_US\" \/>\n<meta property=\"og:type\" content=\"article\" \/>\n<meta property=\"og:title\" content=\"Kontakt - Jazzy Walls Sthlm\" \/>\n<meta property=\"og:description\" content=\"[vc_row et_full_width=&#8221;true&#8221; et_row_padding=&#8221;true&#8221; et_column_align=&#8221;align-center&#8221; parallax=&#8221;content-moving&#8221;][vc_column et_column_color=&#8221;et-light-column&#8221;][\/vc_column][\/vc_row][vc_row et_column_align=&#8221;align-center&#8221; css=&#8221;.vc_custom_1728773393348{padding-top: 60px !important;padding-bottom: 60px !important;}&#8221;][vc_column animation=&#8221;animation left-to-right&#8221; css=&#8221;.vc_custom_1728898296237{margin-bottom: 30px !important;background-color: #f2f2f2 !important;}&#8221; offset=&#8221;vc_col-md-4&#8243;][vc_column_text css=&#8221;.vc_custom_1730971555110{padding-top: 10% !important;padding-right: 10% !important;padding-bottom: 10% !important;padding-left: 10% !important;}&#8221;] Kundservice Har du fr\u00e5gor om webbshoppen, frakt, betalningar etc, ta en titt p\u00e5: &#8211; K\u00f6pvillkor &#8211; Integritetspolicy V\u00e4lkommen att h\u00f6ra av [&hellip;]\" \/>\n<meta property=\"og:url\" content=\"https:\/\/dev.jazzywalls.com\/sv\/kontakt\/\" \/>\n<meta property=\"og:site_name\" content=\"Jazzy Walls Sthlm\" \/>\n<meta property=\"article:publisher\" content=\"https:\/\/www.facebook.com\/jazzywallssthlm\" \/>\n<meta property=\"article:modified_time\" content=\"2024-11-07T09:25:57+00:00\" \/>\n<meta property=\"og:image\" content=\"https:\/\/dev.jazzywalls.com\/wp-content\/uploads\/2024\/10\/jazzy-walls-welcome-autumn-reversed-1.jpg\" \/>\n\t<meta property=\"og:image:width\" content=\"1800\" \/>\n\t<meta property=\"og:image:height\" content=\"1356\" \/>\n\t<meta property=\"og:image:type\" content=\"image\/jpeg\" \/>\n<meta name=\"twitter:card\" content=\"summary_large_image\" \/>\n<meta name=\"twitter:label1\" content=\"Est. reading time\" \/>\n\t<meta name=\"twitter:data1\" content=\"1 minute\" \/>\n<script type=\"application\/ld+json\" class=\"yoast-schema-graph\">{\"@context\":\"https:\/\/schema.org\",\"@graph\":[{\"@type\":\"WebPage\",\"@id\":\"https:\/\/dev.jazzywalls.com\/sv\/kontakt\/\",\"url\":\"https:\/\/dev.jazzywalls.com\/sv\/kontakt\/\",\"name\":\"Kontakt - Jazzy Walls Sthlm\",\"isPartOf\":{\"@id\":\"https:\/\/dev.jazzywalls.com\/sv\/#website\"},\"datePublished\":\"2019-07-24T01:37:27+00:00\",\"dateModified\":\"2024-11-07T09:25:57+00:00\",\"breadcrumb\":{\"@id\":\"https:\/\/dev.jazzywalls.com\/sv\/kontakt\/#breadcrumb\"},\"inLanguage\":\"en-US\",\"potentialAction\":[{\"@type\":\"ReadAction\",\"target\":[\"https:\/\/dev.jazzywalls.com\/sv\/kontakt\/\"]}]},{\"@type\":\"BreadcrumbList\",\"@id\":\"https:\/\/dev.jazzywalls.com\/sv\/kontakt\/#breadcrumb\",\"itemListElement\":[{\"@type\":\"ListItem\",\"position\":1,\"name\":\"Home\",\"item\":\"https:\/\/dev.jazzywalls.com\/sv\/\"},{\"@type\":\"ListItem\",\"position\":2,\"name\":\"Kontakt\"}]},{\"@type\":\"WebSite\",\"@id\":\"https:\/\/dev.jazzywalls.com\/sv\/#website\",\"url\":\"https:\/\/dev.jazzywalls.com\/sv\/\",\"name\":\"Jazzy Walls Sthlm\",\"description\":\"Art &amp; Decor\",\"publisher\":{\"@id\":\"https:\/\/dev.jazzywalls.com\/sv\/#organization\"},\"alternateName\":\"Jazzy Walls\",\"potentialAction\":[{\"@type\":\"SearchAction\",\"target\":{\"@type\":\"EntryPoint\",\"urlTemplate\":\"https:\/\/dev.jazzywalls.com\/sv\/?s={search_term_string}\"},\"query-input\":{\"@type\":\"PropertyValueSpecification\",\"valueRequired\":true,\"valueName\":\"search_term_string\"}}],\"inLanguage\":\"en-US\"},{\"@type\":\"Organization\",\"@id\":\"https:\/\/dev.jazzywalls.com\/sv\/#organization\",\"name\":\"Jazzy Walls Sthlm\",\"alternateName\":\"Jazzy Walls\",\"url\":\"https:\/\/dev.jazzywalls.com\/sv\/\",\"logo\":{\"@type\":\"ImageObject\",\"inLanguage\":\"en-US\",\"@id\":\"https:\/\/dev.jazzywalls.com\/sv\/#\/schema\/logo\/image\/\",\"url\":\"https:\/\/dev.jazzywalls.com\/wp-content\/uploads\/2024\/10\/JazzyWalls-logo-lilac.png\",\"contentUrl\":\"https:\/\/dev.jazzywalls.com\/wp-content\/uploads\/2024\/10\/JazzyWalls-logo-lilac.png\",\"width\":656,\"height\":740,\"caption\":\"Jazzy Walls Sthlm\"},\"image\":{\"@id\":\"https:\/\/dev.jazzywalls.com\/sv\/#\/schema\/logo\/image\/\"},\"sameAs\":[\"https:\/\/www.facebook.com\/jazzywallssthlm\",\"https:\/\/www.instagram.com\/jazzywalls\"]}]}<\/script>\n<!-- \/ Yoast SEO plugin. -->","yoast_head_json":{"title":"Kontakt - Jazzy Walls Sthlm","robots":{"index":"index","follow":"follow","max-snippet":"max-snippet:-1","max-image-preview":"max-image-preview:large","max-video-preview":"max-video-preview:-1"},"canonical":"https:\/\/dev.jazzywalls.com\/sv\/kontakt\/","og_locale":"en_US","og_type":"article","og_title":"Kontakt - Jazzy Walls Sthlm","og_description":"[vc_row et_full_width=&#8221;true&#8221; et_row_padding=&#8221;true&#8221; et_column_align=&#8221;align-center&#8221; parallax=&#8221;content-moving&#8221;][vc_column et_column_color=&#8221;et-light-column&#8221;][\/vc_column][\/vc_row][vc_row et_column_align=&#8221;align-center&#8221; css=&#8221;.vc_custom_1728773393348{padding-top: 60px !important;padding-bottom: 60px !important;}&#8221;][vc_column animation=&#8221;animation left-to-right&#8221; css=&#8221;.vc_custom_1728898296237{margin-bottom: 30px !important;background-color: #f2f2f2 !important;}&#8221; offset=&#8221;vc_col-md-4&#8243;][vc_column_text css=&#8221;.vc_custom_1730971555110{padding-top: 10% !important;padding-right: 10% !important;padding-bottom: 10% !important;padding-left: 10% !important;}&#8221;] Kundservice Har du fr\u00e5gor om webbshoppen, frakt, betalningar etc, ta en titt p\u00e5: &#8211; K\u00f6pvillkor &#8211; Integritetspolicy V\u00e4lkommen att h\u00f6ra av [&hellip;]","og_url":"https:\/\/dev.jazzywalls.com\/sv\/kontakt\/","og_site_name":"Jazzy Walls Sthlm","article_publisher":"https:\/\/www.facebook.com\/jazzywallssthlm","article_modified_time":"2024-11-07T09:25:57+00:00","og_image":[{"width":1800,"height":1356,"url":"https:\/\/dev.jazzywalls.com\/wp-content\/uploads\/2024\/10\/jazzy-walls-welcome-autumn-reversed-1.jpg","type":"image\/jpeg"}],"twitter_card":"summary_large_image","twitter_misc":{"Est. reading time":"1 minute"},"schema":{"@context":"https:\/\/schema.org","@graph":[{"@type":"WebPage","@id":"https:\/\/dev.jazzywalls.com\/sv\/kontakt\/","url":"https:\/\/dev.jazzywalls.com\/sv\/kontakt\/","name":"Kontakt - Jazzy Walls Sthlm","isPartOf":{"@id":"https:\/\/dev.jazzywalls.com\/sv\/#website"},"datePublished":"2019-07-24T01:37:27+00:00","dateModified":"2024-11-07T09:25:57+00:00","breadcrumb":{"@id":"https:\/\/dev.jazzywalls.com\/sv\/kontakt\/#breadcrumb"},"inLanguage":"en-US","potentialAction":[{"@type":"ReadAction","target":["https:\/\/dev.jazzywalls.com\/sv\/kontakt\/"]}]},{"@type":"BreadcrumbList","@id":"https:\/\/dev.jazzywalls.com\/sv\/kontakt\/#breadcrumb","itemListElement":[{"@type":"ListItem","position":1,"name":"Home","item":"https:\/\/dev.jazzywalls.com\/sv\/"},{"@type":"ListItem","position":2,"name":"Kontakt"}]},{"@type":"WebSite","@id":"https:\/\/dev.jazzywalls.com\/sv\/#website","url":"https:\/\/dev.jazzywalls.com\/sv\/","name":"Jazzy Walls Sthlm","description":"Art &amp; Decor","publisher":{"@id":"https:\/\/dev.jazzywalls.com\/sv\/#organization"},"alternateName":"Jazzy Walls","potentialAction":[{"@type":"SearchAction","target":{"@type":"EntryPoint","urlTemplate":"https:\/\/dev.jazzywalls.com\/sv\/?s={search_term_string}"},"query-input":{"@type":"PropertyValueSpecification","valueRequired":true,"valueName":"search_term_string"}}],"inLanguage":"en-US"},{"@type":"Organization","@id":"https:\/\/dev.jazzywalls.com\/sv\/#organization","name":"Jazzy Walls Sthlm","alternateName":"Jazzy Walls","url":"https:\/\/dev.jazzywalls.com\/sv\/","logo":{"@type":"ImageObject","inLanguage":"en-US","@id":"https:\/\/dev.jazzywalls.com\/sv\/#\/schema\/logo\/image\/","url":"https:\/\/dev.jazzywalls.com\/wp-content\/uploads\/2024\/10\/JazzyWalls-logo-lilac.png","contentUrl":"https:\/\/dev.jazzywalls.com\/wp-content\/uploads\/2024\/10\/JazzyWalls-logo-lilac.png","width":656,"height":740,"caption":"Jazzy Walls Sthlm"},"image":{"@id":"https:\/\/dev.jazzywalls.com\/sv\/#\/schema\/logo\/image\/"},"sameAs":["https:\/\/www.facebook.com\/jazzywallssthlm","https:\/\/www.instagram.com\/jazzywalls"]}]}},"_links":{"self":[{"href":"https:\/\/dev.jazzywalls.com\/sv\/wp-json\/wp\/v2\/pages\/3122","targetHints":{"allow":["GET"]}}],"collection":[{"href":"https:\/\/dev.jazzywalls.com\/sv\/wp-json\/wp\/v2\/pages"}],"about":[{"href":"https:\/\/dev.jazzywalls.com\/sv\/wp-json\/wp\/v2\/types\/page"}],"author":[{"embeddable":true,"href":"https:\/\/dev.jazzywalls.com\/sv\/wp-json\/wp\/v2\/users\/1"}],"replies":[{"embeddable":true,"href":"https:\/\/dev.jazzywalls.com\/sv\/wp-json\/wp\/v2\/comments?post=3122"}],"version-history":[{"count":8,"href":"https:\/\/dev.jazzywalls.com\/sv\/wp-json\/wp\/v2\/pages\/3122\/revisions"}],"predecessor-version":[{"id":4214,"href":"https:\/\/dev.jazzywalls.com\/sv\/wp-json\/wp\/v2\/pages\/3122\/revisions\/4214"}],"wp:attachment":[{"href":"https:\/\/dev.jazzywalls.com\/sv\/wp-json\/wp\/v2\/media?parent=3122"}],"curies":[{"name":"wp","href":"https:\/\/api.w.org\/{rel}","templated":true}]}}