




{"id":3123,"date":"2019-07-24T01:37:17","date_gmt":"2019-07-24T01:37:17","guid":{"rendered":"https:\/\/dev.jazzywalls.com\/about-us\/"},"modified":"2024-11-01T10:25:03","modified_gmt":"2024-11-01T10:25:03","slug":"om-oss","status":"publish","type":"page","link":"https:\/\/dev.jazzywalls.com\/sv\/om-oss\/","title":{"rendered":"Om oss"},"content":{"rendered":"<div class=\"wpb-content-wrapper\">[vc_row et_full_width=&#8221;true&#8221; et_row_padding=&#8221;true&#8221; et_column_align=&#8221;align-center&#8221; parallax=&#8221;content-moving&#8221;][vc_column et_column_color=&#8221;et-light-column&#8221;]\r\n\t\t<div class=\"et-banner-69f4616171e10 et-banner content-full  image-type-css vh-height text-color-light hover-effect  jazzy-page-hero-about\"  style=\"height: 50vh;\"><div class=\"et-banner-image\" role=\"img\" aria-label=\"Jazzy Walls\" data-image=\"https:\/\/dev.jazzywalls.com\/wp-content\/uploads\/2024\/10\/bedroom-header-3.jpg\" style=\"background-image: url(https:\/\/dev.jazzywalls.com\/wp-content\/uploads\/2024\/10\/bedroom-header-3.jpg);\"><\/div>\r\n\t\t\t<div class=\"et-banner-content\">\r\n\t\t\t\t<div class=\"et-banner-content-inner container\">\r\n\t\t\t\t\t<div class=\"et-banner-text h_center v_center align_center\">\r\n\t\t\t\t\t\t<div class=\"et-banner-text-inner animated\" data-animate=\"et-fadeInUp\"><h1 class=\"et-banner-title color- xlarge\">Om oss<\/h1><h4 class=\"et-banner-subtitle  color- text_style\">Ett litet community med stora dr\u00f6mmar<\/h4><div class=\"et-banner-paragraph\"><\/div><\/div>\r\n\t\t\t\t\t<\/div>\r\n\t\t\t\t<\/div>\r\n\t\t\t<\/div>\r\n\t\t<\/div>[\/vc_column][\/vc_row][vc_row et_column_align=&#8221;align-center&#8221; css=&#8221;.vc_custom_1579121915525{padding-top: 60px !important;padding-bottom: 40px !important;}&#8221;][vc_column animation=&#8221;animation bottom-to-top&#8221; offset=&#8221;vc_col-lg-8&#8243;][vc_row_inner et_column_align=&#8221;align-center&#8221;][vc_column_inner][vc_column_text css=&#8221;&#8221;]\n<h2>Jazzy Walls Sthlm<\/h2>\n[\/vc_column_text][vc_column_text css=&#8221;&#8221;]Vi \u00e4r ett litet communty med stora dr\u00f6mmar, baserat i Stockholm[\/vc_column_text][\/vc_column_inner][\/vc_row_inner][vc_row_inner et_column_align=&#8221;align-center&#8221;][vc_column_inner width=&#8221;1\/3&#8243;][vc_column_text css=&#8221;&#8221;]\n<h4 class=\"vc_custom_heading\">Vad vi g\u00f6r<\/h4>\n[\/vc_column_text][\/vc_column_inner][vc_column_inner width=&#8221;2\/3&#8243;][vc_column_text css=&#8221;&#8221;]Vi bjuder in v\u00e5ra favoritkreat\u00f6rer till v\u00e5rt community och dela med sig av sina unika Art prints med dig. P\u00e5 Jazzy Walls prioriterar vi riktiga konstverk skapade av riktiga m\u00e4nniskor. V\u00e5r katalog inneh\u00e5ller b\u00e5de genuina och AI-genererade Art prints, som \u00e4r tydligt m\u00e4rkta och kategoriserade, s\u00e5 att du enkelt kan filtrera dem. Genuina Art prints \u00e4r n\u00e5got dyrare, f\u00f6r att uppmuntra kreat\u00f6rernas arbete och kreativitet.[\/vc_column_text][\/vc_column_inner][\/vc_row_inner][vc_row_inner et_column_align=&#8221;align-center&#8221;][vc_column_inner width=&#8221;1\/3&#8243;][vc_column_text]\n<h4 class=\"vc_custom_heading\">V\u00e5r vision<\/h4>\n[\/vc_column_text][\/vc_column_inner][vc_column_inner width=&#8221;2\/3&#8243;][vc_column_text css=&#8221;&#8221;]Ha t\u00e5lamod &#8211; vi har precis b\u00f6rjat! Fler kreat\u00f6rer \u00e4r p\u00e5 ing\u00e5ng och med tiden hoppas vi kunna samla m\u00e5nga fler beg\u00e5vade kreat\u00f6rer och ge dig de b\u00e4sta av deras verk.[\/vc_column_text][\/vc_column_inner][\/vc_row_inner]\t<div id=\"et-icon-holder-803\" class=\"et-icon-holder row center- lg-block-grid-2 md-block-grid-2 block-grid-2 \">\n\t\t\r\n\t<div id=\"et-iconbox-843\" class=\"et-iconbox layout-icon_right icon-style-simple bottom-spacing-none icon-color-dark text-color- animation bottom-to-top \"> \r\n\t\t<div class=\"et-icon-inner\">\r\n\t\t\t\t\t\t\t<a href=\"https:\/\/www.facebook.com\/jazzywallssthlm\" title=\"Jazzy Walls on Facebook\" target=\"_blank\" rel=\"\">\r\n\t\t\t\t\t\t<figure class=\"et-feature-icon\">\r\n\t\t\t\t\t\t\t\t<span class=\"fab fa-facebook-square\"><\/span>\r\n\t\t\t\t\t\t\t<\/figure>\r\n\t\t\t\t\t\t\t<\/a>\r\n\t\t\t\t\t\t<div class=\"et-feature-content\"> \r\n\t\t\t\t\t\t\t\t\t<a href=\"https:\/\/www.facebook.com\/jazzywallssthlm\" title=\"Jazzy Walls on Facebook\" target=\"_blank\" rel=\"\">\r\n\t\t\t\t\t\t\t\t\t\t\t\t\t\t\t\t\t\t\t\t\t<\/a>\r\n\t\t\t\t\t\t\t\t<div class=\"wpb_text_column\"><\/div>\r\n\t\t\t<\/div>\r\n\t\t<\/div>\r\n\t<\/div>\r\n\r\n\t\r\n\t<div id=\"et-iconbox-40\" class=\"et-iconbox layout-icon_left icon-style-simple bottom-spacing-none icon-color-dark text-color- animation bottom-to-top \"> \r\n\t\t<div class=\"et-icon-inner\">\r\n\t\t\t\t\t\t\t<a href=\"https:\/\/www.instagram.com\/jazzywalls\" title=\"Jazzy Walls on Instagram\" target=\"_blank\" rel=\"\">\r\n\t\t\t\t\t\t<figure class=\"et-feature-icon\">\r\n\t\t\t\t\t\t\t\t<span class=\"fab fa-instagram\"><\/span>\r\n\t\t\t\t\t\t\t<\/figure>\r\n\t\t\t\t\t\t\t<\/a>\r\n\t\t\t\t\t\t<div class=\"et-feature-content\"> \r\n\t\t\t\t\t\t\t\t\t<a href=\"https:\/\/www.instagram.com\/jazzywalls\" title=\"Jazzy Walls on Instagram\" target=\"_blank\" rel=\"\">\r\n\t\t\t\t\t\t\t\t\t\t\t\t\t\t\t\t\t\t\t\t\t<\/a>\r\n\t\t\t\t\t\t\t\t<div class=\"wpb_text_column\"><\/div>\r\n\t\t\t<\/div>\r\n\t\t<\/div>\r\n\t<\/div>\r\n\r\n\t\t<\/div>\n\t[\/vc_column][\/vc_row][vc_row et_full_width=&#8221;true&#8221; content_placement=&#8221;middle&#8221; css=&#8221;.vc_custom_1728238805347{padding-top: 120px !important;padding-bottom: 120px !important;background: #484759 url(https:\/\/dev.jazzywalls.com\/wp-content\/uploads\/2024\/10\/bg-watercolor.jpg?id=2104) !important;background-position: center !important;background-repeat: no-repeat !important;background-size: cover !important;}&#8221; el_class=&#8221;showreel-row&#8221; el_id=&#8221;Joinus&#8221;][vc_column et_column_color=&#8221;et-light-column&#8221;][vc_row_inner][vc_column_inner width=&#8221;1\/2&#8243; offset=&#8221;vc_col-lg-6 vc_col-md-9&#8243;][vc_column_text css=&#8221;&#8221;]\n<h2>Vi s\u00f6ker konstn\u00e4rer<\/h2>\n<p>\u00c4r du en konstn\u00e4r eller fotograf med fantastiska bilder och stora dr\u00f6mmar? H\u00f6r av dig till oss! Ber\u00e4tta om dig sj\u00e4lv och visa upp dina b\u00e4sta verk![\/vc_column_text][\/vc_column_inner][vc_column_inner width=&#8221;1\/2&#8243;][vc_empty_space]\t\t<div id=\"et-button-69f46161721ad\" class=\"et_btn_align_center animation right-to-left\">\n\t\t\t<a href=\"https:\/\/dev.jazzywalls.com\/sv\/kontakt\/\" class=\" et_btn button et_btn_lg solid color-dark   \"  role=\"button\" title=\"Contact\" ><span>Ber\u00e4tta mer!<\/span><\/a>\n\t\t<\/div>\n\t\t\n\t[\/vc_column_inner][\/vc_row_inner][\/vc_column][\/vc_row]\n<\/div>","protected":false},"excerpt":{"rendered":"<p>[vc_row et_full_width=&#8221;true&#8221; et_row_padding=&#8221;true&#8221; et_column_align=&#8221;align-center&#8221; parallax=&#8221;content-moving&#8221;][vc_column et_column_color=&#8221;et-light-column&#8221;][\/vc_column][\/vc_row][vc_row et_column_align=&#8221;align-center&#8221; css=&#8221;.vc_custom_1579121915525{padding-top: 60px !important;padding-bottom: 40px !important;}&#8221;][vc_column animation=&#8221;animation bottom-to-top&#8221; offset=&#8221;vc_col-lg-8&#8243;][vc_row_inner et_column_align=&#8221;align-center&#8221;][vc_column_inner][vc_column_text css=&#8221;&#8221;] Jazzy Walls Sthlm [\/vc_column_text][vc_column_text css=&#8221;&#8221;]Vi \u00e4r ett litet communty med stora dr\u00f6mmar, baserat i Stockholm[\/vc_column_text][\/vc_column_inner][\/vc_row_inner][vc_row_inner et_column_align=&#8221;align-center&#8221;][vc_column_inner width=&#8221;1\/3&#8243;][vc_column_text css=&#8221;&#8221;] Vad vi g\u00f6r [\/vc_column_text][\/vc_column_inner][vc_column_inner width=&#8221;2\/3&#8243;][vc_column_text css=&#8221;&#8221;]Vi bjuder in v\u00e5ra favoritkreat\u00f6rer till v\u00e5rt community och dela [&hellip;]<\/p>\n","protected":false},"author":1,"featured_media":0,"parent":0,"menu_order":0,"comment_status":"closed","ping_status":"closed","template":"","meta":{"_acf_changed":false,"footnotes":""},"class_list":["post-3123","page","type-page","status-publish","hentry"],"acf":[],"yoast_head":"<!-- This site is optimized with the Yoast SEO plugin v27.2 - https:\/\/yoast.com\/product\/yoast-seo-wordpress\/ -->\n<title>Om oss - Jazzy Walls Sthlm<\/title>\n<meta name=\"robots\" content=\"index, follow, max-snippet:-1, max-image-preview:large, max-video-preview:-1\" \/>\n<link rel=\"canonical\" href=\"https:\/\/dev.jazzywalls.com\/sv\/om-oss\/\" \/>\n<meta property=\"og:locale\" content=\"sv_SE\" \/>\n<meta property=\"og:type\" content=\"article\" \/>\n<meta property=\"og:title\" content=\"Om oss - Jazzy Walls Sthlm\" \/>\n<meta property=\"og:description\" content=\"[vc_row et_full_width=&#8221;true&#8221; et_row_padding=&#8221;true&#8221; et_column_align=&#8221;align-center&#8221; parallax=&#8221;content-moving&#8221;][vc_column et_column_color=&#8221;et-light-column&#8221;][\/vc_column][\/vc_row][vc_row et_column_align=&#8221;align-center&#8221; css=&#8221;.vc_custom_1579121915525{padding-top: 60px !important;padding-bottom: 40px !important;}&#8221;][vc_column animation=&#8221;animation bottom-to-top&#8221; offset=&#8221;vc_col-lg-8&#8243;][vc_row_inner et_column_align=&#8221;align-center&#8221;][vc_column_inner][vc_column_text css=&#8221;&#8221;] Jazzy Walls Sthlm [\/vc_column_text][vc_column_text css=&#8221;&#8221;]Vi \u00e4r ett litet communty med stora dr\u00f6mmar, baserat i Stockholm[\/vc_column_text][\/vc_column_inner][\/vc_row_inner][vc_row_inner et_column_align=&#8221;align-center&#8221;][vc_column_inner width=&#8221;1\/3&#8243;][vc_column_text css=&#8221;&#8221;] Vad vi g\u00f6r [\/vc_column_text][\/vc_column_inner][vc_column_inner width=&#8221;2\/3&#8243;][vc_column_text css=&#8221;&#8221;]Vi bjuder in v\u00e5ra favoritkreat\u00f6rer till v\u00e5rt community och dela [&hellip;]\" \/>\n<meta property=\"og:url\" content=\"https:\/\/dev.jazzywalls.com\/sv\/om-oss\/\" \/>\n<meta property=\"og:site_name\" content=\"Jazzy Walls Sthlm\" \/>\n<meta property=\"article:publisher\" content=\"https:\/\/www.facebook.com\/jazzywallssthlm\" \/>\n<meta property=\"article:modified_time\" content=\"2024-11-01T10:25:03+00:00\" \/>\n<meta property=\"og:image\" content=\"https:\/\/dev.jazzywalls.com\/wp-content\/uploads\/2024\/10\/jazzy-walls-welcome-autumn-reversed-1.jpg\" \/>\n\t<meta property=\"og:image:width\" content=\"1800\" \/>\n\t<meta property=\"og:image:height\" content=\"1356\" \/>\n\t<meta property=\"og:image:type\" content=\"image\/jpeg\" \/>\n<meta name=\"twitter:card\" content=\"summary_large_image\" \/>\n<meta name=\"twitter:label1\" content=\"Ber\u00e4knad l\u00e4stid\" \/>\n\t<meta name=\"twitter:data1\" content=\"3 minuter\" \/>\n<script type=\"application\/ld+json\" class=\"yoast-schema-graph\">{\"@context\":\"https:\/\/schema.org\",\"@graph\":[{\"@type\":\"WebPage\",\"@id\":\"https:\/\/dev.jazzywalls.com\/sv\/om-oss\/\",\"url\":\"https:\/\/dev.jazzywalls.com\/sv\/om-oss\/\",\"name\":\"Om oss - Jazzy Walls Sthlm\",\"isPartOf\":{\"@id\":\"https:\/\/dev.jazzywalls.com\/sv\/#website\"},\"datePublished\":\"2019-07-24T01:37:17+00:00\",\"dateModified\":\"2024-11-01T10:25:03+00:00\",\"breadcrumb\":{\"@id\":\"https:\/\/dev.jazzywalls.com\/sv\/om-oss\/#breadcrumb\"},\"inLanguage\":\"sv-SE\",\"potentialAction\":[{\"@type\":\"ReadAction\",\"target\":[\"https:\/\/dev.jazzywalls.com\/sv\/om-oss\/\"]}]},{\"@type\":\"BreadcrumbList\",\"@id\":\"https:\/\/dev.jazzywalls.com\/sv\/om-oss\/#breadcrumb\",\"itemListElement\":[{\"@type\":\"ListItem\",\"position\":1,\"name\":\"Home\",\"item\":\"https:\/\/dev.jazzywalls.com\/sv\/\"},{\"@type\":\"ListItem\",\"position\":2,\"name\":\"Om oss\"}]},{\"@type\":\"WebSite\",\"@id\":\"https:\/\/dev.jazzywalls.com\/sv\/#website\",\"url\":\"https:\/\/dev.jazzywalls.com\/sv\/\",\"name\":\"Jazzy Walls Sthlm\",\"description\":\"Art &amp; Decor\",\"publisher\":{\"@id\":\"https:\/\/dev.jazzywalls.com\/sv\/#organization\"},\"alternateName\":\"Jazzy Walls\",\"potentialAction\":[{\"@type\":\"SearchAction\",\"target\":{\"@type\":\"EntryPoint\",\"urlTemplate\":\"https:\/\/dev.jazzywalls.com\/sv\/?s={search_term_string}\"},\"query-input\":{\"@type\":\"PropertyValueSpecification\",\"valueRequired\":true,\"valueName\":\"search_term_string\"}}],\"inLanguage\":\"sv-SE\"},{\"@type\":\"Organization\",\"@id\":\"https:\/\/dev.jazzywalls.com\/sv\/#organization\",\"name\":\"Jazzy Walls Sthlm\",\"alternateName\":\"Jazzy Walls\",\"url\":\"https:\/\/dev.jazzywalls.com\/sv\/\",\"logo\":{\"@type\":\"ImageObject\",\"inLanguage\":\"sv-SE\",\"@id\":\"https:\/\/dev.jazzywalls.com\/sv\/#\/schema\/logo\/image\/\",\"url\":\"https:\/\/dev.jazzywalls.com\/wp-content\/uploads\/2024\/10\/JazzyWalls-logo-lilac.png\",\"contentUrl\":\"https:\/\/dev.jazzywalls.com\/wp-content\/uploads\/2024\/10\/JazzyWalls-logo-lilac.png\",\"width\":656,\"height\":740,\"caption\":\"Jazzy Walls Sthlm\"},\"image\":{\"@id\":\"https:\/\/dev.jazzywalls.com\/sv\/#\/schema\/logo\/image\/\"},\"sameAs\":[\"https:\/\/www.facebook.com\/jazzywallssthlm\",\"https:\/\/www.instagram.com\/jazzywalls\"]}]}<\/script>\n<!-- \/ Yoast SEO plugin. -->","yoast_head_json":{"title":"Om oss - Jazzy Walls Sthlm","robots":{"index":"index","follow":"follow","max-snippet":"max-snippet:-1","max-image-preview":"max-image-preview:large","max-video-preview":"max-video-preview:-1"},"canonical":"https:\/\/dev.jazzywalls.com\/sv\/om-oss\/","og_locale":"sv_SE","og_type":"article","og_title":"Om oss - Jazzy Walls Sthlm","og_description":"[vc_row et_full_width=&#8221;true&#8221; et_row_padding=&#8221;true&#8221; et_column_align=&#8221;align-center&#8221; parallax=&#8221;content-moving&#8221;][vc_column et_column_color=&#8221;et-light-column&#8221;][\/vc_column][\/vc_row][vc_row et_column_align=&#8221;align-center&#8221; css=&#8221;.vc_custom_1579121915525{padding-top: 60px !important;padding-bottom: 40px !important;}&#8221;][vc_column animation=&#8221;animation bottom-to-top&#8221; offset=&#8221;vc_col-lg-8&#8243;][vc_row_inner et_column_align=&#8221;align-center&#8221;][vc_column_inner][vc_column_text css=&#8221;&#8221;] Jazzy Walls Sthlm [\/vc_column_text][vc_column_text css=&#8221;&#8221;]Vi \u00e4r ett litet communty med stora dr\u00f6mmar, baserat i Stockholm[\/vc_column_text][\/vc_column_inner][\/vc_row_inner][vc_row_inner et_column_align=&#8221;align-center&#8221;][vc_column_inner width=&#8221;1\/3&#8243;][vc_column_text css=&#8221;&#8221;] Vad vi g\u00f6r [\/vc_column_text][\/vc_column_inner][vc_column_inner width=&#8221;2\/3&#8243;][vc_column_text css=&#8221;&#8221;]Vi bjuder in v\u00e5ra favoritkreat\u00f6rer till v\u00e5rt community och dela [&hellip;]","og_url":"https:\/\/dev.jazzywalls.com\/sv\/om-oss\/","og_site_name":"Jazzy Walls Sthlm","article_publisher":"https:\/\/www.facebook.com\/jazzywallssthlm","article_modified_time":"2024-11-01T10:25:03+00:00","og_image":[{"width":1800,"height":1356,"url":"https:\/\/dev.jazzywalls.com\/wp-content\/uploads\/2024\/10\/jazzy-walls-welcome-autumn-reversed-1.jpg","type":"image\/jpeg"}],"twitter_card":"summary_large_image","twitter_misc":{"Ber\u00e4knad l\u00e4stid":"3 minuter"},"schema":{"@context":"https:\/\/schema.org","@graph":[{"@type":"WebPage","@id":"https:\/\/dev.jazzywalls.com\/sv\/om-oss\/","url":"https:\/\/dev.jazzywalls.com\/sv\/om-oss\/","name":"Om oss - Jazzy Walls Sthlm","isPartOf":{"@id":"https:\/\/dev.jazzywalls.com\/sv\/#website"},"datePublished":"2019-07-24T01:37:17+00:00","dateModified":"2024-11-01T10:25:03+00:00","breadcrumb":{"@id":"https:\/\/dev.jazzywalls.com\/sv\/om-oss\/#breadcrumb"},"inLanguage":"sv-SE","potentialAction":[{"@type":"ReadAction","target":["https:\/\/dev.jazzywalls.com\/sv\/om-oss\/"]}]},{"@type":"BreadcrumbList","@id":"https:\/\/dev.jazzywalls.com\/sv\/om-oss\/#breadcrumb","itemListElement":[{"@type":"ListItem","position":1,"name":"Home","item":"https:\/\/dev.jazzywalls.com\/sv\/"},{"@type":"ListItem","position":2,"name":"Om oss"}]},{"@type":"WebSite","@id":"https:\/\/dev.jazzywalls.com\/sv\/#website","url":"https:\/\/dev.jazzywalls.com\/sv\/","name":"Jazzy Walls Sthlm","description":"Art &amp; Decor","publisher":{"@id":"https:\/\/dev.jazzywalls.com\/sv\/#organization"},"alternateName":"Jazzy Walls","potentialAction":[{"@type":"SearchAction","target":{"@type":"EntryPoint","urlTemplate":"https:\/\/dev.jazzywalls.com\/sv\/?s={search_term_string}"},"query-input":{"@type":"PropertyValueSpecification","valueRequired":true,"valueName":"search_term_string"}}],"inLanguage":"sv-SE"},{"@type":"Organization","@id":"https:\/\/dev.jazzywalls.com\/sv\/#organization","name":"Jazzy Walls Sthlm","alternateName":"Jazzy Walls","url":"https:\/\/dev.jazzywalls.com\/sv\/","logo":{"@type":"ImageObject","inLanguage":"sv-SE","@id":"https:\/\/dev.jazzywalls.com\/sv\/#\/schema\/logo\/image\/","url":"https:\/\/dev.jazzywalls.com\/wp-content\/uploads\/2024\/10\/JazzyWalls-logo-lilac.png","contentUrl":"https:\/\/dev.jazzywalls.com\/wp-content\/uploads\/2024\/10\/JazzyWalls-logo-lilac.png","width":656,"height":740,"caption":"Jazzy Walls Sthlm"},"image":{"@id":"https:\/\/dev.jazzywalls.com\/sv\/#\/schema\/logo\/image\/"},"sameAs":["https:\/\/www.facebook.com\/jazzywallssthlm","https:\/\/www.instagram.com\/jazzywalls"]}]}},"_links":{"self":[{"href":"https:\/\/dev.jazzywalls.com\/sv\/wp-json\/wp\/v2\/pages\/3123","targetHints":{"allow":["GET"]}}],"collection":[{"href":"https:\/\/dev.jazzywalls.com\/sv\/wp-json\/wp\/v2\/pages"}],"about":[{"href":"https:\/\/dev.jazzywalls.com\/sv\/wp-json\/wp\/v2\/types\/page"}],"author":[{"embeddable":true,"href":"https:\/\/dev.jazzywalls.com\/sv\/wp-json\/wp\/v2\/users\/1"}],"replies":[{"embeddable":true,"href":"https:\/\/dev.jazzywalls.com\/sv\/wp-json\/wp\/v2\/comments?post=3123"}],"version-history":[{"count":16,"href":"https:\/\/dev.jazzywalls.com\/sv\/wp-json\/wp\/v2\/pages\/3123\/revisions"}],"predecessor-version":[{"id":3914,"href":"https:\/\/dev.jazzywalls.com\/sv\/wp-json\/wp\/v2\/pages\/3123\/revisions\/3914"}],"wp:attachment":[{"href":"https:\/\/dev.jazzywalls.com\/sv\/wp-json\/wp\/v2\/media?parent=3123"}],"curies":[{"name":"wp","href":"https:\/\/api.w.org\/{rel}","templated":true}]}}