




{"id":3124,"date":"2019-07-20T00:10:26","date_gmt":"2019-07-20T00:10:26","guid":{"rendered":"https:\/\/dev.jazzywalls.com\/privacy-policy\/"},"modified":"2024-11-07T09:25:12","modified_gmt":"2024-11-07T09:25:12","slug":"privacy-policy","status":"publish","type":"page","link":"https:\/\/dev.jazzywalls.com\/sv\/privacy-policy\/","title":{"rendered":"Integritetspolicy"},"content":{"rendered":"<div class=\"wpb-content-wrapper\">[vc_row][vc_column][vc_column_text css=&#8221;&#8221;]\r\n<p>Datum f\u00f6r ikrafttr\u00e4dande: 2024-10-01<\/p>\r\n\r\n<p>V\u00e4lkommen till Jazzy Walls Sthlm (&#8220;vi&#8221;, &#8220;v\u00e5r&#8221; eller &#8220;oss&#8221;). Denna sekretesspolicy beskriver hur vi samlar in, anv\u00e4nder och skyddar din personliga information n\u00e4r du bes\u00f6ker v\u00e5r webbplats <a href=\"https:\/\/dev.jazzywalls.com\/sv\">jazzywalls.se<\/a> (&#8220;webbplatsen&#8221;) och engagerar dig i v\u00e5ra tj\u00e4nster, inklusive k\u00f6p och leverans av affischer p\u00e5 en print-on-demand-basis. Din integritet \u00e4r viktig f\u00f6r oss och vi \u00e4r fast beslutna att skydda dina personuppgifter. Genom att anv\u00e4nda v\u00e5r webbplats och v\u00e5ra tj\u00e4nster samtycker du till insamling och anv\u00e4ndning av information i enlighet med denna policy.<\/p>\r\n\r\n<p>&nbsp;<\/p>\r\n\r\n<ol class=\"wp-block-list\">\r\n<li style=\"list-style-type: none;\">\r\n<ol class=\"wp-block-list\">\r\n<li>\u00a0<\/li>\r\n<\/ol>\r\n<\/li>\r\n<\/ol>\r\n\r\n<p>&nbsp;<\/p>\r\n\r\n<p><strong>Information som vi samlar in<\/strong><\/p>\r\n\r\n<p>Vi samlar in och behandlar f\u00f6ljande typer av personuppgifter n\u00e4r du anv\u00e4nder v\u00e5r webbplats:<\/p>\r\n\r\n<p>a. Personlig information<\/p>\r\n\r\n<p>&nbsp;<\/p>\r\n\r\n<ul class=\"wp-block-list\">\r\n<li style=\"list-style-type: none;\">\r\n<ul class=\"wp-block-list\">\r\n<li>Kontaktuppgifter: Detta inkluderar ditt namn, e-postadress, telefonnummer och leveransadress, som du anger n\u00e4r du g\u00f6r ett k\u00f6p eller kontaktar oss.<\/li>\r\n\r\n\r\n\r\n<li>Faktureringsinformation: Vi samlar in betalningsinformation, till exempel din kreditkortsinformation, faktureringsadress och annan information om betalningsmetod. Betalningshanteringen sk\u00f6ts av tredjepartsleverant\u00f6rer (t.ex. Stripe, PayPal) och vi lagrar inte dina finansiella uppgifter.<\/li>\r\n<\/ul>\r\n<\/li>\r\n<\/ul>\r\n\r\n<p>&nbsp;<\/p>\r\n\r\n<p>b. Automatiskt insamlad information<\/p>\r\n\r\n<p>&nbsp;<\/p>\r\n\r\n<ul class=\"wp-block-list\">\r\n<li style=\"list-style-type: none;\">\r\n<ul class=\"wp-block-list\">\r\n<li>Anv\u00e4ndningsdata: Vi samlar in data om hur du anv\u00e4nder webbplatsen, till exempel din IP-adress, webbl\u00e4sartyp, enhetsinformation, visade sidor, tid som spenderas p\u00e5 webbplatsen och h\u00e4nvisande webbadresser.<\/li>\r\n\r\n\r\n\r\n<li>Cookies (kakor): Vi anv\u00e4nder cookies och liknande sp\u00e5rningstekniker f\u00f6r att f\u00f6rb\u00e4ttra din upplevelse, analysera anv\u00e4ndningen och hj\u00e4lpa till med marknadsf\u00f6ringsinsatser. F\u00f6r mer information, se v\u00e5r [Cookie Policy](l\u00e4nkad vid behov).<\/li>\r\n<\/ul>\r\n<\/li>\r\n<\/ul>\r\n\r\n<p>&nbsp;<\/p>\r\n\r\n<p><strong>Hur vi anv\u00e4nder din information<\/strong><\/p>\r\n\r\n<p>Vi anv\u00e4nder de personuppgifter som vi samlar in f\u00f6r f\u00f6ljande \u00e4ndam\u00e5l:<\/p>\r\n\r\n<p>&nbsp;<\/p>\r\n\r\n<ul class=\"wp-block-list\">\r\n<li style=\"list-style-type: none;\">\r\n<ul class=\"wp-block-list\">\r\n<li>Uppfyllande av order: F\u00f6r att behandla och skicka dina best\u00e4llningar, inklusive print-on-demand-tj\u00e4nster, och kommunicera med dig om din best\u00e4llningsstatus.<\/li>\r\n\r\n\r\n\r\n<li>Behandling av betalningar: F\u00f6r att underl\u00e4tta betalningar och s\u00e4kerst\u00e4lla s\u00e4kra transaktioner.<\/li>\r\n\r\n\r\n\r\n<li>Kundtj\u00e4nst: F\u00f6r att ge hj\u00e4lp, svara p\u00e5 f\u00f6rfr\u00e5gningar och ta itu med eventuella problem relaterade till v\u00e5ra produkter eller tj\u00e4nster.<\/li>\r\n\r\n\r\n\r\n<li>Marknadsf\u00f6ring och kampanjer: Med ditt samtycke kan vi skicka reklammaterial, nyhetsbrev och uppdateringar om nya produkter eller tj\u00e4nster till dig.<\/li>\r\n\r\n\r\n\r\n<li>F\u00f6rb\u00e4ttring av webbplatsen: F\u00f6r att analysera och f\u00f6rb\u00e4ttra prestandan p\u00e5 v\u00e5r webbplats, v\u00e5ra produkter och tj\u00e4nster.<\/li>\r\n\r\n\r\n\r\n<li>R\u00e4ttslig efterlevnad: F\u00f6r att f\u00f6lja till\u00e4mpliga lagar, f\u00f6rordningar och r\u00e4ttsliga skyldigheter.<\/li>\r\n<\/ul>\r\n<\/li>\r\n<\/ul>\r\n\r\n<p>&nbsp;<\/p>\r\n\r\n<p><strong>Hur vi delar din information<\/strong><\/p>\r\n\r\n<p>Vi kan dela din personliga information med tredje part under f\u00f6ljande omst\u00e4ndigheter:<\/p>\r\n\r\n<p>&nbsp;<\/p>\r\n\r\n<ul class=\"wp-block-list\">\r\n<li style=\"list-style-type: none;\">\r\n<ul class=\"wp-block-list\">\r\n<li>Tj\u00e4nsteleverant\u00f6rer: Vi samarbetar med tredjepartsleverant\u00f6rer, t.ex. betalningsleverant\u00f6rer, fraktbolag och leverant\u00f6rer av print-on-demand-tj\u00e4nster, f\u00f6r att underl\u00e4tta orderhantering och leverans.<\/li>\r\n\r\n\r\n\r\n<li>\u00d6verf\u00f6ring av verksamhet: I h\u00e4ndelse av en sammanslagning, ett f\u00f6rv\u00e4rv eller en f\u00f6rs\u00e4ljning av hela eller delar av v\u00e5r verksamhet kan dina personuppgifter komma att \u00f6verf\u00f6ras som en del av transaktionen.<\/li>\r\n\r\n\r\n\r\n<li>Juridiska krav: Vi kan l\u00e4mna ut dina personuppgifter om vi \u00e4r skyldiga att g\u00f6ra det enligt lag eller som svar p\u00e5 giltiga f\u00f6rfr\u00e5gningar fr\u00e5n offentliga myndigheter (t.ex. domstolar eller statliga myndigheter).<\/li>\r\n\r\n\r\n\r\n<li>Marknadsf\u00f6ringspartners: Med ditt samtycke kan vi dela anonymiserade uppgifter med marknadsf\u00f6rings- och reklampartners f\u00f6r riktade kampanjer.<\/li>\r\n<\/ul>\r\n<\/li>\r\n<\/ul>\r\n\r\n<p>&nbsp;<\/p>\r\n\r\n<p><strong>Dina r\u00e4ttigheter och valm\u00f6jligheter<\/strong><\/p>\r\n\r\n<p>Du har f\u00f6ljande r\u00e4ttigheter avseende din personliga information:<\/p>\r\n\r\n<p>&nbsp;<\/p>\r\n\r\n<ul class=\"wp-block-list\">\r\n<li style=\"list-style-type: none;\">\r\n<ul class=\"wp-block-list\">\r\n<li>\u00c5tkomst och r\u00e4ttelse: Du kan n\u00e4r som helst f\u00e5 tillg\u00e5ng till och uppdatera dina personuppgifter genom att logga in p\u00e5 ditt konto eller kontakta oss direkt.<\/li>\r\n\r\n\r\n\r\n<li>Dataportabilitet: Du kan beg\u00e4ra en kopia av dina personuppgifter i ett strukturerat, maskinl\u00e4sbart format.<\/li>\r\n\r\n\r\n\r\n<li>R\u00e4tt till radering: Du kan beg\u00e4ra radering av dina personuppgifter, utom i de fall vi \u00e4r juridiskt skyldiga att beh\u00e5lla dem.<\/li>\r\n\r\n\r\n\r\n<li>Avbest\u00e4llning: Du kan n\u00e4r som helst v\u00e4lja bort marknadsf\u00f6ringskommunikation genom att klicka p\u00e5 l\u00e4nken &#8220;avsluta prenumeration&#8221; i v\u00e5ra e-postmeddelanden eller kontakta oss.<\/li>\r\n<\/ul>\r\n<\/li>\r\n<\/ul>\r\n\r\n<p>&nbsp;<\/p>\r\n\r\n<p><strong>S\u00e4kerhet f\u00f6r din information<\/strong><\/p>\r\n\r\n<p>Vi vidtar rimliga \u00e5tg\u00e4rder f\u00f6r att skydda dina personuppgifter fr\u00e5n obeh\u00f6rig \u00e5tkomst, anv\u00e4ndning eller utl\u00e4mnande. Ingen metod f\u00f6r \u00f6verf\u00f6ring via internet eller elektronisk lagring \u00e4r dock 100% s\u00e4ker, och vi kan inte garantera absolut s\u00e4kerhet. Vi uppmuntrar dig att vidta f\u00f6rsiktighets\u00e5tg\u00e4rder, till exempel att anv\u00e4nda starka l\u00f6senord och undvika att dela med dig av dina kontouppgifter.<\/p>\r\n\r\n<p><strong>Internationella data\u00f6verf\u00f6ringar<\/strong><\/p>\r\n\r\n<p>Eftersom vi bedriver global verksamhet kan dina personuppgifter komma att \u00f6verf\u00f6ras till och behandlas i andra l\u00e4nder \u00e4n det land d\u00e4r du \u00e4r bosatt. Genom att anv\u00e4nda v\u00e5r webbplats och v\u00e5ra tj\u00e4nster samtycker du till att dina personuppgifter \u00f6verf\u00f6rs till l\u00e4nder utanf\u00f6r din hemjurisdiktion, som kan ha olika dataskyddslagar. Vi kommer att se till att s\u00e5dana \u00f6verf\u00f6ringar sker i enlighet med till\u00e4mpliga dataskyddsbest\u00e4mmelser.<\/p>\r\n\r\n<p><strong>Barns integritet<\/strong><\/p>\r\n\r\n<p>V\u00e5r webbplats \u00e4r inte avsedd f\u00f6r personer under 18 \u00e5r, och vi samlar inte medvetet in personuppgifter fr\u00e5n barn. Om du \u00e4r f\u00f6r\u00e4lder eller v\u00e5rdnadshavare och tror att ditt barn har f\u00f6rsett oss med personuppgifter, v\u00e4nligen kontakta oss s\u00e5 vidtar vi \u00e5tg\u00e4rder f\u00f6r att radera s\u00e5dan information.<\/p>\r\n\r\n<p><strong>\u00c4ndringar av denna integritetspolicy<\/strong><\/p>\r\n\r\n<p>Vi kan komma att uppdatera denna integritetspolicy fr\u00e5n tid till annan f\u00f6r att \u00e5terspegla f\u00f6r\u00e4ndringar i v\u00e5r praxis eller r\u00e4ttsliga krav. N\u00e4r vi g\u00f6r \u00e4ndringar uppdaterar vi &#8220;Ikrafttr\u00e4dandedatum&#8221; h\u00f6gst upp i policyn. Vi uppmuntrar dig att regelbundet l\u00e4sa igenom denna sida f\u00f6r att h\u00e5lla dig informerad om eventuella uppdateringar.<\/p>\r\n\r\n<p><strong>Dina GDPR-r\u00e4ttigheter<\/strong><\/p>\r\n\r\n<p>Om du befinner dig inom Europeiska ekonomiska samarbetsomr\u00e5det (EES) har du s\u00e4rskilda r\u00e4ttigheter enligt den allm\u00e4nna dataskyddsf\u00f6rordningen (GDPR) n\u00e4r det g\u00e4ller dina personuppgifter. Dessa r\u00e4ttigheter inkluderar:<\/p>\r\n\r\n<p>a. R\u00e4tt till \u00e5tkomst<br \/>Du har r\u00e4tt att beg\u00e4ra \u00e5tkomst till de personuppgifter vi har om dig. P\u00e5 beg\u00e4ran kommer vi att f\u00f6rse dig med en kopia av dina uppgifter i ett allm\u00e4nt anv\u00e4nt elektroniskt format.<\/p>\r\n\r\n<p>b. R\u00e4tt till r\u00e4ttelse<br \/>Du har r\u00e4tt att beg\u00e4ra r\u00e4ttelser eller uppdateringar av eventuella felaktiga eller ofullst\u00e4ndiga personuppgifter som vi har.<\/p>\r\n\r\n<p>c. R\u00e4tt till radering (&#8220;R\u00e4tt att bli bortgl\u00f6md&#8221;)<br \/>Du har r\u00e4tt att beg\u00e4ra radering av dina personuppgifter, med f\u00f6rbeh\u00e5ll f\u00f6r vissa undantag s\u00e5som r\u00e4ttsliga skyldigheter, bokf\u00f6ringsrutiner eller p\u00e5g\u00e5ende transaktioner.<\/p>\r\n\r\n<p>d. R\u00e4tt att begr\u00e4nsa behandlingen<br \/>Du har r\u00e4tt att beg\u00e4ra att vi begr\u00e4nsar behandlingen av dina personuppgifter i vissa situationer, till exempel n\u00e4r du ifr\u00e5gas\u00e4tter uppgifternas riktighet eller inv\u00e4nder mot v\u00e5r legitima anv\u00e4ndning av dem.<\/p>\r\n\r\n<p>e. R\u00e4tt till dataportabilitet<br \/>Du har r\u00e4tt att beg\u00e4ra att vi \u00f6verf\u00f6r dina personuppgifter till en annan personuppgiftsansvarig, om det \u00e4r tekniskt m\u00f6jligt, i ett strukturerat, allm\u00e4nt anv\u00e4nt och maskinl\u00e4sbart format.<\/p>\r\n\r\n<p>f. R\u00e4tt att inv\u00e4nda<br \/>Du har r\u00e4tt att inv\u00e4nda mot v\u00e5r behandling av dina personuppgifter som grundar sig p\u00e5 ber\u00e4ttigade intressen eller f\u00f6r direktmarknadsf\u00f6ring. Vi kommer att sluta behandla dina personuppgifter f\u00f6r s\u00e5dana \u00e4ndam\u00e5l om vi inte har tvingande r\u00e4ttsliga sk\u00e4l f\u00f6r behandlingen eller om det \u00e4r n\u00f6dv\u00e4ndigt f\u00f6r r\u00e4ttsliga anspr\u00e5k.<\/p>\r\n\r\n<p>g. R\u00e4tt att \u00e5terkalla samtycke<br \/>Om vi f\u00f6rlitar oss p\u00e5 ditt samtycke till att behandla dina personuppgifter har du r\u00e4tt att n\u00e4r som helst \u00e5terkalla detta samtycke. Detta p\u00e5verkar inte lagligheten av behandling som grundar sig p\u00e5 samtycke innan det \u00e5terkallas.<\/p>\r\n\r\n<p>h. R\u00e4tt att l\u00e4mna in klagom\u00e5l<br \/>Om du anser att vi har kr\u00e4nkt dina integritetsr\u00e4ttigheter enligt GDPR har du r\u00e4tt att l\u00e4mna in ett klagom\u00e5l till din lokala tillsynsmyndighet. I Europeiska unionen kan du hitta den relevanta myndigheten h\u00e4r: <a href=\"https:\/\/ec.europa.eu\/justice\/article-29\/structure\/data-protection-authorities\/index_en.htm\">https:\/\/ec.europa.eu\/justice\/article-29\/structure\/data-protection-authorities\/index_en.htm<\/a><\/p>\r\n\r\n<p><strong>R\u00e4ttslig grund f\u00f6r behandling av personuppgifter (GDPR)<\/strong><\/p>\r\n\r\n<p>Vi samlar in och behandlar personuppgifter enligt f\u00f6ljande lagliga grunder i enlighet med GDPR:<\/p>\r\n\r\n<p>&nbsp;<\/p>\r\n\r\n<ul class=\"wp-block-list\">\r\n<li style=\"list-style-type: none;\">\r\n<ul class=\"wp-block-list\">\r\n<li>Samtycke: Om du har gett ditt uttryckliga samtycke till att vi behandlar dina personuppgifter (t.ex. f\u00f6r marknadsf\u00f6rings\u00e4ndam\u00e5l).<\/li>\r\n\r\n\r\n\r\n<li>Avtalsenlig n\u00f6dv\u00e4ndighet: Behandlingen \u00e4r n\u00f6dv\u00e4ndig f\u00f6r att fullg\u00f6ra v\u00e5rt avtal med dig, t.ex. f\u00f6r att hantera best\u00e4llningar och betalningar.<\/li>\r\n\r\n\r\n\r\n<li>R\u00e4ttslig f\u00f6rpliktelse: Vi kan behandla dina personuppgifter om vi \u00e4r skyldiga att g\u00f6ra det enligt lag.<\/li>\r\n\r\n\r\n\r\n<li>Ber\u00e4ttigade intressen: Vi behandlar dina personuppgifter f\u00f6r att tillgodose v\u00e5ra ber\u00e4ttigade intressen, under f\u00f6ruts\u00e4ttning att dessa intressen inte \u00e5sidos\u00e4tts av dina r\u00e4ttigheter och friheter (t.ex. f\u00f6r att f\u00f6rb\u00e4ttra v\u00e5ra tj\u00e4nster och f\u00f6rebygga bedr\u00e4gerier).<\/li>\r\n<\/ul>\r\n<\/li>\r\n<\/ul>\r\n\r\n<p>&nbsp;<\/p>\r\n\r\n<p><strong>Lagring av data<\/strong><\/p>\r\n\r\n<p>Vi beh\u00e5ller dina personuppgifter endast s\u00e5 l\u00e4nge som det \u00e4r n\u00f6dv\u00e4ndigt f\u00f6r de \u00e4ndam\u00e5l som anges i denna integritetspolicy eller enligt vad som kr\u00e4vs enligt lag. Detta inneb\u00e4r att vi kommer att beh\u00e5lla dina uppgifter s\u00e5 l\u00e4nge som:<\/p>\r\n\r\n<p>&nbsp;<\/p>\r\n\r\n<ul class=\"wp-block-list\">\r\n<li style=\"list-style-type: none;\">\r\n<ul class=\"wp-block-list\">\r\n<li>Du har ett aktivt konto hos oss eller tills din best\u00e4llning \u00e4r slutf\u00f6rd.<\/li>\r\n\r\n\r\n\r\n<li>Det finns en r\u00e4ttslig skyldighet, t.ex. skatte- och bokf\u00f6rings\u00e4ndam\u00e5l.<\/li>\r\n\r\n\r\n\r\n<li>Det finns legitima aff\u00e4rsbehov (t.ex. f\u00f6r att l\u00f6sa tvister eller uppr\u00e4tth\u00e5lla v\u00e5ra avtal).<\/li>\r\n<\/ul>\r\n<\/li>\r\n<\/ul>\r\n\r\n<p>&nbsp;<\/p>\r\n\r\n<p>N\u00e4r dessa villkor inte l\u00e4ngre g\u00e4ller kommer dina uppgifter att raderas eller anonymiseras p\u00e5 ett s\u00e4kert s\u00e4tt.<\/p>\r\n\r\n<p><strong>Internationella \u00f6verf\u00f6ringar av personuppgifter<\/strong><\/p>\r\n\r\n<p>Om vi \u00f6verf\u00f6r dina personuppgifter utanf\u00f6r EES till tredje part eller partner (t.ex. leverant\u00f6rer av print-on-demand, betalningsprocessorer eller fraktleverant\u00f6rer), s\u00e4kerst\u00e4ller vi att l\u00e4mpliga skydds\u00e5tg\u00e4rder finns p\u00e5 plats, t.ex:<\/p>\r\n\r\n<p>&nbsp;<\/p>\r\n\r\n<ul class=\"wp-block-list\">\r\n<li style=\"list-style-type: none;\">\r\n<ul class=\"wp-block-list\">\r\n<li>Bindande f\u00f6retagsbest\u00e4mmelser<\/li>\r\n\r\n\r\n\r\n<li>Standardavtalsklausuler godk\u00e4nda av Europeiska kommissionen<\/li>\r\n\r\n\r\n\r\n<li>Andra mekanismer som \u00f6verensst\u00e4mmer med GDPR f\u00f6r att skydda dina uppgifter<\/li>\r\n<\/ul>\r\n<\/li>\r\n<\/ul>\r\n\r\n<p>&nbsp;<\/p>\r\n\r\n<p>Genom att anv\u00e4nda v\u00e5ra tj\u00e4nster bekr\u00e4ftar du att dina uppgifter kan komma att \u00f6verf\u00f6ras till l\u00e4nder utanf\u00f6r din jurisdiktion, inklusive l\u00e4nder som kan ha olika dataskyddslagar.<\/p>\r\n\r\n<p><strong>Kontakta oss<\/strong><\/p>\r\n\r\n<p>Om du har n\u00e5gra fr\u00e5gor eller funderingar kring denna integritetspolicy eller hur vi hanterar dina personuppgifter, v\u00e4nligen kontakta oss p\u00e5 hello@jazzywalls.com.<\/p>\r\n\r\n<p>Jazzy Walls Sthlm<br \/>YZA 733-6 BILLO<br \/>106 43 Stockholm<br \/>SWEDEN<\/p>\r\n<p> Orgnr: 760316-0420<\/p>\r\n\r\n<p>&nbsp;<\/p>\r\n[\/vc_column_text][\/vc_column][\/vc_row]<\/div>","protected":false},"excerpt":{"rendered":"<p>[vc_row][vc_column][vc_column_text css=&#8221;&#8221;] Datum f\u00f6r ikrafttr\u00e4dande: 2024-10-01 V\u00e4lkommen till Jazzy Walls Sthlm (&#8220;vi&#8221;, &#8220;v\u00e5r&#8221; eller &#8220;oss&#8221;). Denna sekretesspolicy beskriver hur vi samlar in, anv\u00e4nder och skyddar din personliga information n\u00e4r du bes\u00f6ker v\u00e5r webbplats jazzywalls.se (&#8220;webbplatsen&#8221;) och engagerar dig i v\u00e5ra tj\u00e4nster, inklusive k\u00f6p och leverans av affischer p\u00e5 en print-on-demand-basis. [&hellip;]<\/p>\n","protected":false},"author":1,"featured_media":0,"parent":0,"menu_order":0,"comment_status":"closed","ping_status":"closed","template":"","meta":{"_acf_changed":false,"footnotes":""},"class_list":["post-3124","page","type-page","status-publish","hentry"],"acf":[],"yoast_head":"<!-- This site is optimized with the Yoast SEO plugin v27.2 - https:\/\/yoast.com\/product\/yoast-seo-wordpress\/ -->\n<title>Integritetspolicy - Jazzy Walls Sthlm<\/title>\n<meta name=\"robots\" content=\"index, follow, max-snippet:-1, max-image-preview:large, max-video-preview:-1\" \/>\n<link rel=\"canonical\" href=\"https:\/\/dev.jazzywalls.com\/sv\/privacy-policy\/\" \/>\n<meta property=\"og:locale\" content=\"en_US\" \/>\n<meta property=\"og:type\" content=\"article\" \/>\n<meta property=\"og:title\" content=\"Integritetspolicy - Jazzy Walls Sthlm\" \/>\n<meta property=\"og:description\" content=\"[vc_row][vc_column][vc_column_text css=&#8221;&#8221;] Datum f\u00f6r ikrafttr\u00e4dande: 2024-10-01 V\u00e4lkommen till Jazzy Walls Sthlm (&#8220;vi&#8221;, &#8220;v\u00e5r&#8221; eller &#8220;oss&#8221;). Denna sekretesspolicy beskriver hur vi samlar in, anv\u00e4nder och skyddar din personliga information n\u00e4r du bes\u00f6ker v\u00e5r webbplats jazzywalls.se (&#8220;webbplatsen&#8221;) och engagerar dig i v\u00e5ra tj\u00e4nster, inklusive k\u00f6p och leverans av affischer p\u00e5 en print-on-demand-basis. [&hellip;]\" \/>\n<meta property=\"og:url\" content=\"https:\/\/dev.jazzywalls.com\/sv\/privacy-policy\/\" \/>\n<meta property=\"og:site_name\" content=\"Jazzy Walls Sthlm\" \/>\n<meta property=\"article:publisher\" content=\"https:\/\/www.facebook.com\/jazzywallssthlm\" \/>\n<meta property=\"article:modified_time\" content=\"2024-11-07T09:25:12+00:00\" \/>\n<meta property=\"og:image\" content=\"https:\/\/dev.jazzywalls.com\/wp-content\/uploads\/2024\/10\/jazzy-walls-welcome-autumn-reversed-1.jpg\" \/>\n\t<meta property=\"og:image:width\" content=\"1800\" \/>\n\t<meta property=\"og:image:height\" content=\"1356\" \/>\n\t<meta property=\"og:image:type\" content=\"image\/jpeg\" \/>\n<meta name=\"twitter:card\" content=\"summary_large_image\" \/>\n<meta name=\"twitter:label1\" content=\"Est. reading time\" \/>\n\t<meta name=\"twitter:data1\" content=\"9 minutes\" \/>\n<script type=\"application\/ld+json\" class=\"yoast-schema-graph\">{\"@context\":\"https:\/\/schema.org\",\"@graph\":[{\"@type\":\"WebPage\",\"@id\":\"https:\/\/dev.jazzywalls.com\/sv\/privacy-policy\/\",\"url\":\"https:\/\/dev.jazzywalls.com\/sv\/privacy-policy\/\",\"name\":\"Integritetspolicy - Jazzy Walls Sthlm\",\"isPartOf\":{\"@id\":\"https:\/\/dev.jazzywalls.com\/sv\/#website\"},\"datePublished\":\"2019-07-20T00:10:26+00:00\",\"dateModified\":\"2024-11-07T09:25:12+00:00\",\"breadcrumb\":{\"@id\":\"https:\/\/dev.jazzywalls.com\/sv\/privacy-policy\/#breadcrumb\"},\"inLanguage\":\"en-US\",\"potentialAction\":[{\"@type\":\"ReadAction\",\"target\":[\"https:\/\/dev.jazzywalls.com\/sv\/privacy-policy\/\"]}]},{\"@type\":\"BreadcrumbList\",\"@id\":\"https:\/\/dev.jazzywalls.com\/sv\/privacy-policy\/#breadcrumb\",\"itemListElement\":[{\"@type\":\"ListItem\",\"position\":1,\"name\":\"Home\",\"item\":\"https:\/\/dev.jazzywalls.com\/sv\/\"},{\"@type\":\"ListItem\",\"position\":2,\"name\":\"Integritetspolicy\"}]},{\"@type\":\"WebSite\",\"@id\":\"https:\/\/dev.jazzywalls.com\/sv\/#website\",\"url\":\"https:\/\/dev.jazzywalls.com\/sv\/\",\"name\":\"Jazzy Walls Sthlm\",\"description\":\"Art &amp; Decor\",\"publisher\":{\"@id\":\"https:\/\/dev.jazzywalls.com\/sv\/#organization\"},\"alternateName\":\"Jazzy Walls\",\"potentialAction\":[{\"@type\":\"SearchAction\",\"target\":{\"@type\":\"EntryPoint\",\"urlTemplate\":\"https:\/\/dev.jazzywalls.com\/sv\/?s={search_term_string}\"},\"query-input\":{\"@type\":\"PropertyValueSpecification\",\"valueRequired\":true,\"valueName\":\"search_term_string\"}}],\"inLanguage\":\"en-US\"},{\"@type\":\"Organization\",\"@id\":\"https:\/\/dev.jazzywalls.com\/sv\/#organization\",\"name\":\"Jazzy Walls Sthlm\",\"alternateName\":\"Jazzy Walls\",\"url\":\"https:\/\/dev.jazzywalls.com\/sv\/\",\"logo\":{\"@type\":\"ImageObject\",\"inLanguage\":\"en-US\",\"@id\":\"https:\/\/dev.jazzywalls.com\/sv\/#\/schema\/logo\/image\/\",\"url\":\"https:\/\/dev.jazzywalls.com\/wp-content\/uploads\/2024\/10\/JazzyWalls-logo-lilac.png\",\"contentUrl\":\"https:\/\/dev.jazzywalls.com\/wp-content\/uploads\/2024\/10\/JazzyWalls-logo-lilac.png\",\"width\":656,\"height\":740,\"caption\":\"Jazzy Walls Sthlm\"},\"image\":{\"@id\":\"https:\/\/dev.jazzywalls.com\/sv\/#\/schema\/logo\/image\/\"},\"sameAs\":[\"https:\/\/www.facebook.com\/jazzywallssthlm\",\"https:\/\/www.instagram.com\/jazzywalls\"]}]}<\/script>\n<!-- \/ Yoast SEO plugin. -->","yoast_head_json":{"title":"Integritetspolicy - Jazzy Walls Sthlm","robots":{"index":"index","follow":"follow","max-snippet":"max-snippet:-1","max-image-preview":"max-image-preview:large","max-video-preview":"max-video-preview:-1"},"canonical":"https:\/\/dev.jazzywalls.com\/sv\/privacy-policy\/","og_locale":"en_US","og_type":"article","og_title":"Integritetspolicy - Jazzy Walls Sthlm","og_description":"[vc_row][vc_column][vc_column_text css=&#8221;&#8221;] Datum f\u00f6r ikrafttr\u00e4dande: 2024-10-01 V\u00e4lkommen till Jazzy Walls Sthlm (&#8220;vi&#8221;, &#8220;v\u00e5r&#8221; eller &#8220;oss&#8221;). Denna sekretesspolicy beskriver hur vi samlar in, anv\u00e4nder och skyddar din personliga information n\u00e4r du bes\u00f6ker v\u00e5r webbplats jazzywalls.se (&#8220;webbplatsen&#8221;) och engagerar dig i v\u00e5ra tj\u00e4nster, inklusive k\u00f6p och leverans av affischer p\u00e5 en print-on-demand-basis. [&hellip;]","og_url":"https:\/\/dev.jazzywalls.com\/sv\/privacy-policy\/","og_site_name":"Jazzy Walls Sthlm","article_publisher":"https:\/\/www.facebook.com\/jazzywallssthlm","article_modified_time":"2024-11-07T09:25:12+00:00","og_image":[{"width":1800,"height":1356,"url":"https:\/\/dev.jazzywalls.com\/wp-content\/uploads\/2024\/10\/jazzy-walls-welcome-autumn-reversed-1.jpg","type":"image\/jpeg"}],"twitter_card":"summary_large_image","twitter_misc":{"Est. reading time":"9 minutes"},"schema":{"@context":"https:\/\/schema.org","@graph":[{"@type":"WebPage","@id":"https:\/\/dev.jazzywalls.com\/sv\/privacy-policy\/","url":"https:\/\/dev.jazzywalls.com\/sv\/privacy-policy\/","name":"Integritetspolicy - Jazzy Walls Sthlm","isPartOf":{"@id":"https:\/\/dev.jazzywalls.com\/sv\/#website"},"datePublished":"2019-07-20T00:10:26+00:00","dateModified":"2024-11-07T09:25:12+00:00","breadcrumb":{"@id":"https:\/\/dev.jazzywalls.com\/sv\/privacy-policy\/#breadcrumb"},"inLanguage":"en-US","potentialAction":[{"@type":"ReadAction","target":["https:\/\/dev.jazzywalls.com\/sv\/privacy-policy\/"]}]},{"@type":"BreadcrumbList","@id":"https:\/\/dev.jazzywalls.com\/sv\/privacy-policy\/#breadcrumb","itemListElement":[{"@type":"ListItem","position":1,"name":"Home","item":"https:\/\/dev.jazzywalls.com\/sv\/"},{"@type":"ListItem","position":2,"name":"Integritetspolicy"}]},{"@type":"WebSite","@id":"https:\/\/dev.jazzywalls.com\/sv\/#website","url":"https:\/\/dev.jazzywalls.com\/sv\/","name":"Jazzy Walls Sthlm","description":"Art &amp; Decor","publisher":{"@id":"https:\/\/dev.jazzywalls.com\/sv\/#organization"},"alternateName":"Jazzy Walls","potentialAction":[{"@type":"SearchAction","target":{"@type":"EntryPoint","urlTemplate":"https:\/\/dev.jazzywalls.com\/sv\/?s={search_term_string}"},"query-input":{"@type":"PropertyValueSpecification","valueRequired":true,"valueName":"search_term_string"}}],"inLanguage":"en-US"},{"@type":"Organization","@id":"https:\/\/dev.jazzywalls.com\/sv\/#organization","name":"Jazzy Walls Sthlm","alternateName":"Jazzy Walls","url":"https:\/\/dev.jazzywalls.com\/sv\/","logo":{"@type":"ImageObject","inLanguage":"en-US","@id":"https:\/\/dev.jazzywalls.com\/sv\/#\/schema\/logo\/image\/","url":"https:\/\/dev.jazzywalls.com\/wp-content\/uploads\/2024\/10\/JazzyWalls-logo-lilac.png","contentUrl":"https:\/\/dev.jazzywalls.com\/wp-content\/uploads\/2024\/10\/JazzyWalls-logo-lilac.png","width":656,"height":740,"caption":"Jazzy Walls Sthlm"},"image":{"@id":"https:\/\/dev.jazzywalls.com\/sv\/#\/schema\/logo\/image\/"},"sameAs":["https:\/\/www.facebook.com\/jazzywallssthlm","https:\/\/www.instagram.com\/jazzywalls"]}]}},"_links":{"self":[{"href":"https:\/\/dev.jazzywalls.com\/sv\/wp-json\/wp\/v2\/pages\/3124","targetHints":{"allow":["GET"]}}],"collection":[{"href":"https:\/\/dev.jazzywalls.com\/sv\/wp-json\/wp\/v2\/pages"}],"about":[{"href":"https:\/\/dev.jazzywalls.com\/sv\/wp-json\/wp\/v2\/types\/page"}],"author":[{"embeddable":true,"href":"https:\/\/dev.jazzywalls.com\/sv\/wp-json\/wp\/v2\/users\/1"}],"replies":[{"embeddable":true,"href":"https:\/\/dev.jazzywalls.com\/sv\/wp-json\/wp\/v2\/comments?post=3124"}],"version-history":[{"count":5,"href":"https:\/\/dev.jazzywalls.com\/sv\/wp-json\/wp\/v2\/pages\/3124\/revisions"}],"predecessor-version":[{"id":4213,"href":"https:\/\/dev.jazzywalls.com\/sv\/wp-json\/wp\/v2\/pages\/3124\/revisions\/4213"}],"wp:attachment":[{"href":"https:\/\/dev.jazzywalls.com\/sv\/wp-json\/wp\/v2\/media?parent=3124"}],"curies":[{"name":"wp","href":"https:\/\/api.w.org\/{rel}","templated":true}]}}