




{"id":7132,"date":"2024-12-28T01:07:21","date_gmt":"2024-12-28T01:07:21","guid":{"rendered":"https:\/\/dev.jazzywalls.com\/mellandagsrea\/"},"modified":"2025-01-06T23:16:37","modified_gmt":"2025-01-06T23:16:37","slug":"mellandagsrea","status":"publish","type":"page","link":"https:\/\/dev.jazzywalls.com\/sv\/mellandagsrea\/","title":{"rendered":"Mellandagsrea"},"content":{"rendered":"<div class=\"wpb-content-wrapper\">[vc_row et_full_width=&#8221;true&#8221; et_row_padding=&#8221;true&#8221; et_column_align=&#8221;align-center&#8221; parallax=&#8221;content-moving&#8221;][vc_column et_column_color=&#8221;et-light-column&#8221;]\r\n\t\t<div class=\"et-banner-69f39c7bb81d2 et-banner content-full  image-type-css vh-height text-color-light hover-effect  jazzy-page-hero-sale\"  style=\"height: 50vh;\"><div class=\"et-banner-image\" role=\"img\" aria-label=\"kids-room\" data-image=\"https:\/\/dev.jazzywalls.com\/wp-content\/uploads\/2024\/12\/kids-room.jpg\" style=\"background-image: url(https:\/\/dev.jazzywalls.com\/wp-content\/uploads\/2024\/12\/kids-room.jpg);\"><\/div>\r\n\t\t\t<div class=\"et-banner-content\">\r\n\t\t\t\t<div class=\"et-banner-content-inner container\">\r\n\t\t\t\t\t<div class=\"et-banner-text h_center v_center align_center\">\r\n\t\t\t\t\t\t<div class=\"et-banner-text-inner animated\" data-animate=\"et-fadeInUp\"><h1 class=\"et-banner-title color- xlarge\">Mellandagsrea<\/h1><div class=\"et-banner-paragraph\"><p><span style=\"display: none;\">\u00a0<\/span><\/p>\n<\/div><\/div>\r\n\t\t\t\t\t<\/div>\r\n\t\t\t\t<\/div>\r\n\t\t\t<\/div>\r\n\t\t<\/div>[\/vc_column][\/vc_row][vc_row et_full_width=&#8221;true&#8221; et_row_padding=&#8221;true&#8221; css=&#8221;.vc_custom_1735178621361{padding-top: 60px !important;padding-bottom: 60px !important;}&#8221; el_id=&#8221;editors-pick&#8221;][vc_column animation=&#8221;animation bottom-to-top&#8221;][vc_row_inner et_row_padding=&#8221;true&#8221; el_id=&#8221;editors-pick&#8221;][vc_column_inner][vc_column_text css=&#8221;&#8221;]\n<p style=\"text-align: center;\">Mellandagsrean \u00e4r slut f\u00f6r denna g\u00e5ng. Fler kampanjer kommer, var s\u00e5 s\u00e4ker!<\/p>\n<p style=\"text-align: center;\">Orkar du inte v\u00e4nta s\u00e5 ligger f\u00f6rst\u00e5s alla v\u00e5ra fantastiska art prints och v\u00e4ntar p\u00e5 dig redan nu! \ud83d\ude42<\/p>\n[\/vc_column_text]\t\t<div id=\"et-button-69f39c7bb88a1\" class=\"et_btn_align_center \">\n\t\t\t<a href=\"https:\/\/dev.jazzywalls.com\/sv\/shop\/\" class=\" et_btn button et_btn_lg solid color- button-shadow  \"  role=\"button\" title=\"Alla art prints\" ><span>Alla art prints<\/span><\/a>\n\t\t<\/div>\n\t\t\n\t[\/vc_column_inner][\/vc_row_inner][\/vc_column][\/vc_row]\n<\/div>","protected":false},"excerpt":{"rendered":"<p>[vc_row et_full_width=&#8221;true&#8221; et_row_padding=&#8221;true&#8221; et_column_align=&#8221;align-center&#8221; parallax=&#8221;content-moving&#8221;][vc_column et_column_color=&#8221;et-light-column&#8221;][\/vc_column][\/vc_row][vc_row et_full_width=&#8221;true&#8221; et_row_padding=&#8221;true&#8221; css=&#8221;.vc_custom_1735178621361{padding-top: 60px !important;padding-bottom: 60px !important;}&#8221; el_id=&#8221;editors-pick&#8221;][vc_column animation=&#8221;animation bottom-to-top&#8221;][vc_row_inner et_row_padding=&#8221;true&#8221; el_id=&#8221;editors-pick&#8221;][vc_column_inner][vc_column_text css=&#8221;&#8221;] Mellandagsrean \u00e4r slut f\u00f6r denna g\u00e5ng. Fler kampanjer kommer, var s\u00e5 s\u00e4ker! Orkar du inte v\u00e4nta s\u00e5 ligger f\u00f6rst\u00e5s alla v\u00e5ra fantastiska art prints och v\u00e4ntar p\u00e5 dig redan nu! \ud83d\ude42 [&hellip;]<\/p>\n","protected":false},"author":1,"featured_media":0,"parent":0,"menu_order":0,"comment_status":"closed","ping_status":"closed","template":"","meta":{"_acf_changed":false,"footnotes":""},"class_list":["post-7132","page","type-page","status-publish","hentry"],"acf":[],"yoast_head":"<!-- This site is optimized with the Yoast SEO plugin v27.2 - https:\/\/yoast.com\/product\/yoast-seo-wordpress\/ -->\n<title>Mellandagsrea - Jazzy Walls Sthlm<\/title>\n<meta name=\"robots\" content=\"index, follow, max-snippet:-1, max-image-preview:large, max-video-preview:-1\" \/>\n<link rel=\"canonical\" href=\"https:\/\/dev.jazzywalls.com\/sv\/mellandagsrea\/\" \/>\n<meta property=\"og:locale\" content=\"en_US\" \/>\n<meta property=\"og:type\" content=\"article\" \/>\n<meta property=\"og:title\" content=\"Mellandagsrea - Jazzy Walls Sthlm\" \/>\n<meta property=\"og:description\" content=\"[vc_row et_full_width=&#8221;true&#8221; et_row_padding=&#8221;true&#8221; et_column_align=&#8221;align-center&#8221; parallax=&#8221;content-moving&#8221;][vc_column et_column_color=&#8221;et-light-column&#8221;][\/vc_column][\/vc_row][vc_row et_full_width=&#8221;true&#8221; et_row_padding=&#8221;true&#8221; css=&#8221;.vc_custom_1735178621361{padding-top: 60px !important;padding-bottom: 60px !important;}&#8221; el_id=&#8221;editors-pick&#8221;][vc_column animation=&#8221;animation bottom-to-top&#8221;][vc_row_inner et_row_padding=&#8221;true&#8221; el_id=&#8221;editors-pick&#8221;][vc_column_inner][vc_column_text css=&#8221;&#8221;] Mellandagsrean \u00e4r slut f\u00f6r denna g\u00e5ng. Fler kampanjer kommer, var s\u00e5 s\u00e4ker! Orkar du inte v\u00e4nta s\u00e5 ligger f\u00f6rst\u00e5s alla v\u00e5ra fantastiska art prints och v\u00e4ntar p\u00e5 dig redan nu! \ud83d\ude42 [&hellip;]\" \/>\n<meta property=\"og:url\" content=\"https:\/\/dev.jazzywalls.com\/sv\/mellandagsrea\/\" \/>\n<meta property=\"og:site_name\" content=\"Jazzy Walls Sthlm\" \/>\n<meta property=\"article:publisher\" content=\"https:\/\/www.facebook.com\/jazzywallssthlm\" \/>\n<meta property=\"article:modified_time\" content=\"2025-01-06T23:16:37+00:00\" \/>\n<meta property=\"og:image\" content=\"https:\/\/dev.jazzywalls.com\/wp-content\/uploads\/2024\/10\/jazzy-walls-welcome-autumn-reversed-1.jpg\" \/>\n\t<meta property=\"og:image:width\" content=\"1800\" \/>\n\t<meta property=\"og:image:height\" content=\"1356\" \/>\n\t<meta property=\"og:image:type\" content=\"image\/jpeg\" \/>\n<meta name=\"twitter:card\" content=\"summary_large_image\" \/>\n<meta name=\"twitter:label1\" content=\"Est. reading time\" \/>\n\t<meta name=\"twitter:data1\" content=\"1 minute\" \/>\n<script type=\"application\/ld+json\" class=\"yoast-schema-graph\">{\"@context\":\"https:\/\/schema.org\",\"@graph\":[{\"@type\":\"WebPage\",\"@id\":\"https:\/\/dev.jazzywalls.com\/sv\/mellandagsrea\/\",\"url\":\"https:\/\/dev.jazzywalls.com\/sv\/mellandagsrea\/\",\"name\":\"Mellandagsrea - Jazzy Walls Sthlm\",\"isPartOf\":{\"@id\":\"https:\/\/dev.jazzywalls.com\/sv\/#website\"},\"datePublished\":\"2024-12-28T01:07:21+00:00\",\"dateModified\":\"2025-01-06T23:16:37+00:00\",\"breadcrumb\":{\"@id\":\"https:\/\/dev.jazzywalls.com\/sv\/mellandagsrea\/#breadcrumb\"},\"inLanguage\":\"en-US\",\"potentialAction\":[{\"@type\":\"ReadAction\",\"target\":[\"https:\/\/dev.jazzywalls.com\/sv\/mellandagsrea\/\"]}]},{\"@type\":\"BreadcrumbList\",\"@id\":\"https:\/\/dev.jazzywalls.com\/sv\/mellandagsrea\/#breadcrumb\",\"itemListElement\":[{\"@type\":\"ListItem\",\"position\":1,\"name\":\"Home\",\"item\":\"https:\/\/dev.jazzywalls.com\/sv\/\"},{\"@type\":\"ListItem\",\"position\":2,\"name\":\"Mellandagsrea\"}]},{\"@type\":\"WebSite\",\"@id\":\"https:\/\/dev.jazzywalls.com\/sv\/#website\",\"url\":\"https:\/\/dev.jazzywalls.com\/sv\/\",\"name\":\"Jazzy Walls Sthlm\",\"description\":\"Art &amp; Decor\",\"publisher\":{\"@id\":\"https:\/\/dev.jazzywalls.com\/sv\/#organization\"},\"alternateName\":\"Jazzy Walls\",\"potentialAction\":[{\"@type\":\"SearchAction\",\"target\":{\"@type\":\"EntryPoint\",\"urlTemplate\":\"https:\/\/dev.jazzywalls.com\/sv\/?s={search_term_string}\"},\"query-input\":{\"@type\":\"PropertyValueSpecification\",\"valueRequired\":true,\"valueName\":\"search_term_string\"}}],\"inLanguage\":\"en-US\"},{\"@type\":\"Organization\",\"@id\":\"https:\/\/dev.jazzywalls.com\/sv\/#organization\",\"name\":\"Jazzy Walls Sthlm\",\"alternateName\":\"Jazzy Walls\",\"url\":\"https:\/\/dev.jazzywalls.com\/sv\/\",\"logo\":{\"@type\":\"ImageObject\",\"inLanguage\":\"en-US\",\"@id\":\"https:\/\/dev.jazzywalls.com\/sv\/#\/schema\/logo\/image\/\",\"url\":\"https:\/\/dev.jazzywalls.com\/wp-content\/uploads\/2024\/10\/JazzyWalls-logo-lilac.png\",\"contentUrl\":\"https:\/\/dev.jazzywalls.com\/wp-content\/uploads\/2024\/10\/JazzyWalls-logo-lilac.png\",\"width\":656,\"height\":740,\"caption\":\"Jazzy Walls Sthlm\"},\"image\":{\"@id\":\"https:\/\/dev.jazzywalls.com\/sv\/#\/schema\/logo\/image\/\"},\"sameAs\":[\"https:\/\/www.facebook.com\/jazzywallssthlm\",\"https:\/\/www.instagram.com\/jazzywalls\"]}]}<\/script>\n<!-- \/ Yoast SEO plugin. -->","yoast_head_json":{"title":"Mellandagsrea - Jazzy Walls Sthlm","robots":{"index":"index","follow":"follow","max-snippet":"max-snippet:-1","max-image-preview":"max-image-preview:large","max-video-preview":"max-video-preview:-1"},"canonical":"https:\/\/dev.jazzywalls.com\/sv\/mellandagsrea\/","og_locale":"en_US","og_type":"article","og_title":"Mellandagsrea - Jazzy Walls Sthlm","og_description":"[vc_row et_full_width=&#8221;true&#8221; et_row_padding=&#8221;true&#8221; et_column_align=&#8221;align-center&#8221; parallax=&#8221;content-moving&#8221;][vc_column et_column_color=&#8221;et-light-column&#8221;][\/vc_column][\/vc_row][vc_row et_full_width=&#8221;true&#8221; et_row_padding=&#8221;true&#8221; css=&#8221;.vc_custom_1735178621361{padding-top: 60px !important;padding-bottom: 60px !important;}&#8221; el_id=&#8221;editors-pick&#8221;][vc_column animation=&#8221;animation bottom-to-top&#8221;][vc_row_inner et_row_padding=&#8221;true&#8221; el_id=&#8221;editors-pick&#8221;][vc_column_inner][vc_column_text css=&#8221;&#8221;] Mellandagsrean \u00e4r slut f\u00f6r denna g\u00e5ng. Fler kampanjer kommer, var s\u00e5 s\u00e4ker! Orkar du inte v\u00e4nta s\u00e5 ligger f\u00f6rst\u00e5s alla v\u00e5ra fantastiska art prints och v\u00e4ntar p\u00e5 dig redan nu! \ud83d\ude42 [&hellip;]","og_url":"https:\/\/dev.jazzywalls.com\/sv\/mellandagsrea\/","og_site_name":"Jazzy Walls Sthlm","article_publisher":"https:\/\/www.facebook.com\/jazzywallssthlm","article_modified_time":"2025-01-06T23:16:37+00:00","og_image":[{"width":1800,"height":1356,"url":"https:\/\/dev.jazzywalls.com\/wp-content\/uploads\/2024\/10\/jazzy-walls-welcome-autumn-reversed-1.jpg","type":"image\/jpeg"}],"twitter_card":"summary_large_image","twitter_misc":{"Est. reading time":"1 minute"},"schema":{"@context":"https:\/\/schema.org","@graph":[{"@type":"WebPage","@id":"https:\/\/dev.jazzywalls.com\/sv\/mellandagsrea\/","url":"https:\/\/dev.jazzywalls.com\/sv\/mellandagsrea\/","name":"Mellandagsrea - Jazzy Walls Sthlm","isPartOf":{"@id":"https:\/\/dev.jazzywalls.com\/sv\/#website"},"datePublished":"2024-12-28T01:07:21+00:00","dateModified":"2025-01-06T23:16:37+00:00","breadcrumb":{"@id":"https:\/\/dev.jazzywalls.com\/sv\/mellandagsrea\/#breadcrumb"},"inLanguage":"en-US","potentialAction":[{"@type":"ReadAction","target":["https:\/\/dev.jazzywalls.com\/sv\/mellandagsrea\/"]}]},{"@type":"BreadcrumbList","@id":"https:\/\/dev.jazzywalls.com\/sv\/mellandagsrea\/#breadcrumb","itemListElement":[{"@type":"ListItem","position":1,"name":"Home","item":"https:\/\/dev.jazzywalls.com\/sv\/"},{"@type":"ListItem","position":2,"name":"Mellandagsrea"}]},{"@type":"WebSite","@id":"https:\/\/dev.jazzywalls.com\/sv\/#website","url":"https:\/\/dev.jazzywalls.com\/sv\/","name":"Jazzy Walls Sthlm","description":"Art &amp; Decor","publisher":{"@id":"https:\/\/dev.jazzywalls.com\/sv\/#organization"},"alternateName":"Jazzy Walls","potentialAction":[{"@type":"SearchAction","target":{"@type":"EntryPoint","urlTemplate":"https:\/\/dev.jazzywalls.com\/sv\/?s={search_term_string}"},"query-input":{"@type":"PropertyValueSpecification","valueRequired":true,"valueName":"search_term_string"}}],"inLanguage":"en-US"},{"@type":"Organization","@id":"https:\/\/dev.jazzywalls.com\/sv\/#organization","name":"Jazzy Walls Sthlm","alternateName":"Jazzy Walls","url":"https:\/\/dev.jazzywalls.com\/sv\/","logo":{"@type":"ImageObject","inLanguage":"en-US","@id":"https:\/\/dev.jazzywalls.com\/sv\/#\/schema\/logo\/image\/","url":"https:\/\/dev.jazzywalls.com\/wp-content\/uploads\/2024\/10\/JazzyWalls-logo-lilac.png","contentUrl":"https:\/\/dev.jazzywalls.com\/wp-content\/uploads\/2024\/10\/JazzyWalls-logo-lilac.png","width":656,"height":740,"caption":"Jazzy Walls Sthlm"},"image":{"@id":"https:\/\/dev.jazzywalls.com\/sv\/#\/schema\/logo\/image\/"},"sameAs":["https:\/\/www.facebook.com\/jazzywallssthlm","https:\/\/www.instagram.com\/jazzywalls"]}]}},"_links":{"self":[{"href":"https:\/\/dev.jazzywalls.com\/sv\/wp-json\/wp\/v2\/pages\/7132","targetHints":{"allow":["GET"]}}],"collection":[{"href":"https:\/\/dev.jazzywalls.com\/sv\/wp-json\/wp\/v2\/pages"}],"about":[{"href":"https:\/\/dev.jazzywalls.com\/sv\/wp-json\/wp\/v2\/types\/page"}],"author":[{"embeddable":true,"href":"https:\/\/dev.jazzywalls.com\/sv\/wp-json\/wp\/v2\/users\/1"}],"replies":[{"embeddable":true,"href":"https:\/\/dev.jazzywalls.com\/sv\/wp-json\/wp\/v2\/comments?post=7132"}],"version-history":[{"count":9,"href":"https:\/\/dev.jazzywalls.com\/sv\/wp-json\/wp\/v2\/pages\/7132\/revisions"}],"predecessor-version":[{"id":7735,"href":"https:\/\/dev.jazzywalls.com\/sv\/wp-json\/wp\/v2\/pages\/7132\/revisions\/7735"}],"wp:attachment":[{"href":"https:\/\/dev.jazzywalls.com\/sv\/wp-json\/wp\/v2\/media?parent=7132"}],"curies":[{"name":"wp","href":"https:\/\/api.w.org\/{rel}","templated":true}]}}