




{"id":12443,"date":"2025-03-10T10:00:03","date_gmt":"2025-03-10T09:00:03","guid":{"rendered":"https:\/\/dev.jazzywalls.com\/?post_type=product&#038;p=12443"},"modified":"2025-03-10T10:09:37","modified_gmt":"2025-03-10T10:09:37","slug":"q","status":"publish","type":"product","link":"https:\/\/dev.jazzywalls.com\/sv\/produkt\/q\/","title":{"rendered":"Q"},"content":{"rendered":"<p>Kvinnosymbolen m\u00e5lad inf\u00f6r internationella kvinnodagen 2024. Minisarna med olika personligheter och uttryck symboliserar kvinnans r\u00e4tt till att vara den hon \u00e4r. Oavsett vilken f\u00e4rg hon b\u00e4r, var hon \u00e4r, n\u00e4r hon \u00e4r eller hur hon \u00e4r.<\/p>\n<p>Art print i gallerikvalitet tryckt p\u00e5 matt fine art-papper f\u00f6r b\u00e4sta f\u00e4rg\u00e5tergivning.<\/p>\n","protected":false},"excerpt":{"rendered":"<p>Kvinnosymbolen m\u00e5lad inf\u00f6r internationella kvinnodagen 2024. Minisarna med olika personligheter och uttryck symboliserar kvinnans r\u00e4tt till att vara den hon \u00e4r. Oavsett vilken f\u00e4rg hon b\u00e4r, var hon \u00e4r, n\u00e4r hon \u00e4r eller hur hon \u00e4r. Art print i gallerikvalitet tryckt p\u00e5 matt fine art-papper f\u00f6r b\u00e4sta f\u00e4rg\u00e5tergivning.<\/p>\n","protected":false},"featured_media":12457,"comment_status":"open","ping_status":"closed","template":"","meta":{"_acf_changed":false},"product_brand":[],"product_cat":[139,303,353,186,191,158],"product_tag":[419,376,380],"orientation":[135],"artist":[334],"pricegroup":[273],"featured":[573],"jazzy-theme":[],"class_list":{"0":"et-listing-style4","1":"post-12443","2":"product","3":"type-product","4":"status-publish","5":"has-post-thumbnail","7":"product_cat-alla-Artprints","8":"product_cat-faglar","9":"product_cat-akryl","10":"product_cat-djur","11":"product_cat-malningar","12":"product_cat-skapat-av-manniskor","13":"product_tag-kvinna","14":"product_tag-jennyblueart","15":"product_tag-ogonfagel","16":"pa_color-red","17":"pa_color-orange","18":"pa_color-pink","19":"pa_color-blue","20":"pa_color-yellow","21":"pa_color-purple","22":"pa_size-70x100-cm","23":"pa_size-21-x-30-cm","24":"pa_size-100x140-cm","25":"pa_size-30-x-40-cm","26":"pa_size-50-x-70-cm","27":"orientation-portrait","28":"artist-jenny-blue-johansson","29":"pricegroup-prisgrupp-b","30":"featured-is-featured","32":"first","33":"instock","34":"featured","35":"taxable","36":"shipping-taxable","37":"purchasable","38":"product-type-variable","39":"has-default-attributes"},"acf":[],"yoast_head":"<!-- This site is optimized with the Yoast SEO plugin v27.2 - https:\/\/yoast.com\/product\/yoast-seo-wordpress\/ -->\n<title>Q - Jazzy Walls Sthlm<\/title>\n<meta name=\"robots\" content=\"index, follow, max-snippet:-1, max-image-preview:large, max-video-preview:-1\" \/>\n<link rel=\"canonical\" href=\"https:\/\/dev.jazzywalls.com\/sv\/produkt\/q\/\" \/>\n<meta property=\"og:locale\" content=\"en_US\" \/>\n<meta property=\"og:type\" content=\"article\" \/>\n<meta property=\"og:title\" content=\"Q - Jazzy Walls Sthlm\" \/>\n<meta property=\"og:description\" content=\"Kvinnosymbolen m\u00e5lad inf\u00f6r internationella kvinnodagen 2024. Minisarna med olika personligheter och uttryck symboliserar kvinnans r\u00e4tt till att vara den hon \u00e4r. Oavsett vilken f\u00e4rg hon b\u00e4r, var hon \u00e4r, n\u00e4r hon \u00e4r eller hur hon \u00e4r. Art print i gallerikvalitet tryckt p\u00e5 matt fine art-papper f\u00f6r b\u00e4sta f\u00e4rg\u00e5tergivning.\" \/>\n<meta property=\"og:url\" content=\"https:\/\/dev.jazzywalls.com\/sv\/produkt\/q\/\" \/>\n<meta property=\"og:site_name\" content=\"Jazzy Walls Sthlm\" \/>\n<meta property=\"article:publisher\" content=\"https:\/\/www.facebook.com\/jazzywallssthlm\" \/>\n<meta property=\"article:modified_time\" content=\"2025-03-10T10:09:37+00:00\" \/>\n<meta property=\"og:image\" content=\"https:\/\/dev.jazzywalls.com\/wp-content\/uploads\/2025\/03\/JennyBlue-Q-center.jpg\" \/>\n\t<meta property=\"og:image:width\" content=\"560\" \/>\n\t<meta property=\"og:image:height\" content=\"784\" \/>\n\t<meta property=\"og:image:type\" content=\"image\/jpeg\" \/>\n<meta name=\"twitter:card\" content=\"summary_large_image\" \/>\n<script type=\"application\/ld+json\" class=\"yoast-schema-graph\">{\"@context\":\"https:\/\/schema.org\",\"@graph\":[{\"@type\":\"WebPage\",\"@id\":\"https:\/\/dev.jazzywalls.com\/sv\/produkt\/q\/\",\"url\":\"https:\/\/dev.jazzywalls.com\/sv\/produkt\/q\/\",\"name\":\"Q - Jazzy Walls Sthlm\",\"isPartOf\":{\"@id\":\"https:\/\/dev.jazzywalls.com\/sv\/#website\"},\"primaryImageOfPage\":{\"@id\":\"https:\/\/dev.jazzywalls.com\/sv\/produkt\/q\/#primaryimage\"},\"image\":{\"@id\":\"https:\/\/dev.jazzywalls.com\/sv\/produkt\/q\/#primaryimage\"},\"thumbnailUrl\":\"https:\/\/dev.jazzywalls.com\/wp-content\/uploads\/2025\/03\/JennyBlue-Q-center.jpg\",\"datePublished\":\"2025-03-10T09:00:03+00:00\",\"dateModified\":\"2025-03-10T10:09:37+00:00\",\"breadcrumb\":{\"@id\":\"https:\/\/dev.jazzywalls.com\/sv\/produkt\/q\/#breadcrumb\"},\"inLanguage\":\"en-US\",\"potentialAction\":[{\"@type\":\"ReadAction\",\"target\":[\"https:\/\/dev.jazzywalls.com\/sv\/produkt\/q\/\"]}]},{\"@type\":\"ImageObject\",\"inLanguage\":\"en-US\",\"@id\":\"https:\/\/dev.jazzywalls.com\/sv\/produkt\/q\/#primaryimage\",\"url\":\"https:\/\/dev.jazzywalls.com\/wp-content\/uploads\/2025\/03\/JennyBlue-Q-center.jpg\",\"contentUrl\":\"https:\/\/dev.jazzywalls.com\/wp-content\/uploads\/2025\/03\/JennyBlue-Q-center.jpg\",\"width\":560,\"height\":784,\"caption\":\"JennyBlue - Q\"},{\"@type\":\"BreadcrumbList\",\"@id\":\"https:\/\/dev.jazzywalls.com\/sv\/produkt\/q\/#breadcrumb\",\"itemListElement\":[{\"@type\":\"ListItem\",\"position\":1,\"name\":\"Home\",\"item\":\"https:\/\/dev.jazzywalls.com\/sv\/\"},{\"@type\":\"ListItem\",\"position\":2,\"name\":\"Art Prints fr\u00e5n v\u00e5ra kreat\u00f6rer\",\"item\":\"https:\/\/dev.jazzywalls.com\/sv\/shop\/\"},{\"@type\":\"ListItem\",\"position\":3,\"name\":\"Q\"}]},{\"@type\":\"WebSite\",\"@id\":\"https:\/\/dev.jazzywalls.com\/sv\/#website\",\"url\":\"https:\/\/dev.jazzywalls.com\/sv\/\",\"name\":\"Jazzy Walls Sthlm\",\"description\":\"Art &amp; Decor\",\"publisher\":{\"@id\":\"https:\/\/dev.jazzywalls.com\/sv\/#organization\"},\"alternateName\":\"Jazzy Walls\",\"potentialAction\":[{\"@type\":\"SearchAction\",\"target\":{\"@type\":\"EntryPoint\",\"urlTemplate\":\"https:\/\/dev.jazzywalls.com\/sv\/?s={search_term_string}\"},\"query-input\":{\"@type\":\"PropertyValueSpecification\",\"valueRequired\":true,\"valueName\":\"search_term_string\"}}],\"inLanguage\":\"en-US\"},{\"@type\":\"Organization\",\"@id\":\"https:\/\/dev.jazzywalls.com\/sv\/#organization\",\"name\":\"Jazzy Walls Sthlm\",\"alternateName\":\"Jazzy Walls\",\"url\":\"https:\/\/dev.jazzywalls.com\/sv\/\",\"logo\":{\"@type\":\"ImageObject\",\"inLanguage\":\"en-US\",\"@id\":\"https:\/\/dev.jazzywalls.com\/sv\/#\/schema\/logo\/image\/\",\"url\":\"https:\/\/dev.jazzywalls.com\/wp-content\/uploads\/2024\/10\/JazzyWalls-logo-lilac.png\",\"contentUrl\":\"https:\/\/dev.jazzywalls.com\/wp-content\/uploads\/2024\/10\/JazzyWalls-logo-lilac.png\",\"width\":656,\"height\":740,\"caption\":\"Jazzy Walls Sthlm\"},\"image\":{\"@id\":\"https:\/\/dev.jazzywalls.com\/sv\/#\/schema\/logo\/image\/\"},\"sameAs\":[\"https:\/\/www.facebook.com\/jazzywallssthlm\",\"https:\/\/www.instagram.com\/jazzywalls\"]}]}<\/script>\n<!-- \/ Yoast SEO plugin. -->","yoast_head_json":{"title":"Q - Jazzy Walls Sthlm","robots":{"index":"index","follow":"follow","max-snippet":"max-snippet:-1","max-image-preview":"max-image-preview:large","max-video-preview":"max-video-preview:-1"},"canonical":"https:\/\/dev.jazzywalls.com\/sv\/produkt\/q\/","og_locale":"en_US","og_type":"article","og_title":"Q - Jazzy Walls Sthlm","og_description":"Kvinnosymbolen m\u00e5lad inf\u00f6r internationella kvinnodagen 2024. Minisarna med olika personligheter och uttryck symboliserar kvinnans r\u00e4tt till att vara den hon \u00e4r. Oavsett vilken f\u00e4rg hon b\u00e4r, var hon \u00e4r, n\u00e4r hon \u00e4r eller hur hon \u00e4r. Art print i gallerikvalitet tryckt p\u00e5 matt fine art-papper f\u00f6r b\u00e4sta f\u00e4rg\u00e5tergivning.","og_url":"https:\/\/dev.jazzywalls.com\/sv\/produkt\/q\/","og_site_name":"Jazzy Walls Sthlm","article_publisher":"https:\/\/www.facebook.com\/jazzywallssthlm","article_modified_time":"2025-03-10T10:09:37+00:00","og_image":[{"width":560,"height":784,"url":"https:\/\/dev.jazzywalls.com\/wp-content\/uploads\/2025\/03\/JennyBlue-Q-center.jpg","type":"image\/jpeg"}],"twitter_card":"summary_large_image","schema":{"@context":"https:\/\/schema.org","@graph":[{"@type":"WebPage","@id":"https:\/\/dev.jazzywalls.com\/sv\/produkt\/q\/","url":"https:\/\/dev.jazzywalls.com\/sv\/produkt\/q\/","name":"Q - Jazzy Walls Sthlm","isPartOf":{"@id":"https:\/\/dev.jazzywalls.com\/sv\/#website"},"primaryImageOfPage":{"@id":"https:\/\/dev.jazzywalls.com\/sv\/produkt\/q\/#primaryimage"},"image":{"@id":"https:\/\/dev.jazzywalls.com\/sv\/produkt\/q\/#primaryimage"},"thumbnailUrl":"https:\/\/dev.jazzywalls.com\/wp-content\/uploads\/2025\/03\/JennyBlue-Q-center.jpg","datePublished":"2025-03-10T09:00:03+00:00","dateModified":"2025-03-10T10:09:37+00:00","breadcrumb":{"@id":"https:\/\/dev.jazzywalls.com\/sv\/produkt\/q\/#breadcrumb"},"inLanguage":"en-US","potentialAction":[{"@type":"ReadAction","target":["https:\/\/dev.jazzywalls.com\/sv\/produkt\/q\/"]}]},{"@type":"ImageObject","inLanguage":"en-US","@id":"https:\/\/dev.jazzywalls.com\/sv\/produkt\/q\/#primaryimage","url":"https:\/\/dev.jazzywalls.com\/wp-content\/uploads\/2025\/03\/JennyBlue-Q-center.jpg","contentUrl":"https:\/\/dev.jazzywalls.com\/wp-content\/uploads\/2025\/03\/JennyBlue-Q-center.jpg","width":560,"height":784,"caption":"JennyBlue - Q"},{"@type":"BreadcrumbList","@id":"https:\/\/dev.jazzywalls.com\/sv\/produkt\/q\/#breadcrumb","itemListElement":[{"@type":"ListItem","position":1,"name":"Home","item":"https:\/\/dev.jazzywalls.com\/sv\/"},{"@type":"ListItem","position":2,"name":"Art Prints fr\u00e5n v\u00e5ra kreat\u00f6rer","item":"https:\/\/dev.jazzywalls.com\/sv\/shop\/"},{"@type":"ListItem","position":3,"name":"Q"}]},{"@type":"WebSite","@id":"https:\/\/dev.jazzywalls.com\/sv\/#website","url":"https:\/\/dev.jazzywalls.com\/sv\/","name":"Jazzy Walls Sthlm","description":"Art &amp; Decor","publisher":{"@id":"https:\/\/dev.jazzywalls.com\/sv\/#organization"},"alternateName":"Jazzy Walls","potentialAction":[{"@type":"SearchAction","target":{"@type":"EntryPoint","urlTemplate":"https:\/\/dev.jazzywalls.com\/sv\/?s={search_term_string}"},"query-input":{"@type":"PropertyValueSpecification","valueRequired":true,"valueName":"search_term_string"}}],"inLanguage":"en-US"},{"@type":"Organization","@id":"https:\/\/dev.jazzywalls.com\/sv\/#organization","name":"Jazzy Walls Sthlm","alternateName":"Jazzy Walls","url":"https:\/\/dev.jazzywalls.com\/sv\/","logo":{"@type":"ImageObject","inLanguage":"en-US","@id":"https:\/\/dev.jazzywalls.com\/sv\/#\/schema\/logo\/image\/","url":"https:\/\/dev.jazzywalls.com\/wp-content\/uploads\/2024\/10\/JazzyWalls-logo-lilac.png","contentUrl":"https:\/\/dev.jazzywalls.com\/wp-content\/uploads\/2024\/10\/JazzyWalls-logo-lilac.png","width":656,"height":740,"caption":"Jazzy Walls Sthlm"},"image":{"@id":"https:\/\/dev.jazzywalls.com\/sv\/#\/schema\/logo\/image\/"},"sameAs":["https:\/\/www.facebook.com\/jazzywallssthlm","https:\/\/www.instagram.com\/jazzywalls"]}]}},"_links":{"self":[{"href":"https:\/\/dev.jazzywalls.com\/sv\/wp-json\/wp\/v2\/product\/12443","targetHints":{"allow":["GET"]}}],"collection":[{"href":"https:\/\/dev.jazzywalls.com\/sv\/wp-json\/wp\/v2\/product"}],"about":[{"href":"https:\/\/dev.jazzywalls.com\/sv\/wp-json\/wp\/v2\/types\/product"}],"replies":[{"embeddable":true,"href":"https:\/\/dev.jazzywalls.com\/sv\/wp-json\/wp\/v2\/comments?post=12443"}],"wp:featuredmedia":[{"embeddable":true,"href":"https:\/\/dev.jazzywalls.com\/sv\/wp-json\/wp\/v2\/media\/12457"}],"wp:attachment":[{"href":"https:\/\/dev.jazzywalls.com\/sv\/wp-json\/wp\/v2\/media?parent=12443"}],"wp:term":[{"taxonomy":"product_brand","embeddable":true,"href":"https:\/\/dev.jazzywalls.com\/sv\/wp-json\/wp\/v2\/product_brand?post=12443"},{"taxonomy":"product_cat","embeddable":true,"href":"https:\/\/dev.jazzywalls.com\/sv\/wp-json\/wp\/v2\/product_cat?post=12443"},{"taxonomy":"product_tag","embeddable":true,"href":"https:\/\/dev.jazzywalls.com\/sv\/wp-json\/wp\/v2\/product_tag?post=12443"},{"taxonomy":"orientation","embeddable":true,"href":"https:\/\/dev.jazzywalls.com\/sv\/wp-json\/wp\/v2\/orientation?post=12443"},{"taxonomy":"artist","embeddable":true,"href":"https:\/\/dev.jazzywalls.com\/sv\/wp-json\/wp\/v2\/artist?post=12443"},{"taxonomy":"pricegroup","embeddable":true,"href":"https:\/\/dev.jazzywalls.com\/sv\/wp-json\/wp\/v2\/pricegroup?post=12443"},{"taxonomy":"featured","embeddable":true,"href":"https:\/\/dev.jazzywalls.com\/sv\/wp-json\/wp\/v2\/featured?post=12443"},{"taxonomy":"jazzy-theme","embeddable":true,"href":"https:\/\/dev.jazzywalls.com\/sv\/wp-json\/wp\/v2\/jazzy-theme?post=12443"}],"curies":[{"name":"wp","href":"https:\/\/api.w.org\/{rel}","templated":true}]}}