




{"id":12621,"date":"2025-03-17T08:35:43","date_gmt":"2025-03-17T07:35:43","guid":{"rendered":"https:\/\/dev.jazzywalls.com\/?post_type=product&#038;p=12621"},"modified":"2025-05-28T01:28:13","modified_gmt":"2025-05-28T00:28:13","slug":"aim-high","status":"publish","type":"product","link":"https:\/\/dev.jazzywalls.com\/sv\/produkt\/aim-high\/","title":{"rendered":"Sikta h\u00f6gt"},"content":{"rendered":"<p>Art print i gallerikvalitet tryckt p\u00e5 matt fine art-papper f\u00f6r b\u00e4sta f\u00e4rg\u00e5tergivning.<\/p>\n","protected":false},"excerpt":{"rendered":"<p>Art print i gallerikvalitet tryckt p\u00e5 matt fine art-papper f\u00f6r b\u00e4sta f\u00e4rg\u00e5tergivning.<\/p>\n","protected":false},"featured_media":12654,"comment_status":"open","ping_status":"closed","template":"","meta":{"_acf_changed":false},"product_brand":[],"product_cat":[139,353,191,158],"product_tag":[395,396,397,398],"orientation":[135],"artist":[384],"pricegroup":[274],"featured":[573],"jazzy-theme":[622],"class_list":{"0":"et-listing-style4","1":"post-12621","2":"product","3":"type-product","4":"status-publish","5":"has-post-thumbnail","7":"product_cat-alla-Artprints","8":"product_cat-akryl","9":"product_cat-malningar","10":"product_cat-skapat-av-manniskor","11":"product_tag-ballong","12":"product_tag-moln","13":"product_tag-luftballong","14":"product_tag-himmel","15":"pa_color-blue","16":"pa_color-black","17":"pa_color-gray","18":"pa_color-white","19":"pa_size-50-x-70-cm","20":"pa_size-21-x-30-cm","21":"pa_size-70x100-cm","22":"pa_size-100x140-cm","23":"pa_size-30-x-40-cm","24":"orientation-portrait","25":"artist-petra-maison","26":"pricegroup-prisgrupp-c","27":"featured-is-featured","28":"jazzy-theme-sommar","30":"first","31":"instock","32":"featured","33":"taxable","34":"shipping-taxable","35":"purchasable","36":"product-type-variable","37":"has-default-attributes"},"acf":[],"yoast_head":"<!-- This site is optimized with the Yoast SEO plugin v27.2 - https:\/\/yoast.com\/product\/yoast-seo-wordpress\/ -->\n<title>Sikta h\u00f6gt - Jazzy Walls Sthlm<\/title>\n<meta name=\"robots\" content=\"index, follow, max-snippet:-1, max-image-preview:large, max-video-preview:-1\" \/>\n<link rel=\"canonical\" href=\"https:\/\/dev.jazzywalls.com\/sv\/produkt\/aim-high\/\" \/>\n<meta property=\"og:locale\" content=\"sv_SE\" \/>\n<meta property=\"og:type\" content=\"article\" \/>\n<meta property=\"og:title\" content=\"Sikta h\u00f6gt - Jazzy Walls Sthlm\" \/>\n<meta property=\"og:description\" content=\"Art print i gallerikvalitet tryckt p\u00e5 matt fine art-papper f\u00f6r b\u00e4sta f\u00e4rg\u00e5tergivning.\" \/>\n<meta property=\"og:url\" content=\"https:\/\/dev.jazzywalls.com\/sv\/produkt\/aim-high\/\" \/>\n<meta property=\"og:site_name\" content=\"Jazzy Walls Sthlm\" \/>\n<meta property=\"article:publisher\" content=\"https:\/\/www.facebook.com\/jazzywallssthlm\" \/>\n<meta property=\"article:modified_time\" content=\"2025-05-28T00:28:13+00:00\" \/>\n<meta property=\"og:image\" content=\"https:\/\/dev.jazzywalls.com\/wp-content\/uploads\/2025\/03\/AlaMaison-Sikta-hogt-1.jpg\" \/>\n\t<meta property=\"og:image:width\" content=\"560\" \/>\n\t<meta property=\"og:image:height\" content=\"784\" \/>\n\t<meta property=\"og:image:type\" content=\"image\/jpeg\" \/>\n<meta name=\"twitter:card\" content=\"summary_large_image\" \/>\n<script type=\"application\/ld+json\" class=\"yoast-schema-graph\">{\"@context\":\"https:\/\/schema.org\",\"@graph\":[{\"@type\":\"WebPage\",\"@id\":\"https:\/\/dev.jazzywalls.com\/sv\/produkt\/aim-high\/\",\"url\":\"https:\/\/dev.jazzywalls.com\/sv\/produkt\/aim-high\/\",\"name\":\"Sikta h\u00f6gt - Jazzy Walls Sthlm\",\"isPartOf\":{\"@id\":\"https:\/\/dev.jazzywalls.com\/sv\/#website\"},\"primaryImageOfPage\":{\"@id\":\"https:\/\/dev.jazzywalls.com\/sv\/produkt\/aim-high\/#primaryimage\"},\"image\":{\"@id\":\"https:\/\/dev.jazzywalls.com\/sv\/produkt\/aim-high\/#primaryimage\"},\"thumbnailUrl\":\"https:\/\/dev.jazzywalls.com\/wp-content\/uploads\/2025\/03\/AlaMaison-Sikta-hogt-1.jpg\",\"datePublished\":\"2025-03-17T07:35:43+00:00\",\"dateModified\":\"2025-05-28T00:28:13+00:00\",\"breadcrumb\":{\"@id\":\"https:\/\/dev.jazzywalls.com\/sv\/produkt\/aim-high\/#breadcrumb\"},\"inLanguage\":\"sv-SE\",\"potentialAction\":[{\"@type\":\"ReadAction\",\"target\":[\"https:\/\/dev.jazzywalls.com\/sv\/produkt\/aim-high\/\"]}]},{\"@type\":\"ImageObject\",\"inLanguage\":\"sv-SE\",\"@id\":\"https:\/\/dev.jazzywalls.com\/sv\/produkt\/aim-high\/#primaryimage\",\"url\":\"https:\/\/dev.jazzywalls.com\/wp-content\/uploads\/2025\/03\/AlaMaison-Sikta-hogt-1.jpg\",\"contentUrl\":\"https:\/\/dev.jazzywalls.com\/wp-content\/uploads\/2025\/03\/AlaMaison-Sikta-hogt-1.jpg\",\"width\":560,\"height\":784,\"caption\":\"AlaMaison - Sikta h\u00f6gt\"},{\"@type\":\"BreadcrumbList\",\"@id\":\"https:\/\/dev.jazzywalls.com\/sv\/produkt\/aim-high\/#breadcrumb\",\"itemListElement\":[{\"@type\":\"ListItem\",\"position\":1,\"name\":\"Home\",\"item\":\"https:\/\/dev.jazzywalls.com\/sv\/\"},{\"@type\":\"ListItem\",\"position\":2,\"name\":\"Art Prints fr\u00e5n v\u00e5ra kreat\u00f6rer\",\"item\":\"https:\/\/dev.jazzywalls.com\/sv\/shop\/\"},{\"@type\":\"ListItem\",\"position\":3,\"name\":\"Sikta h\u00f6gt\"}]},{\"@type\":\"WebSite\",\"@id\":\"https:\/\/dev.jazzywalls.com\/sv\/#website\",\"url\":\"https:\/\/dev.jazzywalls.com\/sv\/\",\"name\":\"Jazzy Walls Sthlm\",\"description\":\"Art &amp; Decor\",\"publisher\":{\"@id\":\"https:\/\/dev.jazzywalls.com\/sv\/#organization\"},\"alternateName\":\"Jazzy Walls\",\"potentialAction\":[{\"@type\":\"SearchAction\",\"target\":{\"@type\":\"EntryPoint\",\"urlTemplate\":\"https:\/\/dev.jazzywalls.com\/sv\/?s={search_term_string}\"},\"query-input\":{\"@type\":\"PropertyValueSpecification\",\"valueRequired\":true,\"valueName\":\"search_term_string\"}}],\"inLanguage\":\"sv-SE\"},{\"@type\":\"Organization\",\"@id\":\"https:\/\/dev.jazzywalls.com\/sv\/#organization\",\"name\":\"Jazzy Walls Sthlm\",\"alternateName\":\"Jazzy Walls\",\"url\":\"https:\/\/dev.jazzywalls.com\/sv\/\",\"logo\":{\"@type\":\"ImageObject\",\"inLanguage\":\"sv-SE\",\"@id\":\"https:\/\/dev.jazzywalls.com\/sv\/#\/schema\/logo\/image\/\",\"url\":\"https:\/\/dev.jazzywalls.com\/wp-content\/uploads\/2024\/10\/JazzyWalls-logo-lilac.png\",\"contentUrl\":\"https:\/\/dev.jazzywalls.com\/wp-content\/uploads\/2024\/10\/JazzyWalls-logo-lilac.png\",\"width\":656,\"height\":740,\"caption\":\"Jazzy Walls Sthlm\"},\"image\":{\"@id\":\"https:\/\/dev.jazzywalls.com\/sv\/#\/schema\/logo\/image\/\"},\"sameAs\":[\"https:\/\/www.facebook.com\/jazzywallssthlm\",\"https:\/\/www.instagram.com\/jazzywalls\"]}]}<\/script>\n<!-- \/ Yoast SEO plugin. -->","yoast_head_json":{"title":"Sikta h\u00f6gt - Jazzy Walls Sthlm","robots":{"index":"index","follow":"follow","max-snippet":"max-snippet:-1","max-image-preview":"max-image-preview:large","max-video-preview":"max-video-preview:-1"},"canonical":"https:\/\/dev.jazzywalls.com\/sv\/produkt\/aim-high\/","og_locale":"sv_SE","og_type":"article","og_title":"Sikta h\u00f6gt - Jazzy Walls Sthlm","og_description":"Art print i gallerikvalitet tryckt p\u00e5 matt fine art-papper f\u00f6r b\u00e4sta f\u00e4rg\u00e5tergivning.","og_url":"https:\/\/dev.jazzywalls.com\/sv\/produkt\/aim-high\/","og_site_name":"Jazzy Walls Sthlm","article_publisher":"https:\/\/www.facebook.com\/jazzywallssthlm","article_modified_time":"2025-05-28T00:28:13+00:00","og_image":[{"width":560,"height":784,"url":"https:\/\/dev.jazzywalls.com\/wp-content\/uploads\/2025\/03\/AlaMaison-Sikta-hogt-1.jpg","type":"image\/jpeg"}],"twitter_card":"summary_large_image","schema":{"@context":"https:\/\/schema.org","@graph":[{"@type":"WebPage","@id":"https:\/\/dev.jazzywalls.com\/sv\/produkt\/aim-high\/","url":"https:\/\/dev.jazzywalls.com\/sv\/produkt\/aim-high\/","name":"Sikta h\u00f6gt - Jazzy Walls Sthlm","isPartOf":{"@id":"https:\/\/dev.jazzywalls.com\/sv\/#website"},"primaryImageOfPage":{"@id":"https:\/\/dev.jazzywalls.com\/sv\/produkt\/aim-high\/#primaryimage"},"image":{"@id":"https:\/\/dev.jazzywalls.com\/sv\/produkt\/aim-high\/#primaryimage"},"thumbnailUrl":"https:\/\/dev.jazzywalls.com\/wp-content\/uploads\/2025\/03\/AlaMaison-Sikta-hogt-1.jpg","datePublished":"2025-03-17T07:35:43+00:00","dateModified":"2025-05-28T00:28:13+00:00","breadcrumb":{"@id":"https:\/\/dev.jazzywalls.com\/sv\/produkt\/aim-high\/#breadcrumb"},"inLanguage":"sv-SE","potentialAction":[{"@type":"ReadAction","target":["https:\/\/dev.jazzywalls.com\/sv\/produkt\/aim-high\/"]}]},{"@type":"ImageObject","inLanguage":"sv-SE","@id":"https:\/\/dev.jazzywalls.com\/sv\/produkt\/aim-high\/#primaryimage","url":"https:\/\/dev.jazzywalls.com\/wp-content\/uploads\/2025\/03\/AlaMaison-Sikta-hogt-1.jpg","contentUrl":"https:\/\/dev.jazzywalls.com\/wp-content\/uploads\/2025\/03\/AlaMaison-Sikta-hogt-1.jpg","width":560,"height":784,"caption":"AlaMaison - Sikta h\u00f6gt"},{"@type":"BreadcrumbList","@id":"https:\/\/dev.jazzywalls.com\/sv\/produkt\/aim-high\/#breadcrumb","itemListElement":[{"@type":"ListItem","position":1,"name":"Home","item":"https:\/\/dev.jazzywalls.com\/sv\/"},{"@type":"ListItem","position":2,"name":"Art Prints fr\u00e5n v\u00e5ra kreat\u00f6rer","item":"https:\/\/dev.jazzywalls.com\/sv\/shop\/"},{"@type":"ListItem","position":3,"name":"Sikta h\u00f6gt"}]},{"@type":"WebSite","@id":"https:\/\/dev.jazzywalls.com\/sv\/#website","url":"https:\/\/dev.jazzywalls.com\/sv\/","name":"Jazzy Walls Sthlm","description":"Art &amp; Decor","publisher":{"@id":"https:\/\/dev.jazzywalls.com\/sv\/#organization"},"alternateName":"Jazzy Walls","potentialAction":[{"@type":"SearchAction","target":{"@type":"EntryPoint","urlTemplate":"https:\/\/dev.jazzywalls.com\/sv\/?s={search_term_string}"},"query-input":{"@type":"PropertyValueSpecification","valueRequired":true,"valueName":"search_term_string"}}],"inLanguage":"sv-SE"},{"@type":"Organization","@id":"https:\/\/dev.jazzywalls.com\/sv\/#organization","name":"Jazzy Walls Sthlm","alternateName":"Jazzy Walls","url":"https:\/\/dev.jazzywalls.com\/sv\/","logo":{"@type":"ImageObject","inLanguage":"sv-SE","@id":"https:\/\/dev.jazzywalls.com\/sv\/#\/schema\/logo\/image\/","url":"https:\/\/dev.jazzywalls.com\/wp-content\/uploads\/2024\/10\/JazzyWalls-logo-lilac.png","contentUrl":"https:\/\/dev.jazzywalls.com\/wp-content\/uploads\/2024\/10\/JazzyWalls-logo-lilac.png","width":656,"height":740,"caption":"Jazzy Walls Sthlm"},"image":{"@id":"https:\/\/dev.jazzywalls.com\/sv\/#\/schema\/logo\/image\/"},"sameAs":["https:\/\/www.facebook.com\/jazzywallssthlm","https:\/\/www.instagram.com\/jazzywalls"]}]}},"_links":{"self":[{"href":"https:\/\/dev.jazzywalls.com\/sv\/wp-json\/wp\/v2\/product\/12621","targetHints":{"allow":["GET"]}}],"collection":[{"href":"https:\/\/dev.jazzywalls.com\/sv\/wp-json\/wp\/v2\/product"}],"about":[{"href":"https:\/\/dev.jazzywalls.com\/sv\/wp-json\/wp\/v2\/types\/product"}],"replies":[{"embeddable":true,"href":"https:\/\/dev.jazzywalls.com\/sv\/wp-json\/wp\/v2\/comments?post=12621"}],"wp:featuredmedia":[{"embeddable":true,"href":"https:\/\/dev.jazzywalls.com\/sv\/wp-json\/wp\/v2\/media\/12654"}],"wp:attachment":[{"href":"https:\/\/dev.jazzywalls.com\/sv\/wp-json\/wp\/v2\/media?parent=12621"}],"wp:term":[{"taxonomy":"product_brand","embeddable":true,"href":"https:\/\/dev.jazzywalls.com\/sv\/wp-json\/wp\/v2\/product_brand?post=12621"},{"taxonomy":"product_cat","embeddable":true,"href":"https:\/\/dev.jazzywalls.com\/sv\/wp-json\/wp\/v2\/product_cat?post=12621"},{"taxonomy":"product_tag","embeddable":true,"href":"https:\/\/dev.jazzywalls.com\/sv\/wp-json\/wp\/v2\/product_tag?post=12621"},{"taxonomy":"orientation","embeddable":true,"href":"https:\/\/dev.jazzywalls.com\/sv\/wp-json\/wp\/v2\/orientation?post=12621"},{"taxonomy":"artist","embeddable":true,"href":"https:\/\/dev.jazzywalls.com\/sv\/wp-json\/wp\/v2\/artist?post=12621"},{"taxonomy":"pricegroup","embeddable":true,"href":"https:\/\/dev.jazzywalls.com\/sv\/wp-json\/wp\/v2\/pricegroup?post=12621"},{"taxonomy":"featured","embeddable":true,"href":"https:\/\/dev.jazzywalls.com\/sv\/wp-json\/wp\/v2\/featured?post=12621"},{"taxonomy":"jazzy-theme","embeddable":true,"href":"https:\/\/dev.jazzywalls.com\/sv\/wp-json\/wp\/v2\/jazzy-theme?post=12621"}],"curies":[{"name":"wp","href":"https:\/\/api.w.org\/{rel}","templated":true}]}}