




{"id":14289,"date":"2025-04-24T22:36:54","date_gmt":"2025-04-24T21:36:54","guid":{"rendered":"https:\/\/dev.jazzywalls.com\/?post_type=product&#038;p=14289"},"modified":"2025-04-24T22:55:54","modified_gmt":"2025-04-24T21:55:54","slug":"solnedgang-over-faltet","status":"publish","type":"product","link":"https:\/\/dev.jazzywalls.com\/sv\/produkt\/solnedgang-over-faltet\/","title":{"rendered":"Solnedg\u00e5ng \u00f6ver f\u00e4ltet"},"content":{"rendered":"<p>Art print i gallerikvalitet tryckt p\u00e5 matt fine art-papper f\u00f6r b\u00e4sta f\u00e4rg\u00e5tergivning.<\/p>\n<p>En vibrant solnedg\u00e5ng lyser upp ett f\u00e4lt med h\u00f6ga gr\u00e4s och vilda blommor. Moln sveper \u00f6ver himlen och \u00f6verg\u00e5r fr\u00e5n djupbl\u00e5 till mjukt rosa och lila ochger en kontrast till det fridfulla f\u00e4ltet.<\/p>\n","protected":false},"excerpt":{"rendered":"<p>Art print i gallerikvalitet tryckt p\u00e5 matt fine art-papper f\u00f6r b\u00e4sta f\u00e4rg\u00e5tergivning. En vibrant solnedg\u00e5ng lyser upp ett f\u00e4lt med h\u00f6ga gr\u00e4s och vilda blommor. Moln sveper \u00f6ver himlen och \u00f6verg\u00e5r fr\u00e5n djupbl\u00e5 till mjukt rosa och lila ochger en kontrast till det fridfulla f\u00e4ltet.<\/p>\n","protected":false},"featured_media":14323,"comment_status":"open","ping_status":"closed","template":"","meta":{"_acf_changed":false},"product_brand":[],"product_cat":[139,353,191,190,158],"product_tag":[569,398],"orientation":[237],"artist":[567],"pricegroup":[273],"featured":[573],"jazzy-theme":[622],"class_list":{"0":"et-listing-style4","1":"orientation-square","2":"post-14289","3":"product","4":"type-product","5":"status-publish","6":"has-post-thumbnail","8":"product_cat-alla-Artprints","9":"product_cat-akryl","10":"product_cat-malningar","11":"product_cat-natur","12":"product_cat-skapat-av-manniskor","13":"product_tag-solnedgang","14":"product_tag-himmel","15":"pa_color-pink","16":"pa_color-blue","17":"pa_color-yellow","18":"pa_color-purple","19":"pa_size-50-x-50-cm","20":"pa_size-70-x-70-cm","21":"pa_size-25x25-cm","22":"pa_size-35x35-cm","23":"pa_size-100x100-cm","25":"artist-iryna-denysenko","26":"pricegroup-prisgrupp-b","27":"featured-is-featured","28":"jazzy-theme-sommar","30":"first","31":"instock","32":"taxable","33":"shipping-taxable","34":"purchasable","35":"product-type-variable","36":"has-default-attributes"},"acf":[],"yoast_head":"<!-- This site is optimized with the Yoast SEO plugin v27.2 - https:\/\/yoast.com\/product\/yoast-seo-wordpress\/ -->\n<title>Solnedg\u00e5ng \u00f6ver f\u00e4ltet - Jazzy Walls Sthlm<\/title>\n<meta name=\"robots\" content=\"index, follow, max-snippet:-1, max-image-preview:large, max-video-preview:-1\" \/>\n<link rel=\"canonical\" href=\"https:\/\/dev.jazzywalls.com\/sv\/produkt\/solnedgang-over-faltet\/\" \/>\n<meta property=\"og:locale\" content=\"sv_SE\" \/>\n<meta property=\"og:type\" content=\"article\" \/>\n<meta property=\"og:title\" content=\"Solnedg\u00e5ng \u00f6ver f\u00e4ltet - Jazzy Walls Sthlm\" \/>\n<meta property=\"og:description\" content=\"Art print i gallerikvalitet tryckt p\u00e5 matt fine art-papper f\u00f6r b\u00e4sta f\u00e4rg\u00e5tergivning. En vibrant solnedg\u00e5ng lyser upp ett f\u00e4lt med h\u00f6ga gr\u00e4s och vilda blommor. Moln sveper \u00f6ver himlen och \u00f6verg\u00e5r fr\u00e5n djupbl\u00e5 till mjukt rosa och lila ochger en kontrast till det fridfulla f\u00e4ltet.\" \/>\n<meta property=\"og:url\" content=\"https:\/\/dev.jazzywalls.com\/sv\/produkt\/solnedgang-over-faltet\/\" \/>\n<meta property=\"og:site_name\" content=\"Jazzy Walls Sthlm\" \/>\n<meta property=\"article:publisher\" content=\"https:\/\/www.facebook.com\/jazzywallssthlm\" \/>\n<meta property=\"article:modified_time\" content=\"2025-04-24T21:55:54+00:00\" \/>\n<meta property=\"og:image\" content=\"https:\/\/dev.jazzywalls.com\/wp-content\/uploads\/2025\/04\/DIO-Sunset-over-the-field-1.jpg\" \/>\n\t<meta property=\"og:image:width\" content=\"630\" \/>\n\t<meta property=\"og:image:height\" content=\"630\" \/>\n\t<meta property=\"og:image:type\" content=\"image\/jpeg\" \/>\n<meta name=\"twitter:card\" content=\"summary_large_image\" \/>\n<script type=\"application\/ld+json\" class=\"yoast-schema-graph\">{\"@context\":\"https:\/\/schema.org\",\"@graph\":[{\"@type\":\"WebPage\",\"@id\":\"https:\/\/dev.jazzywalls.com\/sv\/produkt\/solnedgang-over-faltet\/\",\"url\":\"https:\/\/dev.jazzywalls.com\/sv\/produkt\/solnedgang-over-faltet\/\",\"name\":\"Solnedg\u00e5ng \u00f6ver f\u00e4ltet - Jazzy Walls Sthlm\",\"isPartOf\":{\"@id\":\"https:\/\/dev.jazzywalls.com\/sv\/#website\"},\"primaryImageOfPage\":{\"@id\":\"https:\/\/dev.jazzywalls.com\/sv\/produkt\/solnedgang-over-faltet\/#primaryimage\"},\"image\":{\"@id\":\"https:\/\/dev.jazzywalls.com\/sv\/produkt\/solnedgang-over-faltet\/#primaryimage\"},\"thumbnailUrl\":\"https:\/\/dev.jazzywalls.com\/wp-content\/uploads\/2025\/04\/DIO-Sunset-over-the-field-1.jpg\",\"datePublished\":\"2025-04-24T21:36:54+00:00\",\"dateModified\":\"2025-04-24T21:55:54+00:00\",\"breadcrumb\":{\"@id\":\"https:\/\/dev.jazzywalls.com\/sv\/produkt\/solnedgang-over-faltet\/#breadcrumb\"},\"inLanguage\":\"sv-SE\",\"potentialAction\":[{\"@type\":\"ReadAction\",\"target\":[\"https:\/\/dev.jazzywalls.com\/sv\/produkt\/solnedgang-over-faltet\/\"]}]},{\"@type\":\"ImageObject\",\"inLanguage\":\"sv-SE\",\"@id\":\"https:\/\/dev.jazzywalls.com\/sv\/produkt\/solnedgang-over-faltet\/#primaryimage\",\"url\":\"https:\/\/dev.jazzywalls.com\/wp-content\/uploads\/2025\/04\/DIO-Sunset-over-the-field-1.jpg\",\"contentUrl\":\"https:\/\/dev.jazzywalls.com\/wp-content\/uploads\/2025\/04\/DIO-Sunset-over-the-field-1.jpg\",\"width\":630,\"height\":630,\"caption\":\"DIO - Sunset over the field\"},{\"@type\":\"BreadcrumbList\",\"@id\":\"https:\/\/dev.jazzywalls.com\/sv\/produkt\/solnedgang-over-faltet\/#breadcrumb\",\"itemListElement\":[{\"@type\":\"ListItem\",\"position\":1,\"name\":\"Home\",\"item\":\"https:\/\/dev.jazzywalls.com\/sv\/\"},{\"@type\":\"ListItem\",\"position\":2,\"name\":\"Art Prints fr\u00e5n v\u00e5ra kreat\u00f6rer\",\"item\":\"https:\/\/dev.jazzywalls.com\/sv\/shop\/\"},{\"@type\":\"ListItem\",\"position\":3,\"name\":\"Solnedg\u00e5ng \u00f6ver f\u00e4ltet\"}]},{\"@type\":\"WebSite\",\"@id\":\"https:\/\/dev.jazzywalls.com\/sv\/#website\",\"url\":\"https:\/\/dev.jazzywalls.com\/sv\/\",\"name\":\"Jazzy Walls Sthlm\",\"description\":\"Art &amp; Decor\",\"publisher\":{\"@id\":\"https:\/\/dev.jazzywalls.com\/sv\/#organization\"},\"alternateName\":\"Jazzy Walls\",\"potentialAction\":[{\"@type\":\"SearchAction\",\"target\":{\"@type\":\"EntryPoint\",\"urlTemplate\":\"https:\/\/dev.jazzywalls.com\/sv\/?s={search_term_string}\"},\"query-input\":{\"@type\":\"PropertyValueSpecification\",\"valueRequired\":true,\"valueName\":\"search_term_string\"}}],\"inLanguage\":\"sv-SE\"},{\"@type\":\"Organization\",\"@id\":\"https:\/\/dev.jazzywalls.com\/sv\/#organization\",\"name\":\"Jazzy Walls Sthlm\",\"alternateName\":\"Jazzy Walls\",\"url\":\"https:\/\/dev.jazzywalls.com\/sv\/\",\"logo\":{\"@type\":\"ImageObject\",\"inLanguage\":\"sv-SE\",\"@id\":\"https:\/\/dev.jazzywalls.com\/sv\/#\/schema\/logo\/image\/\",\"url\":\"https:\/\/dev.jazzywalls.com\/wp-content\/uploads\/2024\/10\/JazzyWalls-logo-lilac.png\",\"contentUrl\":\"https:\/\/dev.jazzywalls.com\/wp-content\/uploads\/2024\/10\/JazzyWalls-logo-lilac.png\",\"width\":656,\"height\":740,\"caption\":\"Jazzy Walls Sthlm\"},\"image\":{\"@id\":\"https:\/\/dev.jazzywalls.com\/sv\/#\/schema\/logo\/image\/\"},\"sameAs\":[\"https:\/\/www.facebook.com\/jazzywallssthlm\",\"https:\/\/www.instagram.com\/jazzywalls\"]}]}<\/script>\n<!-- \/ Yoast SEO plugin. -->","yoast_head_json":{"title":"Solnedg\u00e5ng \u00f6ver f\u00e4ltet - Jazzy Walls Sthlm","robots":{"index":"index","follow":"follow","max-snippet":"max-snippet:-1","max-image-preview":"max-image-preview:large","max-video-preview":"max-video-preview:-1"},"canonical":"https:\/\/dev.jazzywalls.com\/sv\/produkt\/solnedgang-over-faltet\/","og_locale":"sv_SE","og_type":"article","og_title":"Solnedg\u00e5ng \u00f6ver f\u00e4ltet - Jazzy Walls Sthlm","og_description":"Art print i gallerikvalitet tryckt p\u00e5 matt fine art-papper f\u00f6r b\u00e4sta f\u00e4rg\u00e5tergivning. En vibrant solnedg\u00e5ng lyser upp ett f\u00e4lt med h\u00f6ga gr\u00e4s och vilda blommor. Moln sveper \u00f6ver himlen och \u00f6verg\u00e5r fr\u00e5n djupbl\u00e5 till mjukt rosa och lila ochger en kontrast till det fridfulla f\u00e4ltet.","og_url":"https:\/\/dev.jazzywalls.com\/sv\/produkt\/solnedgang-over-faltet\/","og_site_name":"Jazzy Walls Sthlm","article_publisher":"https:\/\/www.facebook.com\/jazzywallssthlm","article_modified_time":"2025-04-24T21:55:54+00:00","og_image":[{"width":630,"height":630,"url":"https:\/\/dev.jazzywalls.com\/wp-content\/uploads\/2025\/04\/DIO-Sunset-over-the-field-1.jpg","type":"image\/jpeg"}],"twitter_card":"summary_large_image","schema":{"@context":"https:\/\/schema.org","@graph":[{"@type":"WebPage","@id":"https:\/\/dev.jazzywalls.com\/sv\/produkt\/solnedgang-over-faltet\/","url":"https:\/\/dev.jazzywalls.com\/sv\/produkt\/solnedgang-over-faltet\/","name":"Solnedg\u00e5ng \u00f6ver f\u00e4ltet - Jazzy Walls Sthlm","isPartOf":{"@id":"https:\/\/dev.jazzywalls.com\/sv\/#website"},"primaryImageOfPage":{"@id":"https:\/\/dev.jazzywalls.com\/sv\/produkt\/solnedgang-over-faltet\/#primaryimage"},"image":{"@id":"https:\/\/dev.jazzywalls.com\/sv\/produkt\/solnedgang-over-faltet\/#primaryimage"},"thumbnailUrl":"https:\/\/dev.jazzywalls.com\/wp-content\/uploads\/2025\/04\/DIO-Sunset-over-the-field-1.jpg","datePublished":"2025-04-24T21:36:54+00:00","dateModified":"2025-04-24T21:55:54+00:00","breadcrumb":{"@id":"https:\/\/dev.jazzywalls.com\/sv\/produkt\/solnedgang-over-faltet\/#breadcrumb"},"inLanguage":"sv-SE","potentialAction":[{"@type":"ReadAction","target":["https:\/\/dev.jazzywalls.com\/sv\/produkt\/solnedgang-over-faltet\/"]}]},{"@type":"ImageObject","inLanguage":"sv-SE","@id":"https:\/\/dev.jazzywalls.com\/sv\/produkt\/solnedgang-over-faltet\/#primaryimage","url":"https:\/\/dev.jazzywalls.com\/wp-content\/uploads\/2025\/04\/DIO-Sunset-over-the-field-1.jpg","contentUrl":"https:\/\/dev.jazzywalls.com\/wp-content\/uploads\/2025\/04\/DIO-Sunset-over-the-field-1.jpg","width":630,"height":630,"caption":"DIO - Sunset over the field"},{"@type":"BreadcrumbList","@id":"https:\/\/dev.jazzywalls.com\/sv\/produkt\/solnedgang-over-faltet\/#breadcrumb","itemListElement":[{"@type":"ListItem","position":1,"name":"Home","item":"https:\/\/dev.jazzywalls.com\/sv\/"},{"@type":"ListItem","position":2,"name":"Art Prints fr\u00e5n v\u00e5ra kreat\u00f6rer","item":"https:\/\/dev.jazzywalls.com\/sv\/shop\/"},{"@type":"ListItem","position":3,"name":"Solnedg\u00e5ng \u00f6ver f\u00e4ltet"}]},{"@type":"WebSite","@id":"https:\/\/dev.jazzywalls.com\/sv\/#website","url":"https:\/\/dev.jazzywalls.com\/sv\/","name":"Jazzy Walls Sthlm","description":"Art &amp; Decor","publisher":{"@id":"https:\/\/dev.jazzywalls.com\/sv\/#organization"},"alternateName":"Jazzy Walls","potentialAction":[{"@type":"SearchAction","target":{"@type":"EntryPoint","urlTemplate":"https:\/\/dev.jazzywalls.com\/sv\/?s={search_term_string}"},"query-input":{"@type":"PropertyValueSpecification","valueRequired":true,"valueName":"search_term_string"}}],"inLanguage":"sv-SE"},{"@type":"Organization","@id":"https:\/\/dev.jazzywalls.com\/sv\/#organization","name":"Jazzy Walls Sthlm","alternateName":"Jazzy Walls","url":"https:\/\/dev.jazzywalls.com\/sv\/","logo":{"@type":"ImageObject","inLanguage":"sv-SE","@id":"https:\/\/dev.jazzywalls.com\/sv\/#\/schema\/logo\/image\/","url":"https:\/\/dev.jazzywalls.com\/wp-content\/uploads\/2024\/10\/JazzyWalls-logo-lilac.png","contentUrl":"https:\/\/dev.jazzywalls.com\/wp-content\/uploads\/2024\/10\/JazzyWalls-logo-lilac.png","width":656,"height":740,"caption":"Jazzy Walls Sthlm"},"image":{"@id":"https:\/\/dev.jazzywalls.com\/sv\/#\/schema\/logo\/image\/"},"sameAs":["https:\/\/www.facebook.com\/jazzywallssthlm","https:\/\/www.instagram.com\/jazzywalls"]}]}},"_links":{"self":[{"href":"https:\/\/dev.jazzywalls.com\/sv\/wp-json\/wp\/v2\/product\/14289","targetHints":{"allow":["GET"]}}],"collection":[{"href":"https:\/\/dev.jazzywalls.com\/sv\/wp-json\/wp\/v2\/product"}],"about":[{"href":"https:\/\/dev.jazzywalls.com\/sv\/wp-json\/wp\/v2\/types\/product"}],"replies":[{"embeddable":true,"href":"https:\/\/dev.jazzywalls.com\/sv\/wp-json\/wp\/v2\/comments?post=14289"}],"wp:featuredmedia":[{"embeddable":true,"href":"https:\/\/dev.jazzywalls.com\/sv\/wp-json\/wp\/v2\/media\/14323"}],"wp:attachment":[{"href":"https:\/\/dev.jazzywalls.com\/sv\/wp-json\/wp\/v2\/media?parent=14289"}],"wp:term":[{"taxonomy":"product_brand","embeddable":true,"href":"https:\/\/dev.jazzywalls.com\/sv\/wp-json\/wp\/v2\/product_brand?post=14289"},{"taxonomy":"product_cat","embeddable":true,"href":"https:\/\/dev.jazzywalls.com\/sv\/wp-json\/wp\/v2\/product_cat?post=14289"},{"taxonomy":"product_tag","embeddable":true,"href":"https:\/\/dev.jazzywalls.com\/sv\/wp-json\/wp\/v2\/product_tag?post=14289"},{"taxonomy":"orientation","embeddable":true,"href":"https:\/\/dev.jazzywalls.com\/sv\/wp-json\/wp\/v2\/orientation?post=14289"},{"taxonomy":"artist","embeddable":true,"href":"https:\/\/dev.jazzywalls.com\/sv\/wp-json\/wp\/v2\/artist?post=14289"},{"taxonomy":"pricegroup","embeddable":true,"href":"https:\/\/dev.jazzywalls.com\/sv\/wp-json\/wp\/v2\/pricegroup?post=14289"},{"taxonomy":"featured","embeddable":true,"href":"https:\/\/dev.jazzywalls.com\/sv\/wp-json\/wp\/v2\/featured?post=14289"},{"taxonomy":"jazzy-theme","embeddable":true,"href":"https:\/\/dev.jazzywalls.com\/sv\/wp-json\/wp\/v2\/jazzy-theme?post=14289"}],"curies":[{"name":"wp","href":"https:\/\/api.w.org\/{rel}","templated":true}]}}