




{"id":14600,"date":"2025-04-27T22:27:24","date_gmt":"2025-04-27T21:27:24","guid":{"rendered":"https:\/\/dev.jazzywalls.com\/?post_type=product&#038;p=14600"},"modified":"2025-10-04T12:50:57","modified_gmt":"2025-10-04T11:50:57","slug":"orion-above-rodskar","status":"publish","type":"product","link":"https:\/\/dev.jazzywalls.com\/sv\/produkt\/orion-above-rodskar\/","title":{"rendered":"Orion \u00f6ver R\u00f6dsk\u00e4r"},"content":{"rendered":"<p>R\u00f6dsk\u00e4r vid S\u00f6dra N\u00e4s I Varberg.<\/p>\n<p>&#8221;En timmes fotograferande tills m\u00e5nen gick upp. Orion med bernards loop. Denna del av himlen som vi ser under vinterperioden inneh\u00e5ller s\u00e5 mycket intressant. Bland annat orionnebulosan, rosettnebulosan, h\u00e4sthuvudnebulosan, flammande nebulosan, och h\u00e4xnebulosan.&#8221;<\/p>\n<p>Art print i gallerikvalitet tryckt p\u00e5 matt fine art-papper f\u00f6r b\u00e4sta f\u00e4rg\u00e5tergivning.<\/p>\n","protected":false},"excerpt":{"rendered":"<p>R\u00f6dsk\u00e4r vid S\u00f6dra N\u00e4s I Varberg. &#8221;En timmes fotograferande tills m\u00e5nen gick upp. Orion med bernards loop. Denna del av himlen som vi ser under vinterperioden inneh\u00e5ller s\u00e5 mycket intressant. Bland annat orionnebulosan, rosettnebulosan, h\u00e4sthuvudnebulosan, flammande nebulosan, och h\u00e4xnebulosan.&#8221; Art print i gallerikvalitet tryckt p\u00e5 matt fine art-papper f\u00f6r b\u00e4sta [&hellip;]<\/p>\n","protected":false},"featured_media":14607,"comment_status":"open","ping_status":"closed","template":"","meta":{"_acf_changed":false},"product_brand":[],"product_cat":[139,192,190,158],"product_tag":[295,398],"orientation":[135],"artist":[263],"pricegroup":[274],"featured":[],"jazzy-theme":[654,700],"class_list":{"0":"et-listing-style4","1":"post-14600","2":"product","3":"type-product","4":"status-publish","5":"has-post-thumbnail","7":"product_cat-alla-Artprints","8":"product_cat-fotografier","9":"product_cat-natur","10":"product_cat-skapat-av-manniskor","11":"product_tag-astrofotografi","12":"product_tag-himmel","13":"pa_color-red","14":"pa_color-orange","15":"pa_color-black","16":"pa_size-100x140-cm","17":"pa_size-30-x-40-cm","18":"pa_size-50-x-70-cm","19":"pa_size-21-x-30-cm","20":"pa_size-70x100-cm","21":"orientation-portrait","22":"artist-andreas-holmstrom","23":"pricegroup-prisgrupp-c","24":"jazzy-theme-hostmys","25":"jazzy-theme-vinterland","27":"first","28":"instock","29":"taxable","30":"shipping-taxable","31":"purchasable","32":"product-type-variable","33":"has-default-attributes"},"acf":[],"yoast_head":"<!-- This site is optimized with the Yoast SEO plugin v27.2 - https:\/\/yoast.com\/product\/yoast-seo-wordpress\/ -->\n<title>Orion \u00f6ver R\u00f6dsk\u00e4r - Jazzy Walls Sthlm<\/title>\n<meta name=\"robots\" content=\"index, follow, max-snippet:-1, max-image-preview:large, max-video-preview:-1\" \/>\n<link rel=\"canonical\" href=\"https:\/\/dev.jazzywalls.com\/sv\/produkt\/orion-above-rodskar\/\" \/>\n<meta property=\"og:locale\" content=\"sv_SE\" \/>\n<meta property=\"og:type\" content=\"article\" \/>\n<meta property=\"og:title\" content=\"Orion \u00f6ver R\u00f6dsk\u00e4r - Jazzy Walls Sthlm\" \/>\n<meta property=\"og:description\" content=\"R\u00f6dsk\u00e4r vid S\u00f6dra N\u00e4s I Varberg. &#8221;En timmes fotograferande tills m\u00e5nen gick upp. Orion med bernards loop. Denna del av himlen som vi ser under vinterperioden inneh\u00e5ller s\u00e5 mycket intressant. Bland annat orionnebulosan, rosettnebulosan, h\u00e4sthuvudnebulosan, flammande nebulosan, och h\u00e4xnebulosan.&#8221; Art print i gallerikvalitet tryckt p\u00e5 matt fine art-papper f\u00f6r b\u00e4sta [&hellip;]\" \/>\n<meta property=\"og:url\" content=\"https:\/\/dev.jazzywalls.com\/sv\/produkt\/orion-above-rodskar\/\" \/>\n<meta property=\"og:site_name\" content=\"Jazzy Walls Sthlm\" \/>\n<meta property=\"article:publisher\" content=\"https:\/\/www.facebook.com\/jazzywallssthlm\" \/>\n<meta property=\"article:modified_time\" content=\"2025-10-04T11:50:57+00:00\" \/>\n<meta property=\"og:image\" content=\"https:\/\/dev.jazzywalls.com\/wp-content\/uploads\/2025\/04\/Holmstrom-Orion-Rodskar.jpg\" \/>\n\t<meta property=\"og:image:width\" content=\"560\" \/>\n\t<meta property=\"og:image:height\" content=\"784\" \/>\n\t<meta property=\"og:image:type\" content=\"image\/jpeg\" \/>\n<meta name=\"twitter:card\" content=\"summary_large_image\" \/>\n<script type=\"application\/ld+json\" class=\"yoast-schema-graph\">{\"@context\":\"https:\/\/schema.org\",\"@graph\":[{\"@type\":\"WebPage\",\"@id\":\"https:\/\/dev.jazzywalls.com\/sv\/produkt\/orion-above-rodskar\/\",\"url\":\"https:\/\/dev.jazzywalls.com\/sv\/produkt\/orion-above-rodskar\/\",\"name\":\"Orion \u00f6ver R\u00f6dsk\u00e4r - Jazzy Walls Sthlm\",\"isPartOf\":{\"@id\":\"https:\/\/dev.jazzywalls.com\/sv\/#website\"},\"primaryImageOfPage\":{\"@id\":\"https:\/\/dev.jazzywalls.com\/sv\/produkt\/orion-above-rodskar\/#primaryimage\"},\"image\":{\"@id\":\"https:\/\/dev.jazzywalls.com\/sv\/produkt\/orion-above-rodskar\/#primaryimage\"},\"thumbnailUrl\":\"https:\/\/dev.jazzywalls.com\/wp-content\/uploads\/2025\/04\/Holmstrom-Orion-Rodskar.jpg\",\"datePublished\":\"2025-04-27T21:27:24+00:00\",\"dateModified\":\"2025-10-04T11:50:57+00:00\",\"breadcrumb\":{\"@id\":\"https:\/\/dev.jazzywalls.com\/sv\/produkt\/orion-above-rodskar\/#breadcrumb\"},\"inLanguage\":\"sv-SE\",\"potentialAction\":[{\"@type\":\"ReadAction\",\"target\":[\"https:\/\/dev.jazzywalls.com\/sv\/produkt\/orion-above-rodskar\/\"]}]},{\"@type\":\"ImageObject\",\"inLanguage\":\"sv-SE\",\"@id\":\"https:\/\/dev.jazzywalls.com\/sv\/produkt\/orion-above-rodskar\/#primaryimage\",\"url\":\"https:\/\/dev.jazzywalls.com\/wp-content\/uploads\/2025\/04\/Holmstrom-Orion-Rodskar.jpg\",\"contentUrl\":\"https:\/\/dev.jazzywalls.com\/wp-content\/uploads\/2025\/04\/Holmstrom-Orion-Rodskar.jpg\",\"width\":560,\"height\":784,\"caption\":\"Holmstrom - Orion Rodsk\u00e4r\"},{\"@type\":\"BreadcrumbList\",\"@id\":\"https:\/\/dev.jazzywalls.com\/sv\/produkt\/orion-above-rodskar\/#breadcrumb\",\"itemListElement\":[{\"@type\":\"ListItem\",\"position\":1,\"name\":\"Home\",\"item\":\"https:\/\/dev.jazzywalls.com\/sv\/\"},{\"@type\":\"ListItem\",\"position\":2,\"name\":\"Art Prints fr\u00e5n v\u00e5ra kreat\u00f6rer\",\"item\":\"https:\/\/dev.jazzywalls.com\/sv\/shop\/\"},{\"@type\":\"ListItem\",\"position\":3,\"name\":\"Orion \u00f6ver R\u00f6dsk\u00e4r\"}]},{\"@type\":\"WebSite\",\"@id\":\"https:\/\/dev.jazzywalls.com\/sv\/#website\",\"url\":\"https:\/\/dev.jazzywalls.com\/sv\/\",\"name\":\"Jazzy Walls Sthlm\",\"description\":\"Art &amp; Decor\",\"publisher\":{\"@id\":\"https:\/\/dev.jazzywalls.com\/sv\/#organization\"},\"alternateName\":\"Jazzy Walls\",\"potentialAction\":[{\"@type\":\"SearchAction\",\"target\":{\"@type\":\"EntryPoint\",\"urlTemplate\":\"https:\/\/dev.jazzywalls.com\/sv\/?s={search_term_string}\"},\"query-input\":{\"@type\":\"PropertyValueSpecification\",\"valueRequired\":true,\"valueName\":\"search_term_string\"}}],\"inLanguage\":\"sv-SE\"},{\"@type\":\"Organization\",\"@id\":\"https:\/\/dev.jazzywalls.com\/sv\/#organization\",\"name\":\"Jazzy Walls Sthlm\",\"alternateName\":\"Jazzy Walls\",\"url\":\"https:\/\/dev.jazzywalls.com\/sv\/\",\"logo\":{\"@type\":\"ImageObject\",\"inLanguage\":\"sv-SE\",\"@id\":\"https:\/\/dev.jazzywalls.com\/sv\/#\/schema\/logo\/image\/\",\"url\":\"https:\/\/dev.jazzywalls.com\/wp-content\/uploads\/2024\/10\/JazzyWalls-logo-lilac.png\",\"contentUrl\":\"https:\/\/dev.jazzywalls.com\/wp-content\/uploads\/2024\/10\/JazzyWalls-logo-lilac.png\",\"width\":656,\"height\":740,\"caption\":\"Jazzy Walls Sthlm\"},\"image\":{\"@id\":\"https:\/\/dev.jazzywalls.com\/sv\/#\/schema\/logo\/image\/\"},\"sameAs\":[\"https:\/\/www.facebook.com\/jazzywallssthlm\",\"https:\/\/www.instagram.com\/jazzywalls\"]}]}<\/script>\n<!-- \/ Yoast SEO plugin. -->","yoast_head_json":{"title":"Orion \u00f6ver R\u00f6dsk\u00e4r - Jazzy Walls Sthlm","robots":{"index":"index","follow":"follow","max-snippet":"max-snippet:-1","max-image-preview":"max-image-preview:large","max-video-preview":"max-video-preview:-1"},"canonical":"https:\/\/dev.jazzywalls.com\/sv\/produkt\/orion-above-rodskar\/","og_locale":"sv_SE","og_type":"article","og_title":"Orion \u00f6ver R\u00f6dsk\u00e4r - Jazzy Walls Sthlm","og_description":"R\u00f6dsk\u00e4r vid S\u00f6dra N\u00e4s I Varberg. &#8221;En timmes fotograferande tills m\u00e5nen gick upp. Orion med bernards loop. Denna del av himlen som vi ser under vinterperioden inneh\u00e5ller s\u00e5 mycket intressant. Bland annat orionnebulosan, rosettnebulosan, h\u00e4sthuvudnebulosan, flammande nebulosan, och h\u00e4xnebulosan.&#8221; Art print i gallerikvalitet tryckt p\u00e5 matt fine art-papper f\u00f6r b\u00e4sta [&hellip;]","og_url":"https:\/\/dev.jazzywalls.com\/sv\/produkt\/orion-above-rodskar\/","og_site_name":"Jazzy Walls Sthlm","article_publisher":"https:\/\/www.facebook.com\/jazzywallssthlm","article_modified_time":"2025-10-04T11:50:57+00:00","og_image":[{"width":560,"height":784,"url":"https:\/\/dev.jazzywalls.com\/wp-content\/uploads\/2025\/04\/Holmstrom-Orion-Rodskar.jpg","type":"image\/jpeg"}],"twitter_card":"summary_large_image","schema":{"@context":"https:\/\/schema.org","@graph":[{"@type":"WebPage","@id":"https:\/\/dev.jazzywalls.com\/sv\/produkt\/orion-above-rodskar\/","url":"https:\/\/dev.jazzywalls.com\/sv\/produkt\/orion-above-rodskar\/","name":"Orion \u00f6ver R\u00f6dsk\u00e4r - Jazzy Walls Sthlm","isPartOf":{"@id":"https:\/\/dev.jazzywalls.com\/sv\/#website"},"primaryImageOfPage":{"@id":"https:\/\/dev.jazzywalls.com\/sv\/produkt\/orion-above-rodskar\/#primaryimage"},"image":{"@id":"https:\/\/dev.jazzywalls.com\/sv\/produkt\/orion-above-rodskar\/#primaryimage"},"thumbnailUrl":"https:\/\/dev.jazzywalls.com\/wp-content\/uploads\/2025\/04\/Holmstrom-Orion-Rodskar.jpg","datePublished":"2025-04-27T21:27:24+00:00","dateModified":"2025-10-04T11:50:57+00:00","breadcrumb":{"@id":"https:\/\/dev.jazzywalls.com\/sv\/produkt\/orion-above-rodskar\/#breadcrumb"},"inLanguage":"sv-SE","potentialAction":[{"@type":"ReadAction","target":["https:\/\/dev.jazzywalls.com\/sv\/produkt\/orion-above-rodskar\/"]}]},{"@type":"ImageObject","inLanguage":"sv-SE","@id":"https:\/\/dev.jazzywalls.com\/sv\/produkt\/orion-above-rodskar\/#primaryimage","url":"https:\/\/dev.jazzywalls.com\/wp-content\/uploads\/2025\/04\/Holmstrom-Orion-Rodskar.jpg","contentUrl":"https:\/\/dev.jazzywalls.com\/wp-content\/uploads\/2025\/04\/Holmstrom-Orion-Rodskar.jpg","width":560,"height":784,"caption":"Holmstrom - Orion Rodsk\u00e4r"},{"@type":"BreadcrumbList","@id":"https:\/\/dev.jazzywalls.com\/sv\/produkt\/orion-above-rodskar\/#breadcrumb","itemListElement":[{"@type":"ListItem","position":1,"name":"Home","item":"https:\/\/dev.jazzywalls.com\/sv\/"},{"@type":"ListItem","position":2,"name":"Art Prints fr\u00e5n v\u00e5ra kreat\u00f6rer","item":"https:\/\/dev.jazzywalls.com\/sv\/shop\/"},{"@type":"ListItem","position":3,"name":"Orion \u00f6ver R\u00f6dsk\u00e4r"}]},{"@type":"WebSite","@id":"https:\/\/dev.jazzywalls.com\/sv\/#website","url":"https:\/\/dev.jazzywalls.com\/sv\/","name":"Jazzy Walls Sthlm","description":"Art &amp; Decor","publisher":{"@id":"https:\/\/dev.jazzywalls.com\/sv\/#organization"},"alternateName":"Jazzy Walls","potentialAction":[{"@type":"SearchAction","target":{"@type":"EntryPoint","urlTemplate":"https:\/\/dev.jazzywalls.com\/sv\/?s={search_term_string}"},"query-input":{"@type":"PropertyValueSpecification","valueRequired":true,"valueName":"search_term_string"}}],"inLanguage":"sv-SE"},{"@type":"Organization","@id":"https:\/\/dev.jazzywalls.com\/sv\/#organization","name":"Jazzy Walls Sthlm","alternateName":"Jazzy Walls","url":"https:\/\/dev.jazzywalls.com\/sv\/","logo":{"@type":"ImageObject","inLanguage":"sv-SE","@id":"https:\/\/dev.jazzywalls.com\/sv\/#\/schema\/logo\/image\/","url":"https:\/\/dev.jazzywalls.com\/wp-content\/uploads\/2024\/10\/JazzyWalls-logo-lilac.png","contentUrl":"https:\/\/dev.jazzywalls.com\/wp-content\/uploads\/2024\/10\/JazzyWalls-logo-lilac.png","width":656,"height":740,"caption":"Jazzy Walls Sthlm"},"image":{"@id":"https:\/\/dev.jazzywalls.com\/sv\/#\/schema\/logo\/image\/"},"sameAs":["https:\/\/www.facebook.com\/jazzywallssthlm","https:\/\/www.instagram.com\/jazzywalls"]}]}},"_links":{"self":[{"href":"https:\/\/dev.jazzywalls.com\/sv\/wp-json\/wp\/v2\/product\/14600","targetHints":{"allow":["GET"]}}],"collection":[{"href":"https:\/\/dev.jazzywalls.com\/sv\/wp-json\/wp\/v2\/product"}],"about":[{"href":"https:\/\/dev.jazzywalls.com\/sv\/wp-json\/wp\/v2\/types\/product"}],"replies":[{"embeddable":true,"href":"https:\/\/dev.jazzywalls.com\/sv\/wp-json\/wp\/v2\/comments?post=14600"}],"wp:featuredmedia":[{"embeddable":true,"href":"https:\/\/dev.jazzywalls.com\/sv\/wp-json\/wp\/v2\/media\/14607"}],"wp:attachment":[{"href":"https:\/\/dev.jazzywalls.com\/sv\/wp-json\/wp\/v2\/media?parent=14600"}],"wp:term":[{"taxonomy":"product_brand","embeddable":true,"href":"https:\/\/dev.jazzywalls.com\/sv\/wp-json\/wp\/v2\/product_brand?post=14600"},{"taxonomy":"product_cat","embeddable":true,"href":"https:\/\/dev.jazzywalls.com\/sv\/wp-json\/wp\/v2\/product_cat?post=14600"},{"taxonomy":"product_tag","embeddable":true,"href":"https:\/\/dev.jazzywalls.com\/sv\/wp-json\/wp\/v2\/product_tag?post=14600"},{"taxonomy":"orientation","embeddable":true,"href":"https:\/\/dev.jazzywalls.com\/sv\/wp-json\/wp\/v2\/orientation?post=14600"},{"taxonomy":"artist","embeddable":true,"href":"https:\/\/dev.jazzywalls.com\/sv\/wp-json\/wp\/v2\/artist?post=14600"},{"taxonomy":"pricegroup","embeddable":true,"href":"https:\/\/dev.jazzywalls.com\/sv\/wp-json\/wp\/v2\/pricegroup?post=14600"},{"taxonomy":"featured","embeddable":true,"href":"https:\/\/dev.jazzywalls.com\/sv\/wp-json\/wp\/v2\/featured?post=14600"},{"taxonomy":"jazzy-theme","embeddable":true,"href":"https:\/\/dev.jazzywalls.com\/sv\/wp-json\/wp\/v2\/jazzy-theme?post=14600"}],"curies":[{"name":"wp","href":"https:\/\/api.w.org\/{rel}","templated":true}]}}