




{"id":5638,"date":"2024-12-11T16:37:27","date_gmt":"2024-12-11T15:37:27","guid":{"rendered":"https:\/\/dev.jazzywalls.com\/?post_type=product&#038;p=5638"},"modified":"2025-05-28T01:25:54","modified_gmt":"2025-05-28T00:25:54","slug":"st-johannes-kapell","status":"publish","type":"product","link":"https:\/\/dev.jazzywalls.com\/sv\/produkt\/st-johannes-kapell\/","title":{"rendered":"S:t Johannes Kapell"},"content":{"rendered":"<p>Art print i gallerikvalitet tryckt p\u00e5 matt fine art-papper f\u00f6r b\u00e4sta f\u00e4rg\u00e5tergivning.<\/p>\n","protected":false},"excerpt":{"rendered":"<p>S:t Johannes Kapell, S\u00f6dra \u00d6land.<\/p>\n","protected":false},"featured_media":7100,"comment_status":"open","ping_status":"closed","template":"","meta":{"_acf_changed":false},"product_brand":[],"product_cat":[139,192,190,158],"product_tag":[295],"orientation":[135],"artist":[263],"pricegroup":[274],"featured":[573],"jazzy-theme":[700],"class_list":{"0":"et-listing-style4","1":"post-5638","2":"product","3":"type-product","4":"status-publish","5":"has-post-thumbnail","7":"product_cat-alla-Artprints","8":"product_cat-fotografier","9":"product_cat-natur","10":"product_cat-skapat-av-manniskor","11":"product_tag-astrofotografi","12":"pa_color-black","13":"pa_size-50-x-70-cm","14":"pa_size-70x100-cm","15":"pa_size-100x140-cm","16":"pa_size-21-x-30-cm","17":"pa_size-30-x-40-cm","18":"orientation-portrait","19":"artist-andreas-holmstrom","20":"pricegroup-prisgrupp-c","21":"featured-is-featured","22":"jazzy-theme-vinterland","24":"first","25":"instock","26":"featured","27":"taxable","28":"shipping-taxable","29":"purchasable","30":"product-type-variable","31":"has-default-attributes"},"acf":[],"yoast_head":"<!-- This site is optimized with the Yoast SEO plugin v27.2 - https:\/\/yoast.com\/product\/yoast-seo-wordpress\/ -->\n<title>S:t Johannes Kapell - Jazzy Walls Sthlm<\/title>\n<meta name=\"robots\" content=\"index, follow, max-snippet:-1, max-image-preview:large, max-video-preview:-1\" \/>\n<link rel=\"canonical\" href=\"https:\/\/dev.jazzywalls.com\/sv\/produkt\/st-johannes-kapell\/\" \/>\n<meta property=\"og:locale\" content=\"sv_SE\" \/>\n<meta property=\"og:type\" content=\"article\" \/>\n<meta property=\"og:title\" content=\"S:t Johannes Kapell - Jazzy Walls Sthlm\" \/>\n<meta property=\"og:description\" content=\"S:t Johannes Kapell, S\u00f6dra \u00d6land.\" \/>\n<meta property=\"og:url\" content=\"https:\/\/dev.jazzywalls.com\/sv\/produkt\/st-johannes-kapell\/\" \/>\n<meta property=\"og:site_name\" content=\"Jazzy Walls Sthlm\" \/>\n<meta property=\"article:publisher\" content=\"https:\/\/www.facebook.com\/jazzywallssthlm\" \/>\n<meta property=\"article:modified_time\" content=\"2025-05-28T00:25:54+00:00\" \/>\n<meta property=\"og:image\" content=\"https:\/\/dev.jazzywalls.com\/wp-content\/uploads\/2024\/12\/St-Johannes-Chapel-3.jpg\" \/>\n\t<meta property=\"og:image:width\" content=\"560\" \/>\n\t<meta property=\"og:image:height\" content=\"784\" \/>\n\t<meta property=\"og:image:type\" content=\"image\/jpeg\" \/>\n<meta name=\"twitter:card\" content=\"summary_large_image\" \/>\n<script type=\"application\/ld+json\" class=\"yoast-schema-graph\">{\"@context\":\"https:\/\/schema.org\",\"@graph\":[{\"@type\":\"WebPage\",\"@id\":\"https:\/\/dev.jazzywalls.com\/sv\/produkt\/st-johannes-kapell\/\",\"url\":\"https:\/\/dev.jazzywalls.com\/sv\/produkt\/st-johannes-kapell\/\",\"name\":\"S:t Johannes Kapell - Jazzy Walls Sthlm\",\"isPartOf\":{\"@id\":\"https:\/\/dev.jazzywalls.com\/sv\/#website\"},\"primaryImageOfPage\":{\"@id\":\"https:\/\/dev.jazzywalls.com\/sv\/produkt\/st-johannes-kapell\/#primaryimage\"},\"image\":{\"@id\":\"https:\/\/dev.jazzywalls.com\/sv\/produkt\/st-johannes-kapell\/#primaryimage\"},\"thumbnailUrl\":\"https:\/\/dev.jazzywalls.com\/wp-content\/uploads\/2024\/12\/St-Johannes-Chapel-3.jpg\",\"datePublished\":\"2024-12-11T15:37:27+00:00\",\"dateModified\":\"2025-05-28T00:25:54+00:00\",\"breadcrumb\":{\"@id\":\"https:\/\/dev.jazzywalls.com\/sv\/produkt\/st-johannes-kapell\/#breadcrumb\"},\"inLanguage\":\"sv-SE\",\"potentialAction\":[{\"@type\":\"ReadAction\",\"target\":[\"https:\/\/dev.jazzywalls.com\/sv\/produkt\/st-johannes-kapell\/\"]}]},{\"@type\":\"ImageObject\",\"inLanguage\":\"sv-SE\",\"@id\":\"https:\/\/dev.jazzywalls.com\/sv\/produkt\/st-johannes-kapell\/#primaryimage\",\"url\":\"https:\/\/dev.jazzywalls.com\/wp-content\/uploads\/2024\/12\/St-Johannes-Chapel-3.jpg\",\"contentUrl\":\"https:\/\/dev.jazzywalls.com\/wp-content\/uploads\/2024\/12\/St-Johannes-Chapel-3.jpg\",\"width\":560,\"height\":784,\"caption\":\"Holmstr\u00f6m - S:t Johannes Chapel\"},{\"@type\":\"BreadcrumbList\",\"@id\":\"https:\/\/dev.jazzywalls.com\/sv\/produkt\/st-johannes-kapell\/#breadcrumb\",\"itemListElement\":[{\"@type\":\"ListItem\",\"position\":1,\"name\":\"Home\",\"item\":\"https:\/\/dev.jazzywalls.com\/sv\/\"},{\"@type\":\"ListItem\",\"position\":2,\"name\":\"Art Prints fr\u00e5n v\u00e5ra kreat\u00f6rer\",\"item\":\"https:\/\/dev.jazzywalls.com\/sv\/shop\/\"},{\"@type\":\"ListItem\",\"position\":3,\"name\":\"S:t Johannes Kapell\"}]},{\"@type\":\"WebSite\",\"@id\":\"https:\/\/dev.jazzywalls.com\/sv\/#website\",\"url\":\"https:\/\/dev.jazzywalls.com\/sv\/\",\"name\":\"Jazzy Walls Sthlm\",\"description\":\"Art &amp; Decor\",\"publisher\":{\"@id\":\"https:\/\/dev.jazzywalls.com\/sv\/#organization\"},\"alternateName\":\"Jazzy Walls\",\"potentialAction\":[{\"@type\":\"SearchAction\",\"target\":{\"@type\":\"EntryPoint\",\"urlTemplate\":\"https:\/\/dev.jazzywalls.com\/sv\/?s={search_term_string}\"},\"query-input\":{\"@type\":\"PropertyValueSpecification\",\"valueRequired\":true,\"valueName\":\"search_term_string\"}}],\"inLanguage\":\"sv-SE\"},{\"@type\":\"Organization\",\"@id\":\"https:\/\/dev.jazzywalls.com\/sv\/#organization\",\"name\":\"Jazzy Walls Sthlm\",\"alternateName\":\"Jazzy Walls\",\"url\":\"https:\/\/dev.jazzywalls.com\/sv\/\",\"logo\":{\"@type\":\"ImageObject\",\"inLanguage\":\"sv-SE\",\"@id\":\"https:\/\/dev.jazzywalls.com\/sv\/#\/schema\/logo\/image\/\",\"url\":\"https:\/\/dev.jazzywalls.com\/wp-content\/uploads\/2024\/10\/JazzyWalls-logo-lilac.png\",\"contentUrl\":\"https:\/\/dev.jazzywalls.com\/wp-content\/uploads\/2024\/10\/JazzyWalls-logo-lilac.png\",\"width\":656,\"height\":740,\"caption\":\"Jazzy Walls Sthlm\"},\"image\":{\"@id\":\"https:\/\/dev.jazzywalls.com\/sv\/#\/schema\/logo\/image\/\"},\"sameAs\":[\"https:\/\/www.facebook.com\/jazzywallssthlm\",\"https:\/\/www.instagram.com\/jazzywalls\"]}]}<\/script>\n<!-- \/ Yoast SEO plugin. -->","yoast_head_json":{"title":"S:t Johannes Kapell - Jazzy Walls Sthlm","robots":{"index":"index","follow":"follow","max-snippet":"max-snippet:-1","max-image-preview":"max-image-preview:large","max-video-preview":"max-video-preview:-1"},"canonical":"https:\/\/dev.jazzywalls.com\/sv\/produkt\/st-johannes-kapell\/","og_locale":"sv_SE","og_type":"article","og_title":"S:t Johannes Kapell - Jazzy Walls Sthlm","og_description":"S:t Johannes Kapell, S\u00f6dra \u00d6land.","og_url":"https:\/\/dev.jazzywalls.com\/sv\/produkt\/st-johannes-kapell\/","og_site_name":"Jazzy Walls Sthlm","article_publisher":"https:\/\/www.facebook.com\/jazzywallssthlm","article_modified_time":"2025-05-28T00:25:54+00:00","og_image":[{"width":560,"height":784,"url":"https:\/\/dev.jazzywalls.com\/wp-content\/uploads\/2024\/12\/St-Johannes-Chapel-3.jpg","type":"image\/jpeg"}],"twitter_card":"summary_large_image","schema":{"@context":"https:\/\/schema.org","@graph":[{"@type":"WebPage","@id":"https:\/\/dev.jazzywalls.com\/sv\/produkt\/st-johannes-kapell\/","url":"https:\/\/dev.jazzywalls.com\/sv\/produkt\/st-johannes-kapell\/","name":"S:t Johannes Kapell - Jazzy Walls Sthlm","isPartOf":{"@id":"https:\/\/dev.jazzywalls.com\/sv\/#website"},"primaryImageOfPage":{"@id":"https:\/\/dev.jazzywalls.com\/sv\/produkt\/st-johannes-kapell\/#primaryimage"},"image":{"@id":"https:\/\/dev.jazzywalls.com\/sv\/produkt\/st-johannes-kapell\/#primaryimage"},"thumbnailUrl":"https:\/\/dev.jazzywalls.com\/wp-content\/uploads\/2024\/12\/St-Johannes-Chapel-3.jpg","datePublished":"2024-12-11T15:37:27+00:00","dateModified":"2025-05-28T00:25:54+00:00","breadcrumb":{"@id":"https:\/\/dev.jazzywalls.com\/sv\/produkt\/st-johannes-kapell\/#breadcrumb"},"inLanguage":"sv-SE","potentialAction":[{"@type":"ReadAction","target":["https:\/\/dev.jazzywalls.com\/sv\/produkt\/st-johannes-kapell\/"]}]},{"@type":"ImageObject","inLanguage":"sv-SE","@id":"https:\/\/dev.jazzywalls.com\/sv\/produkt\/st-johannes-kapell\/#primaryimage","url":"https:\/\/dev.jazzywalls.com\/wp-content\/uploads\/2024\/12\/St-Johannes-Chapel-3.jpg","contentUrl":"https:\/\/dev.jazzywalls.com\/wp-content\/uploads\/2024\/12\/St-Johannes-Chapel-3.jpg","width":560,"height":784,"caption":"Holmstr\u00f6m - S:t Johannes Chapel"},{"@type":"BreadcrumbList","@id":"https:\/\/dev.jazzywalls.com\/sv\/produkt\/st-johannes-kapell\/#breadcrumb","itemListElement":[{"@type":"ListItem","position":1,"name":"Home","item":"https:\/\/dev.jazzywalls.com\/sv\/"},{"@type":"ListItem","position":2,"name":"Art Prints fr\u00e5n v\u00e5ra kreat\u00f6rer","item":"https:\/\/dev.jazzywalls.com\/sv\/shop\/"},{"@type":"ListItem","position":3,"name":"S:t Johannes Kapell"}]},{"@type":"WebSite","@id":"https:\/\/dev.jazzywalls.com\/sv\/#website","url":"https:\/\/dev.jazzywalls.com\/sv\/","name":"Jazzy Walls Sthlm","description":"Art &amp; Decor","publisher":{"@id":"https:\/\/dev.jazzywalls.com\/sv\/#organization"},"alternateName":"Jazzy Walls","potentialAction":[{"@type":"SearchAction","target":{"@type":"EntryPoint","urlTemplate":"https:\/\/dev.jazzywalls.com\/sv\/?s={search_term_string}"},"query-input":{"@type":"PropertyValueSpecification","valueRequired":true,"valueName":"search_term_string"}}],"inLanguage":"sv-SE"},{"@type":"Organization","@id":"https:\/\/dev.jazzywalls.com\/sv\/#organization","name":"Jazzy Walls Sthlm","alternateName":"Jazzy Walls","url":"https:\/\/dev.jazzywalls.com\/sv\/","logo":{"@type":"ImageObject","inLanguage":"sv-SE","@id":"https:\/\/dev.jazzywalls.com\/sv\/#\/schema\/logo\/image\/","url":"https:\/\/dev.jazzywalls.com\/wp-content\/uploads\/2024\/10\/JazzyWalls-logo-lilac.png","contentUrl":"https:\/\/dev.jazzywalls.com\/wp-content\/uploads\/2024\/10\/JazzyWalls-logo-lilac.png","width":656,"height":740,"caption":"Jazzy Walls Sthlm"},"image":{"@id":"https:\/\/dev.jazzywalls.com\/sv\/#\/schema\/logo\/image\/"},"sameAs":["https:\/\/www.facebook.com\/jazzywallssthlm","https:\/\/www.instagram.com\/jazzywalls"]}]}},"_links":{"self":[{"href":"https:\/\/dev.jazzywalls.com\/sv\/wp-json\/wp\/v2\/product\/5638","targetHints":{"allow":["GET"]}}],"collection":[{"href":"https:\/\/dev.jazzywalls.com\/sv\/wp-json\/wp\/v2\/product"}],"about":[{"href":"https:\/\/dev.jazzywalls.com\/sv\/wp-json\/wp\/v2\/types\/product"}],"replies":[{"embeddable":true,"href":"https:\/\/dev.jazzywalls.com\/sv\/wp-json\/wp\/v2\/comments?post=5638"}],"wp:featuredmedia":[{"embeddable":true,"href":"https:\/\/dev.jazzywalls.com\/sv\/wp-json\/wp\/v2\/media\/7100"}],"wp:attachment":[{"href":"https:\/\/dev.jazzywalls.com\/sv\/wp-json\/wp\/v2\/media?parent=5638"}],"wp:term":[{"taxonomy":"product_brand","embeddable":true,"href":"https:\/\/dev.jazzywalls.com\/sv\/wp-json\/wp\/v2\/product_brand?post=5638"},{"taxonomy":"product_cat","embeddable":true,"href":"https:\/\/dev.jazzywalls.com\/sv\/wp-json\/wp\/v2\/product_cat?post=5638"},{"taxonomy":"product_tag","embeddable":true,"href":"https:\/\/dev.jazzywalls.com\/sv\/wp-json\/wp\/v2\/product_tag?post=5638"},{"taxonomy":"orientation","embeddable":true,"href":"https:\/\/dev.jazzywalls.com\/sv\/wp-json\/wp\/v2\/orientation?post=5638"},{"taxonomy":"artist","embeddable":true,"href":"https:\/\/dev.jazzywalls.com\/sv\/wp-json\/wp\/v2\/artist?post=5638"},{"taxonomy":"pricegroup","embeddable":true,"href":"https:\/\/dev.jazzywalls.com\/sv\/wp-json\/wp\/v2\/pricegroup?post=5638"},{"taxonomy":"featured","embeddable":true,"href":"https:\/\/dev.jazzywalls.com\/sv\/wp-json\/wp\/v2\/featured?post=5638"},{"taxonomy":"jazzy-theme","embeddable":true,"href":"https:\/\/dev.jazzywalls.com\/sv\/wp-json\/wp\/v2\/jazzy-theme?post=5638"}],"curies":[{"name":"wp","href":"https:\/\/api.w.org\/{rel}","templated":true}]}}