




{"id":9423,"date":"2025-01-25T12:06:14","date_gmt":"2025-01-25T11:06:14","guid":{"rendered":"https:\/\/dev.jazzywalls.com\/?post_type=product&#038;p=9423"},"modified":"2025-05-28T01:38:03","modified_gmt":"2025-05-28T00:38:03","slug":"ginger","status":"publish","type":"product","link":"https:\/\/dev.jazzywalls.com\/sv\/produkt\/ginger\/","title":{"rendered":"Ginger"},"content":{"rendered":"<p>Art print i gallerikvalitet tryckt p\u00e5 matt fine art-papper f\u00f6r b\u00e4sta f\u00e4rg\u00e5tergivning.<\/p>\n","protected":false},"excerpt":{"rendered":"<p>Art print i gallerikvalitet tryckt p\u00e5 matt fine art-papper f\u00f6r b\u00e4sta f\u00e4rg\u00e5tergivning.<\/p>\n","protected":false},"featured_media":9429,"comment_status":"open","ping_status":"closed","template":"","meta":{"_acf_changed":false},"product_brand":[],"product_cat":[139,353,191,158],"product_tag":[483,484,497,505],"orientation":[135],"artist":[312],"pricegroup":[274],"featured":[],"jazzy-theme":[690],"class_list":{"0":"et-listing-style4","1":"post-9423","2":"product","3":"type-product","4":"status-publish","5":"has-post-thumbnail","7":"product_cat-alla-Artprints","8":"product_cat-akryl","9":"product_cat-malningar","10":"product_cat-skapat-av-manniskor","11":"product_tag-ginger-sv","12":"product_tag-flickor","13":"product_tag-rodharig","14":"product_tag-morotsrod","15":"pa_color-beige","16":"pa_color-red","17":"pa_color-pink","18":"pa_color-blue","19":"pa_color-green","20":"pa_size-21-x-30-cm","21":"pa_size-70x100-cm","22":"pa_size-100x140-cm","23":"pa_size-30-x-40-cm","24":"pa_size-50-x-70-cm","25":"orientation-portrait","26":"artist-per-stenberg","27":"pricegroup-prisgrupp-c","28":"jazzy-theme-tjejerna","30":"first","31":"instock","32":"taxable","33":"shipping-taxable","34":"purchasable","35":"product-type-variable","36":"has-default-attributes"},"acf":[],"yoast_head":"<!-- This site is optimized with the Yoast SEO plugin v27.2 - https:\/\/yoast.com\/product\/yoast-seo-wordpress\/ -->\n<title>Ginger - Jazzy Walls Sthlm<\/title>\n<meta name=\"robots\" content=\"index, follow, max-snippet:-1, max-image-preview:large, max-video-preview:-1\" \/>\n<link rel=\"canonical\" href=\"https:\/\/dev.jazzywalls.com\/sv\/produkt\/ginger\/\" \/>\n<meta property=\"og:locale\" content=\"sv_SE\" \/>\n<meta property=\"og:type\" content=\"article\" \/>\n<meta property=\"og:title\" content=\"Ginger - Jazzy Walls Sthlm\" \/>\n<meta property=\"og:description\" content=\"Art print i gallerikvalitet tryckt p\u00e5 matt fine art-papper f\u00f6r b\u00e4sta f\u00e4rg\u00e5tergivning.\" \/>\n<meta property=\"og:url\" content=\"https:\/\/dev.jazzywalls.com\/sv\/produkt\/ginger\/\" \/>\n<meta property=\"og:site_name\" content=\"Jazzy Walls Sthlm\" \/>\n<meta property=\"article:publisher\" content=\"https:\/\/www.facebook.com\/jazzywallssthlm\" \/>\n<meta property=\"article:modified_time\" content=\"2025-05-28T00:38:03+00:00\" \/>\n<meta property=\"og:image\" content=\"https:\/\/dev.jazzywalls.com\/wp-content\/uploads\/2025\/01\/PerStenberg-Ginger.jpg\" \/>\n\t<meta property=\"og:image:width\" content=\"560\" \/>\n\t<meta property=\"og:image:height\" content=\"784\" \/>\n\t<meta property=\"og:image:type\" content=\"image\/jpeg\" \/>\n<meta name=\"twitter:card\" content=\"summary_large_image\" \/>\n<script type=\"application\/ld+json\" class=\"yoast-schema-graph\">{\"@context\":\"https:\/\/schema.org\",\"@graph\":[{\"@type\":\"WebPage\",\"@id\":\"https:\/\/dev.jazzywalls.com\/sv\/produkt\/ginger\/\",\"url\":\"https:\/\/dev.jazzywalls.com\/sv\/produkt\/ginger\/\",\"name\":\"Ginger - Jazzy Walls Sthlm\",\"isPartOf\":{\"@id\":\"https:\/\/dev.jazzywalls.com\/sv\/#website\"},\"primaryImageOfPage\":{\"@id\":\"https:\/\/dev.jazzywalls.com\/sv\/produkt\/ginger\/#primaryimage\"},\"image\":{\"@id\":\"https:\/\/dev.jazzywalls.com\/sv\/produkt\/ginger\/#primaryimage\"},\"thumbnailUrl\":\"https:\/\/dev.jazzywalls.com\/wp-content\/uploads\/2025\/01\/PerStenberg-Ginger.jpg\",\"datePublished\":\"2025-01-25T11:06:14+00:00\",\"dateModified\":\"2025-05-28T00:38:03+00:00\",\"breadcrumb\":{\"@id\":\"https:\/\/dev.jazzywalls.com\/sv\/produkt\/ginger\/#breadcrumb\"},\"inLanguage\":\"sv-SE\",\"potentialAction\":[{\"@type\":\"ReadAction\",\"target\":[\"https:\/\/dev.jazzywalls.com\/sv\/produkt\/ginger\/\"]}]},{\"@type\":\"ImageObject\",\"inLanguage\":\"sv-SE\",\"@id\":\"https:\/\/dev.jazzywalls.com\/sv\/produkt\/ginger\/#primaryimage\",\"url\":\"https:\/\/dev.jazzywalls.com\/wp-content\/uploads\/2025\/01\/PerStenberg-Ginger.jpg\",\"contentUrl\":\"https:\/\/dev.jazzywalls.com\/wp-content\/uploads\/2025\/01\/PerStenberg-Ginger.jpg\",\"width\":560,\"height\":784,\"caption\":\"PerStenberg - Ginger\"},{\"@type\":\"BreadcrumbList\",\"@id\":\"https:\/\/dev.jazzywalls.com\/sv\/produkt\/ginger\/#breadcrumb\",\"itemListElement\":[{\"@type\":\"ListItem\",\"position\":1,\"name\":\"Home\",\"item\":\"https:\/\/dev.jazzywalls.com\/sv\/\"},{\"@type\":\"ListItem\",\"position\":2,\"name\":\"Art Prints fr\u00e5n v\u00e5ra kreat\u00f6rer\",\"item\":\"https:\/\/dev.jazzywalls.com\/sv\/shop\/\"},{\"@type\":\"ListItem\",\"position\":3,\"name\":\"Ginger\"}]},{\"@type\":\"WebSite\",\"@id\":\"https:\/\/dev.jazzywalls.com\/sv\/#website\",\"url\":\"https:\/\/dev.jazzywalls.com\/sv\/\",\"name\":\"Jazzy Walls Sthlm\",\"description\":\"Art &amp; Decor\",\"publisher\":{\"@id\":\"https:\/\/dev.jazzywalls.com\/sv\/#organization\"},\"alternateName\":\"Jazzy Walls\",\"potentialAction\":[{\"@type\":\"SearchAction\",\"target\":{\"@type\":\"EntryPoint\",\"urlTemplate\":\"https:\/\/dev.jazzywalls.com\/sv\/?s={search_term_string}\"},\"query-input\":{\"@type\":\"PropertyValueSpecification\",\"valueRequired\":true,\"valueName\":\"search_term_string\"}}],\"inLanguage\":\"sv-SE\"},{\"@type\":\"Organization\",\"@id\":\"https:\/\/dev.jazzywalls.com\/sv\/#organization\",\"name\":\"Jazzy Walls Sthlm\",\"alternateName\":\"Jazzy Walls\",\"url\":\"https:\/\/dev.jazzywalls.com\/sv\/\",\"logo\":{\"@type\":\"ImageObject\",\"inLanguage\":\"sv-SE\",\"@id\":\"https:\/\/dev.jazzywalls.com\/sv\/#\/schema\/logo\/image\/\",\"url\":\"https:\/\/dev.jazzywalls.com\/wp-content\/uploads\/2024\/10\/JazzyWalls-logo-lilac.png\",\"contentUrl\":\"https:\/\/dev.jazzywalls.com\/wp-content\/uploads\/2024\/10\/JazzyWalls-logo-lilac.png\",\"width\":656,\"height\":740,\"caption\":\"Jazzy Walls Sthlm\"},\"image\":{\"@id\":\"https:\/\/dev.jazzywalls.com\/sv\/#\/schema\/logo\/image\/\"},\"sameAs\":[\"https:\/\/www.facebook.com\/jazzywallssthlm\",\"https:\/\/www.instagram.com\/jazzywalls\"]}]}<\/script>\n<!-- \/ Yoast SEO plugin. -->","yoast_head_json":{"title":"Ginger - Jazzy Walls Sthlm","robots":{"index":"index","follow":"follow","max-snippet":"max-snippet:-1","max-image-preview":"max-image-preview:large","max-video-preview":"max-video-preview:-1"},"canonical":"https:\/\/dev.jazzywalls.com\/sv\/produkt\/ginger\/","og_locale":"sv_SE","og_type":"article","og_title":"Ginger - Jazzy Walls Sthlm","og_description":"Art print i gallerikvalitet tryckt p\u00e5 matt fine art-papper f\u00f6r b\u00e4sta f\u00e4rg\u00e5tergivning.","og_url":"https:\/\/dev.jazzywalls.com\/sv\/produkt\/ginger\/","og_site_name":"Jazzy Walls Sthlm","article_publisher":"https:\/\/www.facebook.com\/jazzywallssthlm","article_modified_time":"2025-05-28T00:38:03+00:00","og_image":[{"width":560,"height":784,"url":"https:\/\/dev.jazzywalls.com\/wp-content\/uploads\/2025\/01\/PerStenberg-Ginger.jpg","type":"image\/jpeg"}],"twitter_card":"summary_large_image","schema":{"@context":"https:\/\/schema.org","@graph":[{"@type":"WebPage","@id":"https:\/\/dev.jazzywalls.com\/sv\/produkt\/ginger\/","url":"https:\/\/dev.jazzywalls.com\/sv\/produkt\/ginger\/","name":"Ginger - Jazzy Walls Sthlm","isPartOf":{"@id":"https:\/\/dev.jazzywalls.com\/sv\/#website"},"primaryImageOfPage":{"@id":"https:\/\/dev.jazzywalls.com\/sv\/produkt\/ginger\/#primaryimage"},"image":{"@id":"https:\/\/dev.jazzywalls.com\/sv\/produkt\/ginger\/#primaryimage"},"thumbnailUrl":"https:\/\/dev.jazzywalls.com\/wp-content\/uploads\/2025\/01\/PerStenberg-Ginger.jpg","datePublished":"2025-01-25T11:06:14+00:00","dateModified":"2025-05-28T00:38:03+00:00","breadcrumb":{"@id":"https:\/\/dev.jazzywalls.com\/sv\/produkt\/ginger\/#breadcrumb"},"inLanguage":"sv-SE","potentialAction":[{"@type":"ReadAction","target":["https:\/\/dev.jazzywalls.com\/sv\/produkt\/ginger\/"]}]},{"@type":"ImageObject","inLanguage":"sv-SE","@id":"https:\/\/dev.jazzywalls.com\/sv\/produkt\/ginger\/#primaryimage","url":"https:\/\/dev.jazzywalls.com\/wp-content\/uploads\/2025\/01\/PerStenberg-Ginger.jpg","contentUrl":"https:\/\/dev.jazzywalls.com\/wp-content\/uploads\/2025\/01\/PerStenberg-Ginger.jpg","width":560,"height":784,"caption":"PerStenberg - Ginger"},{"@type":"BreadcrumbList","@id":"https:\/\/dev.jazzywalls.com\/sv\/produkt\/ginger\/#breadcrumb","itemListElement":[{"@type":"ListItem","position":1,"name":"Home","item":"https:\/\/dev.jazzywalls.com\/sv\/"},{"@type":"ListItem","position":2,"name":"Art Prints fr\u00e5n v\u00e5ra kreat\u00f6rer","item":"https:\/\/dev.jazzywalls.com\/sv\/shop\/"},{"@type":"ListItem","position":3,"name":"Ginger"}]},{"@type":"WebSite","@id":"https:\/\/dev.jazzywalls.com\/sv\/#website","url":"https:\/\/dev.jazzywalls.com\/sv\/","name":"Jazzy Walls Sthlm","description":"Art &amp; Decor","publisher":{"@id":"https:\/\/dev.jazzywalls.com\/sv\/#organization"},"alternateName":"Jazzy Walls","potentialAction":[{"@type":"SearchAction","target":{"@type":"EntryPoint","urlTemplate":"https:\/\/dev.jazzywalls.com\/sv\/?s={search_term_string}"},"query-input":{"@type":"PropertyValueSpecification","valueRequired":true,"valueName":"search_term_string"}}],"inLanguage":"sv-SE"},{"@type":"Organization","@id":"https:\/\/dev.jazzywalls.com\/sv\/#organization","name":"Jazzy Walls Sthlm","alternateName":"Jazzy Walls","url":"https:\/\/dev.jazzywalls.com\/sv\/","logo":{"@type":"ImageObject","inLanguage":"sv-SE","@id":"https:\/\/dev.jazzywalls.com\/sv\/#\/schema\/logo\/image\/","url":"https:\/\/dev.jazzywalls.com\/wp-content\/uploads\/2024\/10\/JazzyWalls-logo-lilac.png","contentUrl":"https:\/\/dev.jazzywalls.com\/wp-content\/uploads\/2024\/10\/JazzyWalls-logo-lilac.png","width":656,"height":740,"caption":"Jazzy Walls Sthlm"},"image":{"@id":"https:\/\/dev.jazzywalls.com\/sv\/#\/schema\/logo\/image\/"},"sameAs":["https:\/\/www.facebook.com\/jazzywallssthlm","https:\/\/www.instagram.com\/jazzywalls"]}]}},"_links":{"self":[{"href":"https:\/\/dev.jazzywalls.com\/sv\/wp-json\/wp\/v2\/product\/9423","targetHints":{"allow":["GET"]}}],"collection":[{"href":"https:\/\/dev.jazzywalls.com\/sv\/wp-json\/wp\/v2\/product"}],"about":[{"href":"https:\/\/dev.jazzywalls.com\/sv\/wp-json\/wp\/v2\/types\/product"}],"replies":[{"embeddable":true,"href":"https:\/\/dev.jazzywalls.com\/sv\/wp-json\/wp\/v2\/comments?post=9423"}],"wp:featuredmedia":[{"embeddable":true,"href":"https:\/\/dev.jazzywalls.com\/sv\/wp-json\/wp\/v2\/media\/9429"}],"wp:attachment":[{"href":"https:\/\/dev.jazzywalls.com\/sv\/wp-json\/wp\/v2\/media?parent=9423"}],"wp:term":[{"taxonomy":"product_brand","embeddable":true,"href":"https:\/\/dev.jazzywalls.com\/sv\/wp-json\/wp\/v2\/product_brand?post=9423"},{"taxonomy":"product_cat","embeddable":true,"href":"https:\/\/dev.jazzywalls.com\/sv\/wp-json\/wp\/v2\/product_cat?post=9423"},{"taxonomy":"product_tag","embeddable":true,"href":"https:\/\/dev.jazzywalls.com\/sv\/wp-json\/wp\/v2\/product_tag?post=9423"},{"taxonomy":"orientation","embeddable":true,"href":"https:\/\/dev.jazzywalls.com\/sv\/wp-json\/wp\/v2\/orientation?post=9423"},{"taxonomy":"artist","embeddable":true,"href":"https:\/\/dev.jazzywalls.com\/sv\/wp-json\/wp\/v2\/artist?post=9423"},{"taxonomy":"pricegroup","embeddable":true,"href":"https:\/\/dev.jazzywalls.com\/sv\/wp-json\/wp\/v2\/pricegroup?post=9423"},{"taxonomy":"featured","embeddable":true,"href":"https:\/\/dev.jazzywalls.com\/sv\/wp-json\/wp\/v2\/featured?post=9423"},{"taxonomy":"jazzy-theme","embeddable":true,"href":"https:\/\/dev.jazzywalls.com\/sv\/wp-json\/wp\/v2\/jazzy-theme?post=9423"}],"curies":[{"name":"wp","href":"https:\/\/api.w.org\/{rel}","templated":true}]}}